{"id":11146,"date":"2025-06-04T10:35:41","date_gmt":"2025-06-04T10:35:41","guid":{"rendered":"https:\/\/dirigocoating.pl\/news\/"},"modified":"2025-08-06T11:53:24","modified_gmt":"2025-08-06T11:53:24","slug":"news","status":"publish","type":"page","link":"https:\/\/dirigocoating.pl\/en\/news\/","title":{"rendered":"News"},"content":{"rendered":"\t\t<div data-elementor-type=\"wp-page\" data-elementor-id=\"11146\" class=\"elementor elementor-11146 elementor-6274\">\n\t\t\t\t<div class=\"elementor-element elementor-element-69c6eef e-flex e-con-boxed e-con e-parent\" data-id=\"69c6eef\" data-element_type=\"container\" data-e-type=\"container\">\n\t\t\t\t\t<div class=\"e-con-inner\">\n\t\t\t\t<div class=\"elementor-element elementor-element-f9c1910 elementor-widget elementor-widget-wgl-blog\" data-id=\"f9c1910\" data-element_type=\"widget\" data-e-type=\"widget\" data-settings=\"{&quot;blog_columns&quot;:&quot;4&quot;}\" data-widget_type=\"wgl-blog.default\">\n\t\t\t\t<div class=\"elementor-widget-container\">\n\t\t\t\t\t<section class=\"wgl_cpt_section\"><div class=\"blog-posts\"><div class=\"container-grid row blog_columns-3 masonry blog-style-standard\">    <div class=\"item wgl_col-4\">\r\n    <div class=\"blog-post format-standard-image\">\r\n    <div class=\"blog-post_wrapper\"><div class=\"blog-post_media\"><div class=\"blog-post_media_part\"><a href=\"https:\/\/dirigocoating.pl\/en\/participation-in-the-marine-innovation-conference\/\" class=\"media-link image-overlay\"><img decoding=\"async\" src=\"https:\/\/dirigocoating.pl\/wp-content\/uploads\/2025\/09\/marine-innovation-2025-1170x700.png\" alt=\"marine innovation 2025\"><\/a><\/div><\/div>    <div class=\"blog-post_content\"><span class=\"post_categories\"><span><a  href=\"https:\/\/dirigocoating.pl\/en\/category-tax\/news\/\" >News<\/a><\/span><\/span><div class=\"post_meta-wrap\"><div class=\"meta-data\"><span class=\"post_date\">\r\n                        September 9, 2025                        <\/span><\/div><\/div><h3 class=\"blog-post_title\"><a href=\"https:\/\/dirigocoating.pl\/en\/participation-in-the-marine-innovation-conference\/\">Participation in the Marine Innovation Conference<\/a><\/h3><div class=\"blog-post_text\">Soon we will meet at Marine Innovation \u2013 a unique industry event accompanying the Poland Boat Show...<\/div><div class=\"clear\"><\/div><div class=\"blog-post_footer\">            <div class=\"read-more-wrap\">\r\n                <a href=\"https:\/\/dirigocoating.pl\/en\/participation-in-the-marine-innovation-conference\/\" class=\"button-read-more\">\r\n                <span>More...<\/span>\r\n                <\/a>\r\n            <\/div>    <\/div>\r\n    <\/div>\r\n    <\/div>\r\n    <\/div>\r\n    <\/div>    <div class=\"item wgl_col-4\">\r\n    <div class=\"blog-post format-standard-image\">\r\n    <div class=\"blog-post_wrapper\"><div class=\"blog-post_media\"><div class=\"blog-post_media_part\"><a href=\"https:\/\/dirigocoating.pl\/en\/positive-result-of-the-annual-iso-audit\/\" class=\"media-link image-overlay\"><img decoding=\"async\" src=\"https:\/\/dirigocoating.pl\/wp-content\/uploads\/2025\/08\/Pozytywny-wynik-audytu-1170x700.png\" alt=\"Pozytywny wynik audytu\"><\/a><\/div><\/div>    <div class=\"blog-post_content\"><span class=\"post_categories\"><span><a  href=\"https:\/\/dirigocoating.pl\/en\/category-tax\/news\/\" >News<\/a><\/span><\/span><div class=\"post_meta-wrap\"><div class=\"meta-data\"><span class=\"post_date\">\r\n                        August 14, 2025                        <\/span><\/div><\/div><h3 class=\"blog-post_title\"><a href=\"https:\/\/dirigocoating.pl\/en\/positive-result-of-the-annual-iso-audit\/\">Positive Result of the Annual ISO Audit<\/a><\/h3><div class=\"blog-post_text\">Summary of the audit resultsWe are pleased to announce that the recently completed audit has...<\/div><div class=\"clear\"><\/div><div class=\"blog-post_footer\">            <div class=\"read-more-wrap\">\r\n                <a href=\"https:\/\/dirigocoating.pl\/en\/positive-result-of-the-annual-iso-audit\/\" class=\"button-read-more\">\r\n                <span>More...<\/span>\r\n                <\/a>\r\n            <\/div>    <\/div>\r\n    <\/div>\r\n    <\/div>\r\n    <\/div>\r\n    <\/div>    <div class=\"item wgl_col-4\">\r\n    <div class=\"blog-post format-standard-image\">\r\n    <div class=\"blog-post_wrapper\"><div class=\"blog-post_media\"><div class=\"blog-post_media_part\"><a href=\"https:\/\/dirigocoating.pl\/en\/training-27-29-05-waterborne-railway-coating-systems\/\" class=\"media-link image-overlay\"><img decoding=\"async\" src=\"https:\/\/dirigocoating.pl\/wp-content\/uploads\/2025\/06\/polboat-13-1170x700.png\" alt=\"polboat (13)\"><\/a><\/div><\/div>    <div class=\"blog-post_content\"><span class=\"post_categories\"><span><a  href=\"https:\/\/dirigocoating.pl\/en\/category-tax\/news\/\" >News<\/a><\/span><\/span><div class=\"post_meta-wrap\"><div class=\"meta-data\"><span class=\"post_date\">\r\n                        June 2, 2025                        <\/span><\/div><\/div><h3 class=\"blog-post_title\"><a href=\"https:\/\/dirigocoating.pl\/en\/training-27-29-05-waterborne-railway-coating-systems\/\">Training 27\u201329.05 \u2013 Waterborne Railway Coating Systems<\/a><\/h3><div class=\"blog-post_text\">From May 27 to 29, 2025, at the Axalta training center, our technicians conducted a specialized...<\/div><div class=\"clear\"><\/div><div class=\"blog-post_footer\">            <div class=\"read-more-wrap\">\r\n                <a href=\"https:\/\/dirigocoating.pl\/en\/training-27-29-05-waterborne-railway-coating-systems\/\" class=\"button-read-more\">\r\n                <span>More...<\/span>\r\n                <\/a>\r\n            <\/div>    <\/div>\r\n    <\/div>\r\n    <\/div>\r\n    <\/div>\r\n    <\/div>    <div class=\"item wgl_col-4\">\r\n    <div class=\"blog-post format-standard-image\">\r\n    <div class=\"blog-post_wrapper\"><div class=\"blog-post_media\"><div class=\"blog-post_media_part\"><a href=\"https:\/\/dirigocoating.pl\/en\/general-assembly-of-polboat\/\" class=\"media-link image-overlay\"><img decoding=\"async\" src=\"https:\/\/dirigocoating.pl\/wp-content\/uploads\/2025\/05\/polboat-12-1170x700.png\" alt=\"polboat (12)\"><\/a><\/div><\/div>    <div class=\"blog-post_content\"><span class=\"post_categories\"><span><a  href=\"https:\/\/dirigocoating.pl\/en\/category-tax\/news\/\" >News<\/a><\/span><\/span><div class=\"post_meta-wrap\"><div class=\"meta-data\"><span class=\"post_date\">\r\n                        May 30, 2025                        <\/span><\/div><\/div><h3 class=\"blog-post_title\"><a href=\"https:\/\/dirigocoating.pl\/en\/general-assembly-of-polboat\/\">General Assembly of POLBOAT<\/a><\/h3><div class=\"blog-post_text\">As every year, the General Assembly of the Polish Chamber of Yacht Industry and Water Sports \u2013...<\/div><div class=\"clear\"><\/div><div class=\"blog-post_footer\">            <div class=\"read-more-wrap\">\r\n                <a href=\"https:\/\/dirigocoating.pl\/en\/general-assembly-of-polboat\/\" class=\"button-read-more\">\r\n                <span>More...<\/span>\r\n                <\/a>\r\n            <\/div>    <\/div>\r\n    <\/div>\r\n    <\/div>\r\n    <\/div>\r\n    <\/div>    <div class=\"item wgl_col-4\">\r\n    <div class=\"blog-post format-standard-image\">\r\n    <div class=\"blog-post_wrapper\"><div class=\"blog-post_media\"><div class=\"blog-post_media_part\"><a href=\"https:\/\/dirigocoating.pl\/en\/3rd-symposium-on-motorboat-technology\/\" class=\"media-link image-overlay\"><img decoding=\"async\" src=\"https:\/\/dirigocoating.pl\/wp-content\/uploads\/2025\/06\/502620150_1109597024527299_7953793175271856926_n-1170x700.jpg\" alt=\"502620150_1109597024527299_7953793175271856926_n\"><\/a><\/div><\/div>    <div class=\"blog-post_content\"><span class=\"post_categories\"><span><a  href=\"https:\/\/dirigocoating.pl\/en\/category-tax\/news\/\" >News<\/a><\/span><\/span><div class=\"post_meta-wrap\"><div class=\"meta-data\"><span class=\"post_date\">\r\n                        May 29, 2025                        <\/span><\/div><\/div><h3 class=\"blog-post_title\"><a href=\"https:\/\/dirigocoating.pl\/en\/3rd-symposium-on-motorboat-technology\/\">3rd Symposium on Motorboat Technology<\/a><\/h3><div class=\"blog-post_text\">On May 23, 2025, we participated in the 3rd Motorboat Technology Symposium at Pozna\u0144 University of...<\/div><div class=\"clear\"><\/div><div class=\"blog-post_footer\">            <div class=\"read-more-wrap\">\r\n                <a href=\"https:\/\/dirigocoating.pl\/en\/3rd-symposium-on-motorboat-technology\/\" class=\"button-read-more\">\r\n                <span>More...<\/span>\r\n                <\/a>\r\n            <\/div>    <\/div>\r\n    <\/div>\r\n    <\/div>\r\n    <\/div>\r\n    <\/div><\/div><\/div><\/section>\t\t\t\t<\/div>\n\t\t\t\t<\/div>\n\t\t\t\t\t<\/div>\n\t\t\t\t<\/div>\n\t\t\t\t<\/div>\n\t\t","protected":false},"excerpt":{"rendered":"<p>Aktualno\u015bci 7 lipca, 2025 Nowe kleje do szyb dla pojazd\u00f3w u\u017cytkowych w naszej ofercie Profesjonalne kleje do szyb pojazd\u00f3w u\u017cytkowych i samochod\u00f3w marki OneBond od Saint-Gobain!W naszej&#8230; More&#8230; Aktualno\u015bci 12 czerwca, 2025 Szkolenie PUT Powertrain w Dirigo W tym tygodniu w Centrum Szkoleniowym naszej firmy mieli\u015bmy przyjemno\u015b\u0107 go\u015bci\u0107 cz\u0142onk\u00f3w Ko\u0142a&#8230; More&#8230; Aktualno\u015bci 2 czerwca, 2025 [&hellip;]<\/p>\n","protected":false},"author":1,"featured_media":0,"parent":0,"menu_order":0,"comment_status":"closed","ping_status":"closed","template":"","meta":{"footnotes":""},"class_list":["post-11146","page","type-page","status-publish","hentry"],"_links":{"self":[{"href":"https:\/\/dirigocoating.pl\/en\/wp-json\/wp\/v2\/pages\/11146"}],"collection":[{"href":"https:\/\/dirigocoating.pl\/en\/wp-json\/wp\/v2\/pages"}],"about":[{"href":"https:\/\/dirigocoating.pl\/en\/wp-json\/wp\/v2\/types\/page"}],"author":[{"embeddable":true,"href":"https:\/\/dirigocoating.pl\/en\/wp-json\/wp\/v2\/users\/1"}],"replies":[{"embeddable":true,"href":"https:\/\/dirigocoating.pl\/en\/wp-json\/wp\/v2\/comments?post=11146"}],"version-history":[{"count":2,"href":"https:\/\/dirigocoating.pl\/en\/wp-json\/wp\/v2\/pages\/11146\/revisions"}],"predecessor-version":[{"id":11149,"href":"https:\/\/dirigocoating.pl\/en\/wp-json\/wp\/v2\/pages\/11146\/revisions\/11149"}],"wp:attachment":[{"href":"https:\/\/dirigocoating.pl\/en\/wp-json\/wp\/v2\/media?parent=11146"}],"curies":[{"name":"wp","href":"https:\/\/api.w.org\/{rel}","templated":true}]}}