{"id":11583,"date":"2025-07-24T10:34:31","date_gmt":"2025-07-24T10:34:31","guid":{"rendered":"https:\/\/dirigocoating.pl\/cleaners\/"},"modified":"2025-08-07T07:01:53","modified_gmt":"2025-08-07T07:01:53","slug":"cleaners","status":"publish","type":"page","link":"https:\/\/dirigocoating.pl\/en\/cleaners\/","title":{"rendered":"Cleaners"},"content":{"rendered":"\t\t<div data-elementor-type=\"wp-page\" data-elementor-id=\"11583\" class=\"elementor elementor-11583 elementor-7879\">\n\t\t\t\t<div class=\"elementor-element elementor-element-bef7abf e-flex e-con-boxed e-con e-parent\" data-id=\"bef7abf\" data-element_type=\"container\" data-e-type=\"container\">\n\t\t\t\t\t<div class=\"e-con-inner\">\n\t\t\t\t<div class=\"elementor-element elementor-element-1ce207f columns-3 columns-tablet-2 columns-mobile-1 elementor-widget elementor-widget-wgl-products-grid\" data-id=\"1ce207f\" data-element_type=\"widget\" data-e-type=\"widget\" data-widget_type=\"wgl-products-grid.default\">\n\t\t\t\t<div class=\"elementor-widget-container\">\n\t\t\t\t\t<section class=\"wgl_cpt_section wgl-products-grid woocommerce\"><div class=\"wgl-woocommerce-sorting\"><\/div><div class=\"wgl-products-catalog wgl-products-wrapper\"><div class=\"wgl-products container-grid fit_rows\"><div class=\"item product type-product post-11226 status-publish first instock product_cat-cleaners has-post-thumbnail shipping-taxable product-type-simple\"><div class=\"woo_product_inner_wrapper\">            <div class=\"woo_product_image shop_media\">\r\n                <div class=\"picture no_effects\">                        <a class=\"woo_post-link\" href=\"https:\/\/dirigocoating.pl\/en\/product\/percotop-cs410-special-cleaner\/\"><img decoding=\"async\" src=\"https:\/\/dirigocoating.pl\/wp-content\/uploads\/2025\/07\/KPM-1-26254-89793-15423_mid_480_0_300_RGB-150x150.jpg\" alt=\"\" \/>                        <\/a>                <\/div>\r\n                <div class=\"wgl_woo_button_wrapper\"><a href=\"https:\/\/dirigocoating.pl\/en\/product\/percotop-cs410-special-cleaner\/\" aria-describedby=\"woocommerce_loop_add_to_cart_link_describedby_11226\" data-quantity=\"1\" class=\"button product_type_simple with-border\" data-product_id=\"11226\" data-product_sku=\"\" aria-label=\"Read more about &ldquo;PercoTop CS410 Special Cleaner&rdquo;\" rel=\"nofollow\" data-success_message=\"\">Read more<\/a>\t<span id=\"woocommerce_loop_add_to_cart_link_describedby_11226\" class=\"screen-reader-text\">\n\t\t\t<\/span>\n<\/div>            <\/div><div class=\"woo_product_content\"><h2 class=\"woocommerce-loop-product__title\"><a href=\"https:\/\/dirigocoating.pl\/en\/product\/percotop-cs410-special-cleaner\/\" class=\"woocommerce-LoopProduct-link woocommerce-loop-product__link\">PercoTop CS410 Special Cleaner<\/a><\/h2>\n<\/div><\/div><\/div><div class=\"item product type-product post-11214 status-publish instock product_cat-cleaners has-post-thumbnail shipping-taxable product-type-simple\"><div class=\"woo_product_inner_wrapper\">            <div class=\"woo_product_image shop_media\">\r\n                <div class=\"picture no_effects\">                        <a class=\"woo_post-link\" href=\"https:\/\/dirigocoating.pl\/en\/product\/percotop-cs440-silicone-remover\/\"><img decoding=\"async\" src=\"https:\/\/dirigocoating.pl\/wp-content\/uploads\/2025\/07\/KPM-1-13347-39542-3627_mid-150x150.jpg\" alt=\"\" \/>                        <\/a>                <\/div>\r\n                <div class=\"wgl_woo_button_wrapper\"><a href=\"https:\/\/dirigocoating.pl\/en\/product\/percotop-cs440-silicone-remover\/\" aria-describedby=\"woocommerce_loop_add_to_cart_link_describedby_11214\" data-quantity=\"1\" class=\"button product_type_simple with-border\" data-product_id=\"11214\" data-product_sku=\"\" aria-label=\"Read more about &ldquo;PercoTop CS440 Silicone Remover&rdquo;\" rel=\"nofollow\" data-success_message=\"\">Read more<\/a>\t<span id=\"woocommerce_loop_add_to_cart_link_describedby_11214\" class=\"screen-reader-text\">\n\t\t\t<\/span>\n<\/div>            <\/div><div class=\"woo_product_content\"><h2 class=\"woocommerce-loop-product__title\"><a href=\"https:\/\/dirigocoating.pl\/en\/product\/percotop-cs440-silicone-remover\/\" class=\"woocommerce-LoopProduct-link woocommerce-loop-product__link\">PercoTop CS440 Silicone Remover<\/a><\/h2>\n<\/div><\/div><\/div><div class=\"item product type-product post-11221 status-publish instock product_cat-cleaners has-post-thumbnail shipping-taxable product-type-simple\"><div class=\"woo_product_inner_wrapper\">            <div class=\"woo_product_image shop_media\">\r\n                <div class=\"picture no_effects\">                        <a class=\"woo_post-link\" href=\"https:\/\/dirigocoating.pl\/en\/product\/percotop-cs400-multicleaner\/\"><img decoding=\"async\" src=\"https:\/\/dirigocoating.pl\/wp-content\/uploads\/2025\/07\/KPM-1-26255-89803-15427_mid_480_0_300_RGB-150x150.jpg\" alt=\"\" \/>                        <\/a>                <\/div>\r\n                <div class=\"wgl_woo_button_wrapper\"><a href=\"https:\/\/dirigocoating.pl\/en\/product\/percotop-cs400-multicleaner\/\" aria-describedby=\"woocommerce_loop_add_to_cart_link_describedby_11221\" data-quantity=\"1\" class=\"button product_type_simple with-border\" data-product_id=\"11221\" data-product_sku=\"\" aria-label=\"Read more about &ldquo;PercoTop CS400 Multicleaner&rdquo;\" rel=\"nofollow\" data-success_message=\"\">Read more<\/a>\t<span id=\"woocommerce_loop_add_to_cart_link_describedby_11221\" class=\"screen-reader-text\">\n\t\t\t<\/span>\n<\/div>            <\/div><div class=\"woo_product_content\"><h2 class=\"woocommerce-loop-product__title\"><a href=\"https:\/\/dirigocoating.pl\/en\/product\/percotop-cs400-multicleaner\/\" class=\"woocommerce-LoopProduct-link woocommerce-loop-product__link\">PercoTop CS400 Multicleaner<\/a><\/h2>\n<\/div><\/div><\/div><div class=\"item product type-product post-11821 status-publish last instock product_cat-cleaners product_cat-marine-en product_tag-auxiliary-products-en has-post-thumbnail shipping-taxable product-type-simple\"><div class=\"woo_product_inner_wrapper\">            <div class=\"woo_product_image shop_media\">\r\n                <div class=\"picture no_effects\">                        <a class=\"woo_post-link\" href=\"https:\/\/dirigocoating.pl\/en\/product\/th39-water-based-degreaser\/\"><img decoding=\"async\" src=\"https:\/\/dirigocoating.pl\/wp-content\/uploads\/2025\/06\/1250085403-300x300-1-150x150.jpg\" alt=\"\" \/>                        <\/a>                <\/div>\r\n                <div class=\"wgl_woo_button_wrapper\"><a href=\"https:\/\/dirigocoating.pl\/en\/product\/th39-water-based-degreaser\/\" aria-describedby=\"woocommerce_loop_add_to_cart_link_describedby_11821\" data-quantity=\"1\" class=\"button product_type_simple with-border\" data-product_id=\"11821\" data-product_sku=\"\" aria-label=\"Read more about &ldquo;TH39 Water-based Degreaser&rdquo;\" rel=\"nofollow\" data-success_message=\"\">Read more<\/a>\t<span id=\"woocommerce_loop_add_to_cart_link_describedby_11821\" class=\"screen-reader-text\">\n\t\t\t<\/span>\n<\/div>            <\/div><div class=\"woo_product_content\"><h2 class=\"woocommerce-loop-product__title\"><a href=\"https:\/\/dirigocoating.pl\/en\/product\/th39-water-based-degreaser\/\" class=\"woocommerce-LoopProduct-link woocommerce-loop-product__link\">TH39 Water-based Degreaser<\/a><\/h2>\n<\/div><\/div><\/div><div class=\"item product type-product post-11818 status-publish first instock product_cat-cleaners product_cat-marine-en product_tag-auxiliary-products-en has-post-thumbnail shipping-taxable product-type-simple\"><div class=\"woo_product_inner_wrapper\">            <div class=\"woo_product_image shop_media\">\r\n                <div class=\"picture no_effects\">                        <a class=\"woo_post-link\" href=\"https:\/\/dirigocoating.pl\/en\/product\/ep-th80\/\"><img decoding=\"async\" src=\"https:\/\/dirigocoating.pl\/wp-content\/uploads\/2025\/06\/1250057735-300x300-1-150x150.jpg\" alt=\"\" \/>                        <\/a>                <\/div>\r\n                <div class=\"wgl_woo_button_wrapper\"><a href=\"https:\/\/dirigocoating.pl\/en\/product\/ep-th80\/\" aria-describedby=\"woocommerce_loop_add_to_cart_link_describedby_11818\" data-quantity=\"1\" class=\"button product_type_simple with-border\" data-product_id=\"11818\" data-product_sku=\"\" aria-label=\"Read more about &ldquo;EP TH80&rdquo;\" rel=\"nofollow\" data-success_message=\"\">Read more<\/a>\t<span id=\"woocommerce_loop_add_to_cart_link_describedby_11818\" class=\"screen-reader-text\">\n\t\t\t<\/span>\n<\/div>            <\/div><div class=\"woo_product_content\"><h2 class=\"woocommerce-loop-product__title\"><a href=\"https:\/\/dirigocoating.pl\/en\/product\/ep-th80\/\" class=\"woocommerce-LoopProduct-link woocommerce-loop-product__link\">EP TH80<\/a><\/h2>\n<\/div><\/div><\/div><div class=\"item product type-product post-11817 status-publish instock product_cat-cleaners product_cat-marine-en product_tag-auxiliary-products-en has-post-thumbnail shipping-taxable product-type-simple\"><div class=\"woo_product_inner_wrapper\">            <div class=\"woo_product_image shop_media\">\r\n                <div class=\"picture no_effects\">                        <a class=\"woo_post-link\" href=\"https:\/\/dirigocoating.pl\/en\/product\/3919s-prepsol\/\"><img decoding=\"async\" src=\"https:\/\/dirigocoating.pl\/wp-content\/uploads\/2025\/06\/1250003172-300x300-1-150x150.jpg\" alt=\"\" \/>                        <\/a>                <\/div>\r\n                <div class=\"wgl_woo_button_wrapper\"><a href=\"https:\/\/dirigocoating.pl\/en\/product\/3919s-prepsol\/\" aria-describedby=\"woocommerce_loop_add_to_cart_link_describedby_11817\" data-quantity=\"1\" class=\"button product_type_simple with-border\" data-product_id=\"11817\" data-product_sku=\"\" aria-label=\"Read more about &ldquo;3919S Prepsol&rdquo;\" rel=\"nofollow\" data-success_message=\"\">Read more<\/a>\t<span id=\"woocommerce_loop_add_to_cart_link_describedby_11817\" class=\"screen-reader-text\">\n\t\t\t<\/span>\n<\/div>            <\/div><div class=\"woo_product_content\"><h2 class=\"woocommerce-loop-product__title\"><a href=\"https:\/\/dirigocoating.pl\/en\/product\/3919s-prepsol\/\" class=\"woocommerce-LoopProduct-link woocommerce-loop-product__link\">3919S Prepsol<\/a><\/h2>\n<\/div><\/div><\/div><\/div><\/div><\/section>\t\t\t\t<\/div>\n\t\t\t\t<\/div>\n\t\t\t\t\t<\/div>\n\t\t\t\t<\/div>\n\t\t\t\t<\/div>\n\t\t","protected":false},"excerpt":{"rendered":"<p>Dowiedz si\u0119 wi\u0119cej PercoTop CS410 Special Cleaner Dowiedz si\u0119 wi\u0119cej PercoTop CS440 Silicone Remover Dowiedz si\u0119 wi\u0119cej PercoTop CS400 Multicleaner Dowiedz si\u0119 wi\u0119cej TH39 Odt\u0142uszczacz na bazie wody Dowiedz si\u0119 wi\u0119cej Rozcie\u0144czalnik EP TH80 Dowiedz si\u0119 wi\u0119cej 3919S Prepsol<\/p>\n","protected":false},"author":1,"featured_media":0,"parent":0,"menu_order":0,"comment_status":"closed","ping_status":"closed","template":"","meta":{"footnotes":""},"class_list":["post-11583","page","type-page","status-publish","hentry"],"_links":{"self":[{"href":"https:\/\/dirigocoating.pl\/en\/wp-json\/wp\/v2\/pages\/11583"}],"collection":[{"href":"https:\/\/dirigocoating.pl\/en\/wp-json\/wp\/v2\/pages"}],"about":[{"href":"https:\/\/dirigocoating.pl\/en\/wp-json\/wp\/v2\/types\/page"}],"author":[{"embeddable":true,"href":"https:\/\/dirigocoating.pl\/en\/wp-json\/wp\/v2\/users\/1"}],"replies":[{"embeddable":true,"href":"https:\/\/dirigocoating.pl\/en\/wp-json\/wp\/v2\/comments?post=11583"}],"version-history":[{"count":1,"href":"https:\/\/dirigocoating.pl\/en\/wp-json\/wp\/v2\/pages\/11583\/revisions"}],"predecessor-version":[{"id":11584,"href":"https:\/\/dirigocoating.pl\/en\/wp-json\/wp\/v2\/pages\/11583\/revisions\/11584"}],"wp:attachment":[{"href":"https:\/\/dirigocoating.pl\/en\/wp-json\/wp\/v2\/media?parent=11583"}],"curies":[{"name":"wp","href":"https:\/\/api.w.org\/{rel}","templated":true}]}}