{"id":11643,"date":"2025-07-24T10:30:23","date_gmt":"2025-07-24T10:30:23","guid":{"rendered":"https:\/\/dirigocoating.pl\/additives\/"},"modified":"2025-08-07T10:34:11","modified_gmt":"2025-08-07T10:34:11","slug":"additives","status":"publish","type":"page","link":"https:\/\/dirigocoating.pl\/en\/additives\/","title":{"rendered":"Additives"},"content":{"rendered":"\t\t<div data-elementor-type=\"wp-page\" data-elementor-id=\"11643\" class=\"elementor elementor-11643 elementor-7871\">\n\t\t\t\t<div class=\"elementor-element elementor-element-4ec8520 e-flex e-con-boxed e-con e-parent\" data-id=\"4ec8520\" data-element_type=\"container\" data-e-type=\"container\">\n\t\t\t\t\t<div class=\"e-con-inner\">\n\t\t\t\t<div class=\"elementor-element elementor-element-cc659a1 columns-4 columns-tablet-2 columns-mobile-1 elementor-widget elementor-widget-wgl-products-grid\" data-id=\"cc659a1\" data-element_type=\"widget\" data-e-type=\"widget\" data-widget_type=\"wgl-products-grid.default\">\n\t\t\t\t<div class=\"elementor-widget-container\">\n\t\t\t\t\t<section class=\"wgl_cpt_section wgl-products-grid woocommerce\"><div class=\"wgl-woocommerce-sorting\"><\/div><div class=\"wgl-products-catalog wgl-products-wrapper\"><div class=\"wgl-products container-grid fit_rows\"><div class=\"item product type-product post-11327 status-publish first instock product_cat-additives product_tag-gloss has-post-thumbnail shipping-taxable product-type-simple\"><div class=\"woo_product_inner_wrapper\">            <div class=\"woo_product_image shop_media\">\r\n                <div class=\"picture no_effects\">                        <a class=\"woo_post-link\" href=\"https:\/\/dirigocoating.pl\/en\/product\/percotop-cs209-gloss-agent-2k\/\"><img decoding=\"async\" src=\"https:\/\/dirigocoating.pl\/wp-content\/uploads\/2025\/07\/cs209-150x150.png\" alt=\"\" \/>                        <\/a>                <\/div>\r\n                <div class=\"wgl_woo_button_wrapper\"><a href=\"https:\/\/dirigocoating.pl\/en\/product\/percotop-cs209-gloss-agent-2k\/\" aria-describedby=\"woocommerce_loop_add_to_cart_link_describedby_11327\" data-quantity=\"1\" class=\"button product_type_simple with-border\" data-product_id=\"11327\" data-product_sku=\"\" aria-label=\"Read more about &ldquo;PercoTop CS209 Gloss Agent 2K&rdquo;\" rel=\"nofollow\" data-success_message=\"\">Read more<\/a>\t<span id=\"woocommerce_loop_add_to_cart_link_describedby_11327\" class=\"screen-reader-text\">\n\t\t\t<\/span>\n<\/div>            <\/div><div class=\"woo_product_content\"><h2 class=\"woocommerce-loop-product__title\"><a href=\"https:\/\/dirigocoating.pl\/en\/product\/percotop-cs209-gloss-agent-2k\/\" class=\"woocommerce-LoopProduct-link woocommerce-loop-product__link\">PercoTop CS209 Gloss Agent 2K<\/a><\/h2>\n<\/div><\/div><\/div><div class=\"item product type-product post-11280 status-publish instock product_cat-additives has-post-thumbnail shipping-taxable product-type-simple\"><div class=\"woo_product_inner_wrapper\">            <div class=\"woo_product_image shop_media\">\r\n                <div class=\"picture no_effects\">                        <a class=\"woo_post-link\" href=\"https:\/\/dirigocoating.pl\/en\/product\/percotop-cs230-high-bake-additive\/\"><img decoding=\"async\" src=\"https:\/\/dirigocoating.pl\/wp-content\/uploads\/2025\/07\/cs230-1-150x150.png\" alt=\"\" \/>                        <\/a>                <\/div>\r\n                <div class=\"wgl_woo_button_wrapper\"><a href=\"https:\/\/dirigocoating.pl\/en\/product\/percotop-cs230-high-bake-additive\/\" aria-describedby=\"woocommerce_loop_add_to_cart_link_describedby_11280\" data-quantity=\"1\" class=\"button product_type_simple with-border\" data-product_id=\"11280\" data-product_sku=\"\" aria-label=\"Read more about &ldquo;PercoTop CS230 High bake Additive&rdquo;\" rel=\"nofollow\" data-success_message=\"\">Read more<\/a>\t<span id=\"woocommerce_loop_add_to_cart_link_describedby_11280\" class=\"screen-reader-text\">\n\t\t\t<\/span>\n<\/div>            <\/div><div class=\"woo_product_content\"><h2 class=\"woocommerce-loop-product__title\"><a href=\"https:\/\/dirigocoating.pl\/en\/product\/percotop-cs230-high-bake-additive\/\" class=\"woocommerce-LoopProduct-link woocommerce-loop-product__link\">PercoTop CS230 High bake Additive<\/a><\/h2>\n<\/div><\/div><\/div><div class=\"item product type-product post-11267 status-publish instock product_cat-additives has-post-thumbnail shipping-taxable product-type-simple\"><div class=\"woo_product_inner_wrapper\">            <div class=\"woo_product_image shop_media\">\r\n                <div class=\"picture no_effects\">                        <a class=\"woo_post-link\" href=\"https:\/\/dirigocoating.pl\/en\/product\/percotop-texture-additives\/\"><img decoding=\"async\" src=\"https:\/\/dirigocoating.pl\/wp-content\/uploads\/2025\/07\/cs220-1-150x150.png\" alt=\"\" \/>                        <\/a>                <\/div>\r\n                <div class=\"wgl_woo_button_wrapper\"><a href=\"https:\/\/dirigocoating.pl\/en\/product\/percotop-texture-additives\/\" aria-describedby=\"woocommerce_loop_add_to_cart_link_describedby_11267\" data-quantity=\"1\" class=\"button product_type_simple with-border\" data-product_id=\"11267\" data-product_sku=\"\" aria-label=\"Read more about &ldquo;PercoTop Texture Additives&rdquo;\" rel=\"nofollow\" data-success_message=\"\">Read more<\/a>\t<span id=\"woocommerce_loop_add_to_cart_link_describedby_11267\" class=\"screen-reader-text\">\n\t\t\t<\/span>\n<\/div>            <\/div><div class=\"woo_product_content\"><h2 class=\"woocommerce-loop-product__title\"><a href=\"https:\/\/dirigocoating.pl\/en\/product\/percotop-texture-additives\/\" class=\"woocommerce-LoopProduct-link woocommerce-loop-product__link\">PercoTop Texture Additives<\/a><\/h2>\n<\/div><\/div><\/div><div class=\"item product type-product post-11253 status-publish last instock product_cat-additives has-post-thumbnail shipping-taxable product-type-simple\"><div class=\"woo_product_inner_wrapper\">            <div class=\"woo_product_image shop_media\">\r\n                <div class=\"picture no_effects\">                        <a class=\"woo_post-link\" href=\"https:\/\/dirigocoating.pl\/en\/product\/percotop-cs215-drying-accelerator\/\"><img decoding=\"async\" src=\"https:\/\/dirigocoating.pl\/wp-content\/uploads\/2025\/07\/KPM-1-13343-39543-3626_mid-150x150.jpg\" alt=\"\" \/>                        <\/a>                <\/div>\r\n                <div class=\"wgl_woo_button_wrapper\"><a href=\"https:\/\/dirigocoating.pl\/en\/product\/percotop-cs215-drying-accelerator\/\" aria-describedby=\"woocommerce_loop_add_to_cart_link_describedby_11253\" data-quantity=\"1\" class=\"button product_type_simple with-border\" data-product_id=\"11253\" data-product_sku=\"\" aria-label=\"Read more about &ldquo;PercoTop CS215 Drying Accelerator&rdquo;\" rel=\"nofollow\" data-success_message=\"\">Read more<\/a>\t<span id=\"woocommerce_loop_add_to_cart_link_describedby_11253\" class=\"screen-reader-text\">\n\t\t\t<\/span>\n<\/div>            <\/div><div class=\"woo_product_content\"><h2 class=\"woocommerce-loop-product__title\"><a href=\"https:\/\/dirigocoating.pl\/en\/product\/percotop-cs215-drying-accelerator\/\" class=\"woocommerce-LoopProduct-link woocommerce-loop-product__link\">PercoTop CS215 Drying Accelerator<\/a><\/h2>\n<\/div><\/div><\/div><div class=\"item product type-product post-11263 status-publish first instock product_cat-additives has-post-thumbnail shipping-taxable product-type-simple\"><div class=\"woo_product_inner_wrapper\">            <div class=\"woo_product_image shop_media\">\r\n                <div class=\"picture no_effects\">                        <a class=\"woo_post-link\" href=\"https:\/\/dirigocoating.pl\/en\/product\/percotop-cs214-multitoning-additive\/\"><img decoding=\"async\" src=\"https:\/\/dirigocoating.pl\/wp-content\/uploads\/2025\/07\/CS214_1-L_mid-150x150.jpg\" alt=\"\" \/>                        <\/a>                <\/div>\r\n                <div class=\"wgl_woo_button_wrapper\"><a href=\"https:\/\/dirigocoating.pl\/en\/product\/percotop-cs214-multitoning-additive\/\" aria-describedby=\"woocommerce_loop_add_to_cart_link_describedby_11263\" data-quantity=\"1\" class=\"button product_type_simple with-border\" data-product_id=\"11263\" data-product_sku=\"\" aria-label=\"Read more about &ldquo;PercoTop CS214 Multitoning Additive&rdquo;\" rel=\"nofollow\" data-success_message=\"\">Read more<\/a>\t<span id=\"woocommerce_loop_add_to_cart_link_describedby_11263\" class=\"screen-reader-text\">\n\t\t\t<\/span>\n<\/div>            <\/div><div class=\"woo_product_content\"><h2 class=\"woocommerce-loop-product__title\"><a href=\"https:\/\/dirigocoating.pl\/en\/product\/percotop-cs214-multitoning-additive\/\" class=\"woocommerce-LoopProduct-link woocommerce-loop-product__link\">PercoTop CS214 Multitoning Additive<\/a><\/h2>\n<\/div><\/div><\/div><div class=\"item product type-product post-11249 status-publish instock product_cat-additives has-post-thumbnail shipping-taxable product-type-simple\"><div class=\"woo_product_inner_wrapper\">            <div class=\"woo_product_image shop_media\">\r\n                <div class=\"picture no_effects\">                        <a class=\"woo_post-link\" href=\"https:\/\/dirigocoating.pl\/en\/product\/percotop-cs213-anti-silicone-additive\/\"><img decoding=\"async\" src=\"https:\/\/dirigocoating.pl\/wp-content\/uploads\/2025\/07\/CS213_1-L_mid-150x150.jpg\" alt=\"\" \/>                        <\/a>                <\/div>\r\n                <div class=\"wgl_woo_button_wrapper\"><a href=\"https:\/\/dirigocoating.pl\/en\/product\/percotop-cs213-anti-silicone-additive\/\" aria-describedby=\"woocommerce_loop_add_to_cart_link_describedby_11249\" data-quantity=\"1\" class=\"button product_type_simple with-border\" data-product_id=\"11249\" data-product_sku=\"\" aria-label=\"Read more about &ldquo;PercoTop CS213 Anti Silicone Additive&rdquo;\" rel=\"nofollow\" data-success_message=\"\">Read more<\/a>\t<span id=\"woocommerce_loop_add_to_cart_link_describedby_11249\" class=\"screen-reader-text\">\n\t\t\t<\/span>\n<\/div>            <\/div><div class=\"woo_product_content\"><h2 class=\"woocommerce-loop-product__title\"><a href=\"https:\/\/dirigocoating.pl\/en\/product\/percotop-cs213-anti-silicone-additive\/\" class=\"woocommerce-LoopProduct-link woocommerce-loop-product__link\">PercoTop CS213 Anti Silicone Additive<\/a><\/h2>\n<\/div><\/div><\/div><div class=\"item product type-product post-11237 status-publish instock product_cat-additives has-post-thumbnail shipping-taxable product-type-simple\"><div class=\"woo_product_inner_wrapper\">            <div class=\"woo_product_image shop_media\">\r\n                <div class=\"picture no_effects\">                        <a class=\"woo_post-link\" href=\"https:\/\/dirigocoating.pl\/en\/product\/percotop-cs212-sikkativ-376\/\"><img decoding=\"async\" src=\"https:\/\/dirigocoating.pl\/wp-content\/uploads\/2025\/07\/KPM-1-35167-125855-24886_mid_480_0_300_RGB-150x150.jpg\" alt=\"\" \/>                        <\/a>                <\/div>\r\n                <div class=\"wgl_woo_button_wrapper\"><a href=\"https:\/\/dirigocoating.pl\/en\/product\/percotop-cs212-sikkativ-376\/\" aria-describedby=\"woocommerce_loop_add_to_cart_link_describedby_11237\" data-quantity=\"1\" class=\"button product_type_simple with-border\" data-product_id=\"11237\" data-product_sku=\"\" aria-label=\"Read more about &ldquo;PercoTop CS212 Sikkativ 376&rdquo;\" rel=\"nofollow\" data-success_message=\"\">Read more<\/a>\t<span id=\"woocommerce_loop_add_to_cart_link_describedby_11237\" class=\"screen-reader-text\">\n\t\t\t<\/span>\n<\/div>            <\/div><div class=\"woo_product_content\"><h2 class=\"woocommerce-loop-product__title\"><a href=\"https:\/\/dirigocoating.pl\/en\/product\/percotop-cs212-sikkativ-376\/\" class=\"woocommerce-LoopProduct-link woocommerce-loop-product__link\">PercoTop CS212 Sikkativ 376<\/a><\/h2>\n<\/div><\/div><\/div><div class=\"item product type-product post-11250 status-publish last instock product_cat-additives has-post-thumbnail shipping-taxable product-type-simple\"><div class=\"woo_product_inner_wrapper\">            <div class=\"woo_product_image shop_media\">\r\n                <div class=\"picture no_effects\">                        <a class=\"woo_post-link\" href=\"https:\/\/dirigocoating.pl\/en\/product\/percotop-cs211-brush-n-roll-additive\/\"><img decoding=\"async\" src=\"https:\/\/dirigocoating.pl\/wp-content\/uploads\/2025\/07\/CS211_1-L_mid-150x150.jpg\" alt=\"\" \/>                        <\/a>                <\/div>\r\n                <div class=\"wgl_woo_button_wrapper\"><a href=\"https:\/\/dirigocoating.pl\/en\/product\/percotop-cs211-brush-n-roll-additive\/\" aria-describedby=\"woocommerce_loop_add_to_cart_link_describedby_11250\" data-quantity=\"1\" class=\"button product_type_simple with-border\" data-product_id=\"11250\" data-product_sku=\"\" aria-label=\"Read more about &ldquo;PercoTop CS211 Brush &#039;n&#039; Roll Additive&rdquo;\" rel=\"nofollow\" data-success_message=\"\">Read more<\/a>\t<span id=\"woocommerce_loop_add_to_cart_link_describedby_11250\" class=\"screen-reader-text\">\n\t\t\t<\/span>\n<\/div>            <\/div><div class=\"woo_product_content\"><h2 class=\"woocommerce-loop-product__title\"><a href=\"https:\/\/dirigocoating.pl\/en\/product\/percotop-cs211-brush-n-roll-additive\/\" class=\"woocommerce-LoopProduct-link woocommerce-loop-product__link\">PercoTop CS211 Brush &#8216;n&#8217; Roll Additive<\/a><\/h2>\n<\/div><\/div><\/div><div class=\"item product type-product post-11238 status-publish first instock product_cat-additives has-post-thumbnail shipping-taxable product-type-simple\"><div class=\"woo_product_inner_wrapper\">            <div class=\"woo_product_image shop_media\">\r\n                <div class=\"picture no_effects\">                        <a class=\"woo_post-link\" href=\"https:\/\/dirigocoating.pl\/en\/product\/percotop-cs210-elastic-additive\/\"><img decoding=\"async\" src=\"https:\/\/dirigocoating.pl\/wp-content\/uploads\/2025\/07\/CS210_1-L_mid-150x150.jpg\" alt=\"\" \/>                        <\/a>                <\/div>\r\n                <div class=\"wgl_woo_button_wrapper\"><a href=\"https:\/\/dirigocoating.pl\/en\/product\/percotop-cs210-elastic-additive\/\" aria-describedby=\"woocommerce_loop_add_to_cart_link_describedby_11238\" data-quantity=\"1\" class=\"button product_type_simple with-border\" data-product_id=\"11238\" data-product_sku=\"\" aria-label=\"Read more about &ldquo;PercoTop CS210 Elastic Additive&rdquo;\" rel=\"nofollow\" data-success_message=\"\">Read more<\/a>\t<span id=\"woocommerce_loop_add_to_cart_link_describedby_11238\" class=\"screen-reader-text\">\n\t\t\t<\/span>\n<\/div>            <\/div><div class=\"woo_product_content\"><h2 class=\"woocommerce-loop-product__title\"><a href=\"https:\/\/dirigocoating.pl\/en\/product\/percotop-cs210-elastic-additive\/\" class=\"woocommerce-LoopProduct-link woocommerce-loop-product__link\">PercoTop CS210 Elastic Additive<\/a><\/h2>\n<\/div><\/div><\/div><\/div><\/div><\/section>\t\t\t\t<\/div>\n\t\t\t\t<\/div>\n\t\t\t\t\t<\/div>\n\t\t\t\t<\/div>\n\t\t\t\t<\/div>\n\t\t","protected":false},"excerpt":{"rendered":"<p>Dowiedz si\u0119 wi\u0119cej PercoTop CS209 Gloss Agent 2K Dowiedz si\u0119 wi\u0119cej PercoTop CS230 High bake Additive Dowiedz si\u0119 wi\u0119cej PercoTop Texture Additives Dowiedz si\u0119 wi\u0119cej PercoTop CS215 Drying Accelerator Dowiedz si\u0119 wi\u0119cej PercoTop CS214 Multitoning Additive Dowiedz si\u0119 wi\u0119cej PercoTop CS213 Anti Silicone Additive Dowiedz si\u0119 wi\u0119cej PercoTop CS212 Sikkativ 376 Dowiedz si\u0119 wi\u0119cej PercoTop [&hellip;]<\/p>\n","protected":false},"author":1,"featured_media":0,"parent":0,"menu_order":0,"comment_status":"closed","ping_status":"closed","template":"","meta":{"footnotes":""},"class_list":["post-11643","page","type-page","status-publish","hentry"],"_links":{"self":[{"href":"https:\/\/dirigocoating.pl\/en\/wp-json\/wp\/v2\/pages\/11643"}],"collection":[{"href":"https:\/\/dirigocoating.pl\/en\/wp-json\/wp\/v2\/pages"}],"about":[{"href":"https:\/\/dirigocoating.pl\/en\/wp-json\/wp\/v2\/types\/page"}],"author":[{"embeddable":true,"href":"https:\/\/dirigocoating.pl\/en\/wp-json\/wp\/v2\/users\/1"}],"replies":[{"embeddable":true,"href":"https:\/\/dirigocoating.pl\/en\/wp-json\/wp\/v2\/comments?post=11643"}],"version-history":[{"count":1,"href":"https:\/\/dirigocoating.pl\/en\/wp-json\/wp\/v2\/pages\/11643\/revisions"}],"predecessor-version":[{"id":11644,"href":"https:\/\/dirigocoating.pl\/en\/wp-json\/wp\/v2\/pages\/11643\/revisions\/11644"}],"wp:attachment":[{"href":"https:\/\/dirigocoating.pl\/en\/wp-json\/wp\/v2\/media?parent=11643"}],"curies":[{"name":"wp","href":"https:\/\/api.w.org\/{rel}","templated":true}]}}