{"id":11645,"date":"2025-06-16T07:22:33","date_gmt":"2025-06-16T07:22:33","guid":{"rendered":"https:\/\/dirigocoating.pl\/structured-coatings\/"},"modified":"2025-08-07T10:36:57","modified_gmt":"2025-08-07T10:36:57","slug":"structured-coatings","status":"publish","type":"page","link":"https:\/\/dirigocoating.pl\/en\/structured-coatings\/","title":{"rendered":"Structured coatings"},"content":{"rendered":"\t\t<div data-elementor-type=\"wp-page\" data-elementor-id=\"11645\" class=\"elementor elementor-11645 elementor-6988\">\n\t\t\t\t<div class=\"elementor-element elementor-element-99bdc0e e-flex e-con-boxed e-con e-parent\" data-id=\"99bdc0e\" data-element_type=\"container\" data-e-type=\"container\">\n\t\t\t\t\t<div class=\"e-con-inner\">\n\t\t\t\t<div class=\"elementor-element elementor-element-0a0a20c columns-3 columns-tablet-2 columns-mobile-1 elementor-widget elementor-widget-wgl-products-grid\" data-id=\"0a0a20c\" data-element_type=\"widget\" data-e-type=\"widget\" data-widget_type=\"wgl-products-grid.default\">\n\t\t\t\t<div class=\"elementor-widget-container\">\n\t\t\t\t\t<section class=\"wgl_cpt_section wgl-products-grid woocommerce\"><div class=\"wgl-filter_wrapper product__filter isotope-filter filter-center\"><div class=\"swiper wgl-filter_swiper_wrapper\"><div class=\"swiper-wrapper\"><a href=\"#\" data-filter=\".product\" class=\"swiper-slide active\">All<span class=\"filter_counter\"><\/span><\/a><a class=\"swiper-slide\" href=\"https:\/\/dirigocoating.pl\/en\/category-product\/additives\/\" data-filter=\".product_cat-additives\">Additives<span class=\"filter_counter\"><\/span><\/a><a class=\"swiper-slide\" href=\"https:\/\/dirigocoating.pl\/en\/category-product\/cleaners\/\" data-filter=\".product_cat-cleaners\">Cleaners<span class=\"filter_counter\"><\/span><\/a><a class=\"swiper-slide\" href=\"https:\/\/dirigocoating.pl\/en\/category-product\/commercial-vehicles-en\/\" data-filter=\".product_cat-commercial-vehicles-en\">Commercial vehicles<span class=\"filter_counter\"><\/span><\/a><a class=\"swiper-slide\" href=\"https:\/\/dirigocoating.pl\/en\/category-product\/energy-solutions-en\/\" data-filter=\".product_cat-energy-solutions-en\">Energy Solutions<span class=\"filter_counter\"><\/span><\/a><a class=\"swiper-slide\" href=\"https:\/\/dirigocoating.pl\/en\/category-product\/non-paint-en\/\" data-filter=\".product_cat-non-paint-en\">Non Paint<span class=\"filter_counter\"><\/span><\/a><a class=\"swiper-slide\" href=\"https:\/\/dirigocoating.pl\/en\/category-product\/railway\/\" data-filter=\".product_cat-railway\">Railway<span class=\"filter_counter\"><\/span><\/a><a class=\"swiper-slide\" href=\"https:\/\/dirigocoating.pl\/en\/category-product\/marine-en\/\" data-filter=\".product_cat-marine-en\">Marine<span class=\"filter_counter\"><\/span><\/a><\/div><\/div><\/div><div class=\"wgl-woocommerce-sorting\"><\/div><div class=\"wgl-products-catalog wgl-products-wrapper\"><div class=\"wgl-products container-grid isotope fit_rows\"><div class=\"item product type-product post-11551 status-publish first instock product_cat-commercial-vehicles-en product_tag-2k-cv-surface product_tag-structural-varnishes product_tag-topcoats-en has-post-thumbnail shipping-taxable product-type-simple\"><div class=\"woo_product_inner_wrapper\">            <div class=\"woo_product_image shop_media\">\r\n                <div class=\"picture no_effects\">                        <a class=\"woo_post-link\" href=\"https:\/\/dirigocoating.pl\/en\/product\/percotop-477-2k-dtm-structure-topcoat\/\"><img decoding=\"async\" src=\"https:\/\/dirigocoating.pl\/wp-content\/uploads\/2025\/06\/477-300x300-1-150x150.png\" alt=\"\" \/>                        <\/a>                <\/div>\r\n                <div class=\"wgl_woo_button_wrapper\"><a href=\"https:\/\/dirigocoating.pl\/en\/product\/percotop-477-2k-dtm-structure-topcoat\/\" aria-describedby=\"woocommerce_loop_add_to_cart_link_describedby_11551\" data-quantity=\"1\" class=\"button product_type_simple with-border\" data-product_id=\"11551\" data-product_sku=\"\" aria-label=\"Read more about &ldquo;PercoTop 477 2K DTM Structure Topcoat&rdquo;\" rel=\"nofollow\" data-success_message=\"\">Read more<\/a>\t<span id=\"woocommerce_loop_add_to_cart_link_describedby_11551\" class=\"screen-reader-text\">\n\t\t\t<\/span>\n<\/div>            <\/div><div class=\"woo_product_content\"><h2 class=\"woocommerce-loop-product__title\"><a href=\"https:\/\/dirigocoating.pl\/en\/product\/percotop-477-2k-dtm-structure-topcoat\/\" class=\"woocommerce-LoopProduct-link woocommerce-loop-product__link\">PercoTop 477 2K DTM Structure Topcoat<\/a><\/h2>\n<\/div><\/div><\/div><div class=\"item product type-product post-11672 status-publish instock product_cat-commercial-vehicles-en product_tag-2k-cv-surface product_tag-structural-varnishes product_tag-topcoats-en has-post-thumbnail shipping-taxable product-type-simple\"><div class=\"woo_product_inner_wrapper\">            <div class=\"woo_product_image shop_media\">\r\n                <div class=\"picture no_effects\">                        <a class=\"woo_post-link\" href=\"https:\/\/dirigocoating.pl\/en\/product\/percotop-466-2k-outdoor-structure-topcoat\/\"><img decoding=\"async\" src=\"https:\/\/dirigocoating.pl\/wp-content\/uploads\/2025\/06\/466-300x300-1-150x150.png\" alt=\"\" \/>                        <\/a>                <\/div>\r\n                <div class=\"wgl_woo_button_wrapper\"><a href=\"https:\/\/dirigocoating.pl\/en\/product\/percotop-466-2k-outdoor-structure-topcoat\/\" aria-describedby=\"woocommerce_loop_add_to_cart_link_describedby_11672\" data-quantity=\"1\" class=\"button product_type_simple with-border\" data-product_id=\"11672\" data-product_sku=\"\" aria-label=\"Read more about &ldquo;PercoTop 466 2K Outdoor Structure Topcoat&rdquo;\" rel=\"nofollow\" data-success_message=\"\">Read more<\/a>\t<span id=\"woocommerce_loop_add_to_cart_link_describedby_11672\" class=\"screen-reader-text\">\n\t\t\t<\/span>\n<\/div>            <\/div><div class=\"woo_product_content\"><h2 class=\"woocommerce-loop-product__title\"><a href=\"https:\/\/dirigocoating.pl\/en\/product\/percotop-466-2k-outdoor-structure-topcoat\/\" class=\"woocommerce-LoopProduct-link woocommerce-loop-product__link\">PercoTop 466 2K Outdoor Structure Topcoat<\/a><\/h2>\n<\/div><\/div><\/div><div class=\"item product type-product post-11692 status-publish instock product_cat-railway product_tag-structural-varnishes product_tag-structural-water product_tag-waterbase has-post-thumbnail shipping-taxable product-type-simple\"><div class=\"woo_product_inner_wrapper\">            <div class=\"woo_product_image shop_media\">\r\n                <div class=\"picture no_effects\">                        <a class=\"woo_post-link\" href=\"https:\/\/dirigocoating.pl\/en\/product\/imron-hydrotopcoat-7220-7221-7222\/\"><img decoding=\"async\" src=\"https:\/\/dirigocoating.pl\/wp-content\/uploads\/2025\/06\/7220-150x150.png\" alt=\"\" \/>                        <\/a>                <\/div>\r\n                <div class=\"wgl_woo_button_wrapper\"><a href=\"https:\/\/dirigocoating.pl\/en\/product\/imron-hydrotopcoat-7220-7221-7222\/\" aria-describedby=\"woocommerce_loop_add_to_cart_link_describedby_11692\" data-quantity=\"1\" class=\"button product_type_simple with-border\" data-product_id=\"11692\" data-product_sku=\"\" aria-label=\"Read more about &ldquo;Imron HydroTopCoat 7220, 7221, 7222&rdquo;\" rel=\"nofollow\" data-success_message=\"\">Read more<\/a>\t<span id=\"woocommerce_loop_add_to_cart_link_describedby_11692\" class=\"screen-reader-text\">\n\t\t\t<\/span>\n<\/div>            <\/div><div class=\"woo_product_content\"><h2 class=\"woocommerce-loop-product__title\"><a href=\"https:\/\/dirigocoating.pl\/en\/product\/imron-hydrotopcoat-7220-7221-7222\/\" class=\"woocommerce-LoopProduct-link woocommerce-loop-product__link\">Imron HydroTopCoat 7220, 7221, 7222<\/a><\/h2>\n<\/div><\/div><\/div><div class=\"item product type-product post-11805 status-publish last instock product_cat-commercial-vehicles-en product_cat-railway product_tag-2k-cv-surface product_tag-solvent product_tag-structural-varnishes product_tag-structured-solvent product_tag-topcoats-en has-post-thumbnail shipping-taxable product-type-simple\"><div class=\"woo_product_inner_wrapper\">            <div class=\"woo_product_image shop_media\">\r\n                <div class=\"picture no_effects\">                        <a class=\"woo_post-link\" href=\"https:\/\/dirigocoating.pl\/en\/product\/percotop-9771\/\"><img decoding=\"async\" src=\"https:\/\/dirigocoating.pl\/wp-content\/uploads\/2025\/06\/KPM-1-36145-129638-25990_mid_480_0_300_RGB-300x300-1-150x150.jpg\" alt=\"\" \/>                        <\/a>                <\/div>\r\n                <div class=\"wgl_woo_button_wrapper\"><a href=\"https:\/\/dirigocoating.pl\/en\/product\/percotop-9771\/\" aria-describedby=\"woocommerce_loop_add_to_cart_link_describedby_11805\" data-quantity=\"1\" class=\"button product_type_simple with-border\" data-product_id=\"11805\" data-product_sku=\"\" aria-label=\"Read more about &ldquo;PercoTop\u00ae 9771&rdquo;\" rel=\"nofollow\" data-success_message=\"\">Read more<\/a>\t<span id=\"woocommerce_loop_add_to_cart_link_describedby_11805\" class=\"screen-reader-text\">\n\t\t\t<\/span>\n<\/div>            <\/div><div class=\"woo_product_content\"><h2 class=\"woocommerce-loop-product__title\"><a href=\"https:\/\/dirigocoating.pl\/en\/product\/percotop-9771\/\" class=\"woocommerce-LoopProduct-link woocommerce-loop-product__link\">PercoTop\u00ae 9771<\/a><\/h2>\n<\/div><\/div><\/div><div class=\"item product type-product post-11804 status-publish first instock product_cat-commercial-vehicles-en product_cat-railway product_tag-2k-cv-surface product_tag-solvent product_tag-structural-varnishes product_tag-structured-solvent product_tag-topcoats-en has-post-thumbnail shipping-taxable product-type-simple\"><div class=\"woo_product_inner_wrapper\">            <div class=\"woo_product_image shop_media\">\r\n                <div class=\"picture no_effects\">                        <a class=\"woo_post-link\" href=\"https:\/\/dirigocoating.pl\/en\/product\/percotop-9770-2k\/\"><img decoding=\"async\" src=\"https:\/\/dirigocoating.pl\/wp-content\/uploads\/2025\/06\/KPM-1-34043-120979-23234_mid_480_0_300_RGB-300x300-1-150x150.jpg\" alt=\"\" \/>                        <\/a>                <\/div>\r\n                <div class=\"wgl_woo_button_wrapper\"><a href=\"https:\/\/dirigocoating.pl\/en\/product\/percotop-9770-2k\/\" aria-describedby=\"woocommerce_loop_add_to_cart_link_describedby_11804\" data-quantity=\"1\" class=\"button product_type_simple with-border\" data-product_id=\"11804\" data-product_sku=\"\" aria-label=\"Read more about &ldquo;PercoTop\u00ae 9770 2K&rdquo;\" rel=\"nofollow\" data-success_message=\"\">Read more<\/a>\t<span id=\"woocommerce_loop_add_to_cart_link_describedby_11804\" class=\"screen-reader-text\">\n\t\t\t<\/span>\n<\/div>            <\/div><div class=\"woo_product_content\"><h2 class=\"woocommerce-loop-product__title\"><a href=\"https:\/\/dirigocoating.pl\/en\/product\/percotop-9770-2k\/\" class=\"woocommerce-LoopProduct-link woocommerce-loop-product__link\">PercoTop\u00ae 9770 2K<\/a><\/h2>\n<\/div><\/div><\/div><div class=\"item product type-product post-11803 status-publish instock product_cat-commercial-vehicles-en product_cat-railway product_tag-2k-cv-surface product_tag-solvent product_tag-structural-varnishes product_tag-structured-solvent product_tag-topcoats-en has-post-thumbnail shipping-taxable product-type-simple\"><div class=\"woo_product_inner_wrapper\">            <div class=\"woo_product_image shop_media\">\r\n                <div class=\"picture no_effects\">                        <a class=\"woo_post-link\" href=\"https:\/\/dirigocoating.pl\/en\/product\/percotop-449\/\"><img decoding=\"async\" src=\"https:\/\/dirigocoating.pl\/wp-content\/uploads\/2025\/06\/PercoTop-300-x-300-px-3-150x150.png\" alt=\"\" \/>                        <\/a>                <\/div>\r\n                <div class=\"wgl_woo_button_wrapper\"><a href=\"https:\/\/dirigocoating.pl\/en\/product\/percotop-449\/\" aria-describedby=\"woocommerce_loop_add_to_cart_link_describedby_11803\" data-quantity=\"1\" class=\"button product_type_simple with-border\" data-product_id=\"11803\" data-product_sku=\"\" aria-label=\"Read more about &ldquo;PercoTop 449&rdquo;\" rel=\"nofollow\" data-success_message=\"\">Read more<\/a>\t<span id=\"woocommerce_loop_add_to_cart_link_describedby_11803\" class=\"screen-reader-text\">\n\t\t\t<\/span>\n<\/div>            <\/div><div class=\"woo_product_content\"><h2 class=\"woocommerce-loop-product__title\"><a href=\"https:\/\/dirigocoating.pl\/en\/product\/percotop-449\/\" class=\"woocommerce-LoopProduct-link woocommerce-loop-product__link\">PercoTop 449<\/a><\/h2>\n<\/div><\/div><\/div><\/div><\/div><\/section>\t\t\t\t<\/div>\n\t\t\t\t<\/div>\n\t\t\t\t\t<\/div>\n\t\t\t\t<\/div>\n\t\t<div class=\"elementor-element elementor-element-062d450 e-flex e-con-boxed e-con e-parent\" data-id=\"062d450\" data-element_type=\"container\" data-e-type=\"container\">\n\t\t\t\t\t<div class=\"e-con-inner\">\n\t\t\t\t<div class=\"elementor-element elementor-element-96bd64b elementor-widget elementor-widget-text-editor\" data-id=\"96bd64b\" data-element_type=\"widget\" data-e-type=\"widget\" data-widget_type=\"text-editor.default\">\n\t\t\t\t<div class=\"elementor-widget-container\">\n\t\t\t\t\t\t\t\t\t<h3 data-start=\"1955\" data-end=\"1985\"><strong data-start=\"1959\" data-end=\"1983\">Structured coatings<\/strong><\/h3><p data-start=\"1986\" data-end=\"2282\">Structural coatings for creating special effects and surfaces with enhanced mechanical resistance. They are used in the interior finishing of rail vehicles and buses. Ideal where functionality and aesthetics matter in demanding conditions. For yachts, these are Coathylene structural additives.   <\/p>\t\t\t\t\t\t\t\t<\/div>\n\t\t\t\t<\/div>\n\t\t\t\t\t<\/div>\n\t\t\t\t<\/div>\n\t\t\t\t<\/div>\n\t\t","protected":false},"excerpt":{"rendered":"<p>AllDodatkiEnergy SolutionsKolejMarineNon PaintPojazdy u\u017cytkowe\u015arodki czyszcz\u0105ce Dowiedz si\u0119 wi\u0119cej PercoTop 477 2K DTM Structure Topcoat Dowiedz si\u0119 wi\u0119cej PercoTop 466 2K Outdoor Structure Topcoat Dowiedz si\u0119 wi\u0119cej Imron HydroTopCoat 7220, 7221, 7222 Dowiedz si\u0119 wi\u0119cej PercoTop\u00ae 9771 Dowiedz si\u0119 wi\u0119cej PercoTop\u00ae 9770 2K Dowiedz si\u0119 wi\u0119cej PercoTop 449 Structured coatings Structural coatings for creating special effects [&hellip;]<\/p>\n","protected":false},"author":1,"featured_media":0,"parent":0,"menu_order":0,"comment_status":"closed","ping_status":"closed","template":"","meta":{"footnotes":""},"class_list":["post-11645","page","type-page","status-publish","hentry"],"_links":{"self":[{"href":"https:\/\/dirigocoating.pl\/en\/wp-json\/wp\/v2\/pages\/11645"}],"collection":[{"href":"https:\/\/dirigocoating.pl\/en\/wp-json\/wp\/v2\/pages"}],"about":[{"href":"https:\/\/dirigocoating.pl\/en\/wp-json\/wp\/v2\/types\/page"}],"author":[{"embeddable":true,"href":"https:\/\/dirigocoating.pl\/en\/wp-json\/wp\/v2\/users\/1"}],"replies":[{"embeddable":true,"href":"https:\/\/dirigocoating.pl\/en\/wp-json\/wp\/v2\/comments?post=11645"}],"version-history":[{"count":1,"href":"https:\/\/dirigocoating.pl\/en\/wp-json\/wp\/v2\/pages\/11645\/revisions"}],"predecessor-version":[{"id":11646,"href":"https:\/\/dirigocoating.pl\/en\/wp-json\/wp\/v2\/pages\/11645\/revisions\/11646"}],"wp:attachment":[{"href":"https:\/\/dirigocoating.pl\/en\/wp-json\/wp\/v2\/media?parent=11645"}],"curies":[{"name":"wp","href":"https:\/\/api.w.org\/{rel}","templated":true}]}}