{"id":11647,"date":"2025-06-16T07:19:48","date_gmt":"2025-06-16T07:19:48","guid":{"rendered":"https:\/\/dirigocoating.pl\/putties\/"},"modified":"2025-08-07T10:38:46","modified_gmt":"2025-08-07T10:38:46","slug":"putties","status":"publish","type":"page","link":"https:\/\/dirigocoating.pl\/en\/putties\/","title":{"rendered":"Putties"},"content":{"rendered":"\t\t<div data-elementor-type=\"wp-page\" data-elementor-id=\"11647\" class=\"elementor elementor-11647 elementor-6983\">\n\t\t\t\t<div class=\"elementor-element elementor-element-c54b5e2 e-flex e-con-boxed e-con e-parent\" data-id=\"c54b5e2\" data-element_type=\"container\" data-e-type=\"container\">\n\t\t\t\t\t<div class=\"e-con-inner\">\n\t\t\t\t<div class=\"elementor-element elementor-element-f2fb6e4 columns-3 columns-tablet-2 columns-mobile-1 elementor-widget elementor-widget-wgl-products-grid\" data-id=\"f2fb6e4\" data-element_type=\"widget\" data-e-type=\"widget\" data-widget_type=\"wgl-products-grid.default\">\n\t\t\t\t<div class=\"elementor-widget-container\">\n\t\t\t\t\t<section class=\"wgl_cpt_section wgl-products-grid woocommerce\"><div class=\"wgl-filter_wrapper product__filter isotope-filter filter-center\"><div class=\"swiper wgl-filter_swiper_wrapper\"><div class=\"swiper-wrapper\"><a href=\"#\" data-filter=\".product\" class=\"swiper-slide active\">All<span class=\"filter_counter\"><\/span><\/a><a class=\"swiper-slide\" href=\"https:\/\/dirigocoating.pl\/en\/category-product\/additives\/\" data-filter=\".product_cat-additives\">Additives<span class=\"filter_counter\"><\/span><\/a><a class=\"swiper-slide\" href=\"https:\/\/dirigocoating.pl\/en\/category-product\/cleaners\/\" data-filter=\".product_cat-cleaners\">Cleaners<span class=\"filter_counter\"><\/span><\/a><a class=\"swiper-slide\" href=\"https:\/\/dirigocoating.pl\/en\/category-product\/commercial-vehicles-en\/\" data-filter=\".product_cat-commercial-vehicles-en\">Commercial vehicles<span class=\"filter_counter\"><\/span><\/a><a class=\"swiper-slide\" href=\"https:\/\/dirigocoating.pl\/en\/category-product\/energy-solutions-en\/\" data-filter=\".product_cat-energy-solutions-en\">Energy Solutions<span class=\"filter_counter\"><\/span><\/a><a class=\"swiper-slide\" href=\"https:\/\/dirigocoating.pl\/en\/category-product\/non-paint-en\/\" data-filter=\".product_cat-non-paint-en\">Non Paint<span class=\"filter_counter\"><\/span><\/a><a class=\"swiper-slide\" href=\"https:\/\/dirigocoating.pl\/en\/category-product\/railway\/\" data-filter=\".product_cat-railway\">Railway<span class=\"filter_counter\"><\/span><\/a><a class=\"swiper-slide\" href=\"https:\/\/dirigocoating.pl\/en\/category-product\/marine-en\/\" data-filter=\".product_cat-marine-en\">Marine<span class=\"filter_counter\"><\/span><\/a><\/div><\/div><\/div><div class=\"wgl-woocommerce-sorting\"><\/div><div class=\"wgl-products-catalog wgl-products-wrapper\"><div class=\"wgl-products container-grid isotope fit_rows\"><div class=\"item product type-product post-11504 status-publish first instock product_cat-commercial-vehicles-en product_tag-cv-spatulas product_tag-putties has-post-thumbnail shipping-taxable product-type-simple\"><div class=\"woo_product_inner_wrapper\">            <div class=\"woo_product_image shop_media\">\r\n                <div class=\"picture no_effects\">                        <a class=\"woo_post-link\" href=\"https:\/\/dirigocoating.pl\/en\/product\/percotop-cs165-thixoflex-putty\/\"><img decoding=\"async\" src=\"https:\/\/dirigocoating.pl\/wp-content\/uploads\/2025\/06\/KPM-1-41392-148649-30635_mid_480_0_300_RGB-300x300-1-150x150.jpg\" alt=\"\" \/>                        <\/a>                <\/div>\r\n                <div class=\"wgl_woo_button_wrapper\"><a href=\"https:\/\/dirigocoating.pl\/en\/product\/percotop-cs165-thixoflex-putty\/\" aria-describedby=\"woocommerce_loop_add_to_cart_link_describedby_11504\" data-quantity=\"1\" class=\"button product_type_simple with-border\" data-product_id=\"11504\" data-product_sku=\"\" aria-label=\"Read more about &ldquo;PercoTop CS165 Thixoflex Putty&rdquo;\" rel=\"nofollow\" data-success_message=\"\">Read more<\/a>\t<span id=\"woocommerce_loop_add_to_cart_link_describedby_11504\" class=\"screen-reader-text\">\n\t\t\t<\/span>\n<\/div>            <\/div><div class=\"woo_product_content\"><h2 class=\"woocommerce-loop-product__title\"><a href=\"https:\/\/dirigocoating.pl\/en\/product\/percotop-cs165-thixoflex-putty\/\" class=\"woocommerce-LoopProduct-link woocommerce-loop-product__link\">PercoTop CS165 Thixoflex Putty<\/a><\/h2>\n<\/div><\/div><\/div><div class=\"item product type-product post-11545 status-publish instock product_cat-commercial-vehicles-en product_tag-cv-spatulas product_tag-putties has-post-thumbnail shipping-taxable product-type-simple\"><div class=\"woo_product_inner_wrapper\">            <div class=\"woo_product_image shop_media\">\r\n                <div class=\"picture no_effects\">                        <a class=\"woo_post-link\" href=\"https:\/\/dirigocoating.pl\/en\/product\/percotop-cs162-high-temperature-putty\/\"><img decoding=\"async\" src=\"https:\/\/dirigocoating.pl\/wp-content\/uploads\/2025\/06\/cs162-300x300-1-150x150.png\" alt=\"\" \/>                        <\/a>                <\/div>\r\n                <div class=\"wgl_woo_button_wrapper\"><a href=\"https:\/\/dirigocoating.pl\/en\/product\/percotop-cs162-high-temperature-putty\/\" aria-describedby=\"woocommerce_loop_add_to_cart_link_describedby_11545\" data-quantity=\"1\" class=\"button product_type_simple with-border\" data-product_id=\"11545\" data-product_sku=\"\" aria-label=\"Read more about &ldquo;PercoTop CS162 High Temperature Putty&rdquo;\" rel=\"nofollow\" data-success_message=\"\">Read more<\/a>\t<span id=\"woocommerce_loop_add_to_cart_link_describedby_11545\" class=\"screen-reader-text\">\n\t\t\t<\/span>\n<\/div>            <\/div><div class=\"woo_product_content\"><h2 class=\"woocommerce-loop-product__title\"><a href=\"https:\/\/dirigocoating.pl\/en\/product\/percotop-cs162-high-temperature-putty\/\" class=\"woocommerce-LoopProduct-link woocommerce-loop-product__link\">PercoTop CS162 High Temperature Putty<\/a><\/h2>\n<\/div><\/div><\/div><div class=\"item product type-product post-11502 status-publish instock product_cat-commercial-vehicles-en product_tag-cv-spatulas product_tag-putties has-post-thumbnail shipping-taxable product-type-simple\"><div class=\"woo_product_inner_wrapper\">            <div class=\"woo_product_image shop_media\">\r\n                <div class=\"picture no_effects\">                        <a class=\"woo_post-link\" href=\"https:\/\/dirigocoating.pl\/en\/product\/percotop-cs161-sprayable-putty\/\"><img decoding=\"async\" src=\"https:\/\/dirigocoating.pl\/wp-content\/uploads\/2025\/06\/KPM-1-12354-38141-3348_mid-300x300-1-150x150.jpg\" alt=\"\" \/>                        <\/a>                <\/div>\r\n                <div class=\"wgl_woo_button_wrapper\"><a href=\"https:\/\/dirigocoating.pl\/en\/product\/percotop-cs161-sprayable-putty\/\" aria-describedby=\"woocommerce_loop_add_to_cart_link_describedby_11502\" data-quantity=\"1\" class=\"button product_type_simple with-border\" data-product_id=\"11502\" data-product_sku=\"\" aria-label=\"Read more about &ldquo;PercoTop\u00ae CS161 Sprayable Putty&rdquo;\" rel=\"nofollow\" data-success_message=\"\">Read more<\/a>\t<span id=\"woocommerce_loop_add_to_cart_link_describedby_11502\" class=\"screen-reader-text\">\n\t\t\t<\/span>\n<\/div>            <\/div><div class=\"woo_product_content\"><h2 class=\"woocommerce-loop-product__title\"><a href=\"https:\/\/dirigocoating.pl\/en\/product\/percotop-cs161-sprayable-putty\/\" class=\"woocommerce-LoopProduct-link woocommerce-loop-product__link\">PercoTop\u00ae CS161 Sprayable Putty<\/a><\/h2>\n<\/div><\/div><\/div><div class=\"item product type-product post-11495 status-publish last instock product_cat-commercial-vehicles-en product_tag-cv-spatulas product_tag-putties has-post-thumbnail shipping-taxable product-type-simple\"><div class=\"woo_product_inner_wrapper\">            <div class=\"woo_product_image shop_media\">\r\n                <div class=\"picture no_effects\">                        <a class=\"woo_post-link\" href=\"https:\/\/dirigocoating.pl\/en\/product\/percotop-cs160-putty\/\"><img decoding=\"async\" src=\"https:\/\/dirigocoating.pl\/wp-content\/uploads\/2025\/06\/KPM-1-9591-34469-2220_mid-300x300-1-150x150.jpg\" alt=\"\" \/>                        <\/a>                <\/div>\r\n                <div class=\"wgl_woo_button_wrapper\"><a href=\"https:\/\/dirigocoating.pl\/en\/product\/percotop-cs160-putty\/\" aria-describedby=\"woocommerce_loop_add_to_cart_link_describedby_11495\" data-quantity=\"1\" class=\"button product_type_simple with-border\" data-product_id=\"11495\" data-product_sku=\"\" aria-label=\"Read more about &ldquo;Percotop CS160 Putty&rdquo;\" rel=\"nofollow\" data-success_message=\"\">Read more<\/a>\t<span id=\"woocommerce_loop_add_to_cart_link_describedby_11495\" class=\"screen-reader-text\">\n\t\t\t<\/span>\n<\/div>            <\/div><div class=\"woo_product_content\"><h2 class=\"woocommerce-loop-product__title\"><a href=\"https:\/\/dirigocoating.pl\/en\/product\/percotop-cs160-putty\/\" class=\"woocommerce-LoopProduct-link woocommerce-loop-product__link\">Percotop CS160 Putty<\/a><\/h2>\n<\/div><\/div><\/div><div class=\"item product type-product post-11811 status-publish first instock product_cat-commercial-vehicles-en product_cat-railway product_tag-cv-spatulas product_tag-putties product_tag-putty-rail product_tag-solvent has-post-thumbnail shipping-taxable product-type-simple\"><div class=\"woo_product_inner_wrapper\">            <div class=\"woo_product_image shop_media\">\r\n                <div class=\"picture no_effects\">                        <a class=\"woo_post-link\" href=\"https:\/\/dirigocoating.pl\/en\/product\/percotop-cs170\/\"><img decoding=\"async\" src=\"https:\/\/dirigocoating.pl\/wp-content\/uploads\/2025\/06\/cs170-300x300-1-150x150.png\" alt=\"\" \/>                        <\/a>                <\/div>\r\n                <div class=\"wgl_woo_button_wrapper\"><a href=\"https:\/\/dirigocoating.pl\/en\/product\/percotop-cs170\/\" aria-describedby=\"woocommerce_loop_add_to_cart_link_describedby_11811\" data-quantity=\"1\" class=\"button product_type_simple with-border\" data-product_id=\"11811\" data-product_sku=\"\" aria-label=\"Read more about &ldquo;PercoTop CS170&rdquo;\" rel=\"nofollow\" data-success_message=\"\">Read more<\/a>\t<span id=\"woocommerce_loop_add_to_cart_link_describedby_11811\" class=\"screen-reader-text\">\n\t\t\t<\/span>\n<\/div>            <\/div><div class=\"woo_product_content\"><h2 class=\"woocommerce-loop-product__title\"><a href=\"https:\/\/dirigocoating.pl\/en\/product\/percotop-cs170\/\" class=\"woocommerce-LoopProduct-link woocommerce-loop-product__link\">PercoTop CS170<\/a><\/h2>\n<\/div><\/div><\/div><div class=\"item product type-product post-11824 status-publish instock product_cat-marine-en product_tag-putties has-post-thumbnail shipping-taxable product-type-simple\"><div class=\"woo_product_inner_wrapper\">            <div class=\"woo_product_image shop_media\">\r\n                <div class=\"picture no_effects\">                        <a class=\"woo_post-link\" href=\"https:\/\/dirigocoating.pl\/en\/product\/dp3360-finishing-filler\/\"><img decoding=\"async\" src=\"https:\/\/dirigocoating.pl\/wp-content\/uploads\/2025\/06\/dp-3360-300x300-1-150x150.png\" alt=\"\" \/>                        <\/a>                <\/div>\r\n                <div class=\"wgl_woo_button_wrapper\"><a href=\"https:\/\/dirigocoating.pl\/en\/product\/dp3360-finishing-filler\/\" aria-describedby=\"woocommerce_loop_add_to_cart_link_describedby_11824\" data-quantity=\"1\" class=\"button product_type_simple with-border\" data-product_id=\"11824\" data-product_sku=\"\" aria-label=\"Read more about &ldquo;DP3360 Finishing Filler&rdquo;\" rel=\"nofollow\" data-success_message=\"\">Read more<\/a>\t<span id=\"woocommerce_loop_add_to_cart_link_describedby_11824\" class=\"screen-reader-text\">\n\t\t\t<\/span>\n<\/div>            <\/div><div class=\"woo_product_content\"><h2 class=\"woocommerce-loop-product__title\"><a href=\"https:\/\/dirigocoating.pl\/en\/product\/dp3360-finishing-filler\/\" class=\"woocommerce-LoopProduct-link woocommerce-loop-product__link\">DP3360 Finishing Filler<\/a><\/h2>\n<\/div><\/div><\/div><div class=\"item product type-product post-11823 status-publish instock product_cat-marine-en product_tag-putties has-post-thumbnail shipping-taxable product-type-simple\"><div class=\"woo_product_inner_wrapper\">            <div class=\"woo_product_image shop_media\">\r\n                <div class=\"picture no_effects\">                        <a class=\"woo_post-link\" href=\"https:\/\/dirigocoating.pl\/en\/product\/dp3350-fairing-lite\/\"><img decoding=\"async\" src=\"https:\/\/dirigocoating.pl\/wp-content\/uploads\/2025\/06\/dp-3350-300x300-1-150x150.png\" alt=\"\" \/>                        <\/a>                <\/div>\r\n                <div class=\"wgl_woo_button_wrapper\"><a href=\"https:\/\/dirigocoating.pl\/en\/product\/dp3350-fairing-lite\/\" aria-describedby=\"woocommerce_loop_add_to_cart_link_describedby_11823\" data-quantity=\"1\" class=\"button product_type_simple with-border\" data-product_id=\"11823\" data-product_sku=\"\" aria-label=\"Read more about &ldquo;DP3350 Fairing Lite&rdquo;\" rel=\"nofollow\" data-success_message=\"\">Read more<\/a>\t<span id=\"woocommerce_loop_add_to_cart_link_describedby_11823\" class=\"screen-reader-text\">\n\t\t\t<\/span>\n<\/div>            <\/div><div class=\"woo_product_content\"><h2 class=\"woocommerce-loop-product__title\"><a href=\"https:\/\/dirigocoating.pl\/en\/product\/dp3350-fairing-lite\/\" class=\"woocommerce-LoopProduct-link woocommerce-loop-product__link\">DP3350 Fairing Lite<\/a><\/h2>\n<\/div><\/div><\/div><div class=\"item product type-product post-11822 status-publish last instock product_cat-marine-en product_tag-putties has-post-thumbnail shipping-taxable product-type-simple\"><div class=\"woo_product_inner_wrapper\">            <div class=\"woo_product_image shop_media\">\r\n                <div class=\"picture no_effects\">                        <a class=\"woo_post-link\" href=\"https:\/\/dirigocoating.pl\/en\/product\/dp3330-spray-fairing\/\"><img decoding=\"async\" src=\"https:\/\/dirigocoating.pl\/wp-content\/uploads\/2025\/06\/dp-3330-2-300x300-1-150x150.png\" alt=\"\" \/>                        <\/a>                <\/div>\r\n                <div class=\"wgl_woo_button_wrapper\"><a href=\"https:\/\/dirigocoating.pl\/en\/product\/dp3330-spray-fairing\/\" aria-describedby=\"woocommerce_loop_add_to_cart_link_describedby_11822\" data-quantity=\"1\" class=\"button product_type_simple with-border\" data-product_id=\"11822\" data-product_sku=\"\" aria-label=\"Read more about &ldquo;DP3330 Spray Fairing&rdquo;\" rel=\"nofollow\" data-success_message=\"\">Read more<\/a>\t<span id=\"woocommerce_loop_add_to_cart_link_describedby_11822\" class=\"screen-reader-text\">\n\t\t\t<\/span>\n<\/div>            <\/div><div class=\"woo_product_content\"><h2 class=\"woocommerce-loop-product__title\"><a href=\"https:\/\/dirigocoating.pl\/en\/product\/dp3330-spray-fairing\/\" class=\"woocommerce-LoopProduct-link woocommerce-loop-product__link\">DP3330 Spray Fairing<\/a><\/h2>\n<\/div><\/div><\/div><\/div><\/div><\/section>\t\t\t\t<\/div>\n\t\t\t\t<\/div>\n\t\t\t\t<div class=\"elementor-element elementor-element-cb7c137 elementor-widget elementor-widget-text-editor\" data-id=\"cb7c137\" data-element_type=\"widget\" data-e-type=\"widget\" data-widget_type=\"text-editor.default\">\n\t\t\t\t<div class=\"elementor-widget-container\">\n\t\t\t\t\t\t\t\t\t<h3 data-start=\"201\" data-end=\"222\"><strong data-start=\"205\" data-end=\"220\">Putties<\/strong><\/h3><p data-start=\"223\" data-end=\"587\">High-quality putties for professional surface leveling in rail vehicles (trains, trams, wagons, locomotives), yachts, motorboats, and sailboats, as well as in buses, trucks, trailers, tankers, dump trucks, trailers, and ATV, quad, and motorcycle vehicles. They provide excellent adhesion, easy sanding, and a durable finish <\/p>\t\t\t\t\t\t\t\t<\/div>\n\t\t\t\t<\/div>\n\t\t\t\t\t<\/div>\n\t\t\t\t<\/div>\n\t\t\t\t<\/div>\n\t\t","protected":false},"excerpt":{"rendered":"<p>AllDodatkiEnergy SolutionsKolejMarineNon PaintPojazdy u\u017cytkowe\u015arodki czyszcz\u0105ce Dowiedz si\u0119 wi\u0119cej PercoTop CS165 Thixoflex Putty Dowiedz si\u0119 wi\u0119cej PercoTop CS162 High Temperature Putty Dowiedz si\u0119 wi\u0119cej PercoTop\u00ae CS161 Sprayable Putty Dowiedz si\u0119 wi\u0119cej Percotop CS160 Putty Dowiedz si\u0119 wi\u0119cej PercoTop CS170 Szpachla ognioodporna Dowiedz si\u0119 wi\u0119cej DP3360 Szpachla epoksydowa wyko\u0144czeniowa Dowiedz si\u0119 wi\u0119cej DP3350 Szpachla epoksydowa lekka Dowiedz [&hellip;]<\/p>\n","protected":false},"author":1,"featured_media":0,"parent":0,"menu_order":0,"comment_status":"closed","ping_status":"closed","template":"","meta":{"footnotes":""},"class_list":["post-11647","page","type-page","status-publish","hentry"],"_links":{"self":[{"href":"https:\/\/dirigocoating.pl\/en\/wp-json\/wp\/v2\/pages\/11647"}],"collection":[{"href":"https:\/\/dirigocoating.pl\/en\/wp-json\/wp\/v2\/pages"}],"about":[{"href":"https:\/\/dirigocoating.pl\/en\/wp-json\/wp\/v2\/types\/page"}],"author":[{"embeddable":true,"href":"https:\/\/dirigocoating.pl\/en\/wp-json\/wp\/v2\/users\/1"}],"replies":[{"embeddable":true,"href":"https:\/\/dirigocoating.pl\/en\/wp-json\/wp\/v2\/comments?post=11647"}],"version-history":[{"count":1,"href":"https:\/\/dirigocoating.pl\/en\/wp-json\/wp\/v2\/pages\/11647\/revisions"}],"predecessor-version":[{"id":11648,"href":"https:\/\/dirigocoating.pl\/en\/wp-json\/wp\/v2\/pages\/11647\/revisions\/11648"}],"wp:attachment":[{"href":"https:\/\/dirigocoating.pl\/en\/wp-json\/wp\/v2\/media?parent=11647"}],"curies":[{"name":"wp","href":"https:\/\/api.w.org\/{rel}","templated":true}]}}