{"id":11651,"date":"2025-06-16T07:10:08","date_gmt":"2025-06-16T07:10:08","guid":{"rendered":"https:\/\/dirigocoating.pl\/clearcoats\/"},"modified":"2025-08-07T10:43:35","modified_gmt":"2025-08-07T10:43:35","slug":"clearcoats","status":"publish","type":"page","link":"https:\/\/dirigocoating.pl\/en\/clearcoats\/","title":{"rendered":"Clearcoats"},"content":{"rendered":"\t\t<div data-elementor-type=\"wp-page\" data-elementor-id=\"11651\" class=\"elementor elementor-11651 elementor-6970\">\n\t\t\t\t<div class=\"elementor-element elementor-element-13a123f e-flex e-con-boxed e-con e-parent\" data-id=\"13a123f\" data-element_type=\"container\" data-e-type=\"container\">\n\t\t\t\t\t<div class=\"e-con-inner\">\n\t\t\t\t<div class=\"elementor-element elementor-element-a7c5546 columns-3 columns-tablet-2 columns-mobile-1 elementor-widget elementor-widget-wgl-products-grid\" data-id=\"a7c5546\" data-element_type=\"widget\" data-e-type=\"widget\" data-widget_type=\"wgl-products-grid.default\">\n\t\t\t\t<div class=\"elementor-widget-container\">\n\t\t\t\t\t<section class=\"wgl_cpt_section wgl-products-grid woocommerce\"><div class=\"wgl-filter_wrapper product__filter isotope-filter filter-center\"><div class=\"swiper wgl-filter_swiper_wrapper\"><div class=\"swiper-wrapper\"><a href=\"#\" data-filter=\".product\" class=\"swiper-slide active\">All<span class=\"filter_counter\"><\/span><\/a><a class=\"swiper-slide\" href=\"https:\/\/dirigocoating.pl\/en\/category-product\/additives\/\" data-filter=\".product_cat-additives\">Additives<span class=\"filter_counter\"><\/span><\/a><a class=\"swiper-slide\" href=\"https:\/\/dirigocoating.pl\/en\/category-product\/cleaners\/\" data-filter=\".product_cat-cleaners\">Cleaners<span class=\"filter_counter\"><\/span><\/a><a class=\"swiper-slide\" href=\"https:\/\/dirigocoating.pl\/en\/category-product\/commercial-vehicles-en\/\" data-filter=\".product_cat-commercial-vehicles-en\">Commercial vehicles<span class=\"filter_counter\"><\/span><\/a><a class=\"swiper-slide\" href=\"https:\/\/dirigocoating.pl\/en\/category-product\/energy-solutions-en\/\" data-filter=\".product_cat-energy-solutions-en\">Energy Solutions<span class=\"filter_counter\"><\/span><\/a><a class=\"swiper-slide\" href=\"https:\/\/dirigocoating.pl\/en\/category-product\/non-paint-en\/\" data-filter=\".product_cat-non-paint-en\">Non Paint<span class=\"filter_counter\"><\/span><\/a><a class=\"swiper-slide\" href=\"https:\/\/dirigocoating.pl\/en\/category-product\/railway\/\" data-filter=\".product_cat-railway\">Railway<span class=\"filter_counter\"><\/span><\/a><a class=\"swiper-slide\" href=\"https:\/\/dirigocoating.pl\/en\/category-product\/marine-en\/\" data-filter=\".product_cat-marine-en\">Marine<span class=\"filter_counter\"><\/span><\/a><\/div><\/div><\/div><div class=\"wgl-woocommerce-sorting\"><\/div><div class=\"wgl-products-catalog wgl-products-wrapper\"><div class=\"wgl-products container-grid isotope fit_rows\"><div class=\"item product type-product post-11536 status-publish first instock product_cat-commercial-vehicles-en product_tag-clear-varnishes product_tag-cv-clear has-post-thumbnail shipping-taxable product-type-simple\"><div class=\"woo_product_inner_wrapper\">            <div class=\"woo_product_image shop_media\">\r\n                <div class=\"picture no_effects\">                        <a class=\"woo_post-link\" href=\"https:\/\/dirigocoating.pl\/en\/product\/percotop-2k-hs-clearcoat-fast-drying-cs870\/\"><img decoding=\"async\" src=\"https:\/\/dirigocoating.pl\/wp-content\/uploads\/2025\/06\/cs-870-300x300-1-150x150.png\" alt=\"\" \/>                        <\/a>                <\/div>\r\n                <div class=\"wgl_woo_button_wrapper\"><a href=\"https:\/\/dirigocoating.pl\/en\/product\/percotop-2k-hs-clearcoat-fast-drying-cs870\/\" aria-describedby=\"woocommerce_loop_add_to_cart_link_describedby_11536\" data-quantity=\"1\" class=\"button product_type_simple with-border\" data-product_id=\"11536\" data-product_sku=\"\" aria-label=\"Read more about &ldquo;PercoTop 2K HS Clearcoat Fast Drying CS870&rdquo;\" rel=\"nofollow\" data-success_message=\"\">Read more<\/a>\t<span id=\"woocommerce_loop_add_to_cart_link_describedby_11536\" class=\"screen-reader-text\">\n\t\t\t<\/span>\n<\/div>            <\/div><div class=\"woo_product_content\"><h2 class=\"woocommerce-loop-product__title\"><a href=\"https:\/\/dirigocoating.pl\/en\/product\/percotop-2k-hs-clearcoat-fast-drying-cs870\/\" class=\"woocommerce-LoopProduct-link woocommerce-loop-product__link\">PercoTop 2K HS Clearcoat Fast Drying CS870<\/a><\/h2>\n<\/div><\/div><\/div><div class=\"item product type-product post-11530 status-publish instock product_cat-commercial-vehicles-en product_tag-clear-varnishes product_tag-cv-clear has-post-thumbnail shipping-taxable product-type-simple\"><div class=\"woo_product_inner_wrapper\">            <div class=\"woo_product_image shop_media\">\r\n                <div class=\"picture no_effects\">                        <a class=\"woo_post-link\" href=\"https:\/\/dirigocoating.pl\/en\/product\/percotop-2k-hs-helacryl-clearcoat-cs811\/\"><img decoding=\"async\" src=\"https:\/\/dirigocoating.pl\/wp-content\/uploads\/2025\/06\/cs-811-300x300-1-150x150.png\" alt=\"\" \/>                        <\/a>                <\/div>\r\n                <div class=\"wgl_woo_button_wrapper\"><a href=\"https:\/\/dirigocoating.pl\/en\/product\/percotop-2k-hs-helacryl-clearcoat-cs811\/\" aria-describedby=\"woocommerce_loop_add_to_cart_link_describedby_11530\" data-quantity=\"1\" class=\"button product_type_simple with-border\" data-product_id=\"11530\" data-product_sku=\"\" aria-label=\"Read more about &ldquo;PercoTop 2K HS Helacryl Clearcoat CS811&rdquo;\" rel=\"nofollow\" data-success_message=\"\">Read more<\/a>\t<span id=\"woocommerce_loop_add_to_cart_link_describedby_11530\" class=\"screen-reader-text\">\n\t\t\t<\/span>\n<\/div>            <\/div><div class=\"woo_product_content\"><h2 class=\"woocommerce-loop-product__title\"><a href=\"https:\/\/dirigocoating.pl\/en\/product\/percotop-2k-hs-helacryl-clearcoat-cs811\/\" class=\"woocommerce-LoopProduct-link woocommerce-loop-product__link\">PercoTop 2K HS Helacryl Clearcoat CS811<\/a><\/h2>\n<\/div><\/div><\/div><div class=\"item product type-product post-11533 status-publish instock product_cat-commercial-vehicles-en product_tag-clear-varnishes product_tag-cv-clear has-post-thumbnail shipping-taxable product-type-simple\"><div class=\"woo_product_inner_wrapper\">            <div class=\"woo_product_image shop_media\">\r\n                <div class=\"picture no_effects\">                        <a class=\"woo_post-link\" href=\"https:\/\/dirigocoating.pl\/en\/product\/percotop-2k-hs-clearcoat-cs808\/\"><img decoding=\"async\" src=\"https:\/\/dirigocoating.pl\/wp-content\/uploads\/2025\/06\/cs-808-300x300-1-150x150.png\" alt=\"\" \/>                        <\/a>                <\/div>\r\n                <div class=\"wgl_woo_button_wrapper\"><a href=\"https:\/\/dirigocoating.pl\/en\/product\/percotop-2k-hs-clearcoat-cs808\/\" aria-describedby=\"woocommerce_loop_add_to_cart_link_describedby_11533\" data-quantity=\"1\" class=\"button product_type_simple with-border\" data-product_id=\"11533\" data-product_sku=\"\" aria-label=\"Read more about &ldquo;PercoTop 2K HS Clearcoat CS808.&rdquo;\" rel=\"nofollow\" data-success_message=\"\">Read more<\/a>\t<span id=\"woocommerce_loop_add_to_cart_link_describedby_11533\" class=\"screen-reader-text\">\n\t\t\t<\/span>\n<\/div>            <\/div><div class=\"woo_product_content\"><h2 class=\"woocommerce-loop-product__title\"><a href=\"https:\/\/dirigocoating.pl\/en\/product\/percotop-2k-hs-clearcoat-cs808\/\" class=\"woocommerce-LoopProduct-link woocommerce-loop-product__link\">PercoTop 2K HS Clearcoat CS808.<\/a><\/h2>\n<\/div><\/div><\/div><div class=\"item product type-product post-11528 status-publish last instock product_cat-commercial-vehicles-en product_tag-clear-varnishes product_tag-cv-clear has-post-thumbnail shipping-taxable product-type-simple\"><div class=\"woo_product_inner_wrapper\">            <div class=\"woo_product_image shop_media\">\r\n                <div class=\"picture no_effects\">                        <a class=\"woo_post-link\" href=\"https:\/\/dirigocoating.pl\/en\/product\/percotop-2k-hs-clearcoat-cs805\/\"><img decoding=\"async\" src=\"https:\/\/dirigocoating.pl\/wp-content\/uploads\/2025\/06\/CS805_5-L_mid-300x300-1-150x150.jpg\" alt=\"\" \/>                        <\/a>                <\/div>\r\n                <div class=\"wgl_woo_button_wrapper\"><a href=\"https:\/\/dirigocoating.pl\/en\/product\/percotop-2k-hs-clearcoat-cs805\/\" aria-describedby=\"woocommerce_loop_add_to_cart_link_describedby_11528\" data-quantity=\"1\" class=\"button product_type_simple with-border\" data-product_id=\"11528\" data-product_sku=\"\" aria-label=\"Read more about &ldquo;PercoTop 2K HS Clearcoat CS805&rdquo;\" rel=\"nofollow\" data-success_message=\"\">Read more<\/a>\t<span id=\"woocommerce_loop_add_to_cart_link_describedby_11528\" class=\"screen-reader-text\">\n\t\t\t<\/span>\n<\/div>            <\/div><div class=\"woo_product_content\"><h2 class=\"woocommerce-loop-product__title\"><a href=\"https:\/\/dirigocoating.pl\/en\/product\/percotop-2k-hs-clearcoat-cs805\/\" class=\"woocommerce-LoopProduct-link woocommerce-loop-product__link\">PercoTop 2K HS Clearcoat CS805<\/a><\/h2>\n<\/div><\/div><\/div><div class=\"item product type-product post-11522 status-publish first instock product_cat-commercial-vehicles-en product_tag-clear-varnishes product_tag-cv-clear has-post-thumbnail shipping-taxable product-type-simple\"><div class=\"woo_product_inner_wrapper\">            <div class=\"woo_product_image shop_media\">\r\n                <div class=\"picture no_effects\">                        <a class=\"woo_post-link\" href=\"https:\/\/dirigocoating.pl\/en\/product\/percotop-2k-ms-clearcoat-cs803\/\"><img decoding=\"async\" src=\"https:\/\/dirigocoating.pl\/wp-content\/uploads\/2025\/06\/KPM-1-13346-39530-3621_mid-300x300-1-150x150.jpg\" alt=\"\" \/>                        <\/a>                <\/div>\r\n                <div class=\"wgl_woo_button_wrapper\"><a href=\"https:\/\/dirigocoating.pl\/en\/product\/percotop-2k-ms-clearcoat-cs803\/\" aria-describedby=\"woocommerce_loop_add_to_cart_link_describedby_11522\" data-quantity=\"1\" class=\"button product_type_simple with-border\" data-product_id=\"11522\" data-product_sku=\"\" aria-label=\"Read more about &ldquo;PercoTop 2K MS Clearcoat CS803&rdquo;\" rel=\"nofollow\" data-success_message=\"\">Read more<\/a>\t<span id=\"woocommerce_loop_add_to_cart_link_describedby_11522\" class=\"screen-reader-text\">\n\t\t\t<\/span>\n<\/div>            <\/div><div class=\"woo_product_content\"><h2 class=\"woocommerce-loop-product__title\"><a href=\"https:\/\/dirigocoating.pl\/en\/product\/percotop-2k-ms-clearcoat-cs803\/\" class=\"woocommerce-LoopProduct-link woocommerce-loop-product__link\">PercoTop 2K MS Clearcoat CS803<\/a><\/h2>\n<\/div><\/div><\/div><div class=\"item product type-product post-11525 status-publish instock product_cat-commercial-vehicles-en product_tag-clear-varnishes product_tag-cv-clear has-post-thumbnail shipping-taxable product-type-simple\"><div class=\"woo_product_inner_wrapper\">            <div class=\"woo_product_image shop_media\">\r\n                <div class=\"picture no_effects\">                        <a class=\"woo_post-link\" href=\"https:\/\/dirigocoating.pl\/en\/product\/percotop-2k-ms-clearcoat-cs802\/\"><img decoding=\"async\" src=\"https:\/\/dirigocoating.pl\/wp-content\/uploads\/2025\/06\/KPM-1-12349-39487-3601_mid-300x300-1-150x150.jpg\" alt=\"\" \/>                        <\/a>                <\/div>\r\n                <div class=\"wgl_woo_button_wrapper\"><a href=\"https:\/\/dirigocoating.pl\/en\/product\/percotop-2k-ms-clearcoat-cs802\/\" aria-describedby=\"woocommerce_loop_add_to_cart_link_describedby_11525\" data-quantity=\"1\" class=\"button product_type_simple with-border\" data-product_id=\"11525\" data-product_sku=\"\" aria-label=\"Read more about &ldquo;PercoTop 2K MS Clearcoat CS802&rdquo;\" rel=\"nofollow\" data-success_message=\"\">Read more<\/a>\t<span id=\"woocommerce_loop_add_to_cart_link_describedby_11525\" class=\"screen-reader-text\">\n\t\t\t<\/span>\n<\/div>            <\/div><div class=\"woo_product_content\"><h2 class=\"woocommerce-loop-product__title\"><a href=\"https:\/\/dirigocoating.pl\/en\/product\/percotop-2k-ms-clearcoat-cs802\/\" class=\"woocommerce-LoopProduct-link woocommerce-loop-product__link\">PercoTop 2K MS Clearcoat CS802<\/a><\/h2>\n<\/div><\/div><\/div><div class=\"item product type-product post-11682 status-publish instock product_cat-railway product_tag-clear-varnishes product_tag-water-clearcoat product_tag-waterbase has-post-thumbnail shipping-taxable product-type-simple\"><div class=\"woo_product_inner_wrapper\">            <div class=\"woo_product_image shop_media\">\r\n                <div class=\"picture no_effects\">                        <a class=\"woo_post-link\" href=\"https:\/\/dirigocoating.pl\/en\/product\/imron-hydro-clearcoat-hc300-2k-waterbased-clearcoat\/\"><img decoding=\"async\" src=\"https:\/\/dirigocoating.pl\/wp-content\/uploads\/2025\/06\/pur300-5-150x150.png\" alt=\"\" \/>                        <\/a>                <\/div>\r\n                <div class=\"wgl_woo_button_wrapper\"><a href=\"https:\/\/dirigocoating.pl\/en\/product\/imron-hydro-clearcoat-hc300-2k-waterbased-clearcoat\/\" aria-describedby=\"woocommerce_loop_add_to_cart_link_describedby_11682\" data-quantity=\"1\" class=\"button product_type_simple with-border\" data-product_id=\"11682\" data-product_sku=\"\" aria-label=\"Read more about &ldquo;Imron Hydro Clearcoat HC300 2K Waterbased Clearcoat&rdquo;\" rel=\"nofollow\" data-success_message=\"\">Read more<\/a>\t<span id=\"woocommerce_loop_add_to_cart_link_describedby_11682\" class=\"screen-reader-text\">\n\t\t\t<\/span>\n<\/div>            <\/div><div class=\"woo_product_content\"><h2 class=\"woocommerce-loop-product__title\"><a href=\"https:\/\/dirigocoating.pl\/en\/product\/imron-hydro-clearcoat-hc300-2k-waterbased-clearcoat\/\" class=\"woocommerce-LoopProduct-link woocommerce-loop-product__link\">Imron Hydro Clearcoat HC300 2K Waterbased Clearcoat<\/a><\/h2>\n<\/div><\/div><\/div><div class=\"item product type-product post-11797 status-publish last instock product_cat-commercial-vehicles-en product_cat-railway product_tag-clear-varnishes product_tag-cv-clear product_tag-solvent product_tag-solvent-clearcoat has-post-thumbnail shipping-taxable product-type-simple\"><div class=\"woo_product_inner_wrapper\">            <div class=\"woo_product_image shop_media\">\r\n                <div class=\"picture no_effects\">                        <a class=\"woo_post-link\" href=\"https:\/\/dirigocoating.pl\/en\/product\/percotop-cs807-spies-hecker-sh8330\/\"><img decoding=\"async\" src=\"https:\/\/dirigocoating.pl\/wp-content\/uploads\/2025\/06\/cs-807-300x300-1-150x150.png\" alt=\"\" \/>                        <\/a>                <\/div>\r\n                <div class=\"wgl_woo_button_wrapper\"><a href=\"https:\/\/dirigocoating.pl\/en\/product\/percotop-cs807-spies-hecker-sh8330\/\" aria-describedby=\"woocommerce_loop_add_to_cart_link_describedby_11797\" data-quantity=\"1\" class=\"button product_type_simple with-border\" data-product_id=\"11797\" data-product_sku=\"\" aria-label=\"Read more about &ldquo;PercoTop CS807 \/ Spies Hecker SH8330&rdquo;\" rel=\"nofollow\" data-success_message=\"\">Read more<\/a>\t<span id=\"woocommerce_loop_add_to_cart_link_describedby_11797\" class=\"screen-reader-text\">\n\t\t\t<\/span>\n<\/div>            <\/div><div class=\"woo_product_content\"><h2 class=\"woocommerce-loop-product__title\"><a href=\"https:\/\/dirigocoating.pl\/en\/product\/percotop-cs807-spies-hecker-sh8330\/\" class=\"woocommerce-LoopProduct-link woocommerce-loop-product__link\">PercoTop CS807 \/ Spies Hecker SH8330<\/a><\/h2>\n<\/div><\/div><\/div><div class=\"item product type-product post-11816 status-publish first instock product_cat-marine-en product_tag-clear-varnishes has-post-thumbnail shipping-taxable product-type-simple\"><div class=\"woo_product_inner_wrapper\">            <div class=\"woo_product_image shop_media\">\r\n                <div class=\"picture no_effects\">                        <a class=\"woo_post-link\" href=\"https:\/\/dirigocoating.pl\/en\/product\/dp6940-imron-super-flow-hs\/\"><img decoding=\"async\" src=\"https:\/\/dirigocoating.pl\/wp-content\/uploads\/2025\/06\/1250068917-300x300-1-150x150.jpg\" alt=\"\" \/>                        <\/a>                <\/div>\r\n                <div class=\"wgl_woo_button_wrapper\"><a href=\"https:\/\/dirigocoating.pl\/en\/product\/dp6940-imron-super-flow-hs\/\" aria-describedby=\"woocommerce_loop_add_to_cart_link_describedby_11816\" data-quantity=\"1\" class=\"button product_type_simple with-border\" data-product_id=\"11816\" data-product_sku=\"\" aria-label=\"Read more about &ldquo;DP6940 Imron\u00ae Super Flow HS&rdquo;\" rel=\"nofollow\" data-success_message=\"\">Read more<\/a>\t<span id=\"woocommerce_loop_add_to_cart_link_describedby_11816\" class=\"screen-reader-text\">\n\t\t\t<\/span>\n<\/div>            <\/div><div class=\"woo_product_content\"><h2 class=\"woocommerce-loop-product__title\"><a href=\"https:\/\/dirigocoating.pl\/en\/product\/dp6940-imron-super-flow-hs\/\" class=\"woocommerce-LoopProduct-link woocommerce-loop-product__link\">DP6940 Imron\u00ae Super Flow HS<\/a><\/h2>\n<\/div><\/div><\/div><\/div><\/div><\/section>\t\t\t\t<\/div>\n\t\t\t\t<\/div>\n\t\t\t\t\t<\/div>\n\t\t\t\t<\/div>\n\t\t<div class=\"elementor-element elementor-element-5f9e776 e-flex e-con-boxed e-con e-parent\" data-id=\"5f9e776\" data-element_type=\"container\" data-e-type=\"container\">\n\t\t\t\t\t<div class=\"e-con-inner\">\n\t\t\t\t<div class=\"elementor-element elementor-element-3c634bf elementor-widget elementor-widget-text-editor\" data-id=\"3c634bf\" data-element_type=\"widget\" data-e-type=\"widget\" data-widget_type=\"text-editor.default\">\n\t\t\t\t<div class=\"elementor-widget-container\">\n\t\t\t\t\t\t\t\t\t<h3 data-start=\"1621\" data-end=\"1648\"><strong data-start=\"1625\" data-end=\"1646\">Clearcoats<\/strong><\/h3><p data-start=\"1649\" data-end=\"1948\">Clear protective coatings that provide long-lasting gloss and surface durability. Used as a finishing layer in painting trams, railcars, motorboats and yachts, commercial vehicles (buses, trucks, trailers, tankers), motorcycles, and quads. They protect color, enhance UV resistance, and facilitate cleaning.  <\/p>\t\t\t\t\t\t\t\t<\/div>\n\t\t\t\t<\/div>\n\t\t\t\t\t<\/div>\n\t\t\t\t<\/div>\n\t\t\t\t<\/div>\n\t\t","protected":false},"excerpt":{"rendered":"<p>AllDodatkiEnergy SolutionsKolejMarineNon PaintPojazdy u\u017cytkowe\u015arodki czyszcz\u0105ce Dowiedz si\u0119 wi\u0119cej PercoTop 2K HS Clearcoat Fast Drying CS870 Dowiedz si\u0119 wi\u0119cej PercoTop 2K HS Helacryl Clearcoat CS811 Dowiedz si\u0119 wi\u0119cej PercoTop 2K HS Clearcoat CS808 Dowiedz si\u0119 wi\u0119cej PercoTop 2K HS Clearcoat CS805 Dowiedz si\u0119 wi\u0119cej PercoTop 2K MS Clearcoat CS803 Dowiedz si\u0119 wi\u0119cej PercoTop 2K MS Clearcoat [&hellip;]<\/p>\n","protected":false},"author":1,"featured_media":0,"parent":0,"menu_order":0,"comment_status":"closed","ping_status":"closed","template":"","meta":{"footnotes":""},"class_list":["post-11651","page","type-page","status-publish","hentry"],"_links":{"self":[{"href":"https:\/\/dirigocoating.pl\/en\/wp-json\/wp\/v2\/pages\/11651"}],"collection":[{"href":"https:\/\/dirigocoating.pl\/en\/wp-json\/wp\/v2\/pages"}],"about":[{"href":"https:\/\/dirigocoating.pl\/en\/wp-json\/wp\/v2\/types\/page"}],"author":[{"embeddable":true,"href":"https:\/\/dirigocoating.pl\/en\/wp-json\/wp\/v2\/users\/1"}],"replies":[{"embeddable":true,"href":"https:\/\/dirigocoating.pl\/en\/wp-json\/wp\/v2\/comments?post=11651"}],"version-history":[{"count":3,"href":"https:\/\/dirigocoating.pl\/en\/wp-json\/wp\/v2\/pages\/11651\/revisions"}],"predecessor-version":[{"id":11654,"href":"https:\/\/dirigocoating.pl\/en\/wp-json\/wp\/v2\/pages\/11651\/revisions\/11654"}],"wp:attachment":[{"href":"https:\/\/dirigocoating.pl\/en\/wp-json\/wp\/v2\/media?parent=11651"}],"curies":[{"name":"wp","href":"https:\/\/api.w.org\/{rel}","templated":true}]}}