{"id":11655,"date":"2025-06-16T07:07:11","date_gmt":"2025-06-16T07:07:11","guid":{"rendered":"https:\/\/dirigocoating.pl\/basecoats\/"},"modified":"2025-08-07T10:44:42","modified_gmt":"2025-08-07T10:44:42","slug":"basecoats","status":"publish","type":"page","link":"https:\/\/dirigocoating.pl\/en\/basecoats\/","title":{"rendered":"Basecoats"},"content":{"rendered":"\t\t<div data-elementor-type=\"wp-page\" data-elementor-id=\"11655\" class=\"elementor elementor-11655 elementor-6962\">\n\t\t\t\t<div class=\"elementor-element elementor-element-142d669 e-flex e-con-boxed e-con e-parent\" data-id=\"142d669\" data-element_type=\"container\" data-e-type=\"container\">\n\t\t\t\t\t<div class=\"e-con-inner\">\n\t\t\t\t<div class=\"elementor-element elementor-element-7e8a927 columns-3 columns-tablet-2 columns-mobile-1 elementor-widget elementor-widget-wgl-products-grid\" data-id=\"7e8a927\" data-element_type=\"widget\" data-e-type=\"widget\" data-widget_type=\"wgl-products-grid.default\">\n\t\t\t\t<div class=\"elementor-widget-container\">\n\t\t\t\t\t<section class=\"wgl_cpt_section wgl-products-grid woocommerce\"><div class=\"wgl-filter_wrapper product__filter isotope-filter filter-center\"><div class=\"swiper wgl-filter_swiper_wrapper\"><div class=\"swiper-wrapper\"><a href=\"#\" data-filter=\".product\" class=\"swiper-slide active\">All<span class=\"filter_counter\"><\/span><\/a><a class=\"swiper-slide\" href=\"https:\/\/dirigocoating.pl\/en\/category-product\/additives\/\" data-filter=\".product_cat-additives\">Additives<span class=\"filter_counter\"><\/span><\/a><a class=\"swiper-slide\" href=\"https:\/\/dirigocoating.pl\/en\/category-product\/cleaners\/\" data-filter=\".product_cat-cleaners\">Cleaners<span class=\"filter_counter\"><\/span><\/a><a class=\"swiper-slide\" href=\"https:\/\/dirigocoating.pl\/en\/category-product\/commercial-vehicles-en\/\" data-filter=\".product_cat-commercial-vehicles-en\">Commercial vehicles<span class=\"filter_counter\"><\/span><\/a><a class=\"swiper-slide\" href=\"https:\/\/dirigocoating.pl\/en\/category-product\/energy-solutions-en\/\" data-filter=\".product_cat-energy-solutions-en\">Energy Solutions<span class=\"filter_counter\"><\/span><\/a><a class=\"swiper-slide\" href=\"https:\/\/dirigocoating.pl\/en\/category-product\/non-paint-en\/\" data-filter=\".product_cat-non-paint-en\">Non Paint<span class=\"filter_counter\"><\/span><\/a><a class=\"swiper-slide\" href=\"https:\/\/dirigocoating.pl\/en\/category-product\/railway\/\" data-filter=\".product_cat-railway\">Railway<span class=\"filter_counter\"><\/span><\/a><a class=\"swiper-slide\" href=\"https:\/\/dirigocoating.pl\/en\/category-product\/marine-en\/\" data-filter=\".product_cat-marine-en\">Marine<span class=\"filter_counter\"><\/span><\/a><\/div><\/div><\/div><div class=\"wgl-products-catalog wgl-products-wrapper\"><div class=\"wgl-products container-grid isotope fit_rows\"><div class=\"item product type-product post-11499 status-publish first instock product_cat-commercial-vehicles-en product_tag-basecoats product_tag-cv-base-en has-post-thumbnail shipping-taxable product-type-simple\"><div class=\"woo_product_inner_wrapper\">            <div class=\"woo_product_image shop_media\">\r\n                <div class=\"picture no_effects\">                        <a class=\"woo_post-link\" href=\"https:\/\/dirigocoating.pl\/en\/product\/percotop-basecoat\/\"><img decoding=\"async\" src=\"https:\/\/dirigocoating.pl\/wp-content\/uploads\/2025\/06\/KPM-1-36626-136363-27558_mid_480_0_300_RGB-300x300-1-150x150.jpg\" alt=\"\" \/>                        <\/a>                <\/div>\r\n                <div class=\"wgl_woo_button_wrapper\"><a href=\"https:\/\/dirigocoating.pl\/en\/product\/percotop-basecoat\/\" aria-describedby=\"woocommerce_loop_add_to_cart_link_describedby_11499\" data-quantity=\"1\" class=\"button product_type_simple with-border\" data-product_id=\"11499\" data-product_sku=\"\" aria-label=\"Read more about &ldquo;PercoTop Basecoat&rdquo;\" rel=\"nofollow\" data-success_message=\"\">Read more<\/a>\t<span id=\"woocommerce_loop_add_to_cart_link_describedby_11499\" class=\"screen-reader-text\">\n\t\t\t<\/span>\n<\/div>            <\/div><div class=\"woo_product_content\"><h2 class=\"woocommerce-loop-product__title\"><a href=\"https:\/\/dirigocoating.pl\/en\/product\/percotop-basecoat\/\" class=\"woocommerce-LoopProduct-link woocommerce-loop-product__link\">PercoTop Basecoat<\/a><\/h2>\n<\/div><\/div><\/div><div class=\"item product type-product post-11493 status-publish instock product_cat-commercial-vehicles-en product_tag-basecoats product_tag-cv-base-en has-post-thumbnail shipping-taxable product-type-simple\"><div class=\"woo_product_inner_wrapper\">            <div class=\"woo_product_image shop_media\">\r\n                <div class=\"picture no_effects\">                        <a class=\"woo_post-link\" href=\"https:\/\/dirigocoating.pl\/en\/product\/centari-6000\/\"><img decoding=\"async\" src=\"https:\/\/dirigocoating.pl\/wp-content\/uploads\/2025\/06\/6000-150x150.png\" alt=\"\" \/>                        <\/a>                <\/div>\r\n                <div class=\"wgl_woo_button_wrapper\"><a href=\"https:\/\/dirigocoating.pl\/en\/product\/centari-6000\/\" aria-describedby=\"woocommerce_loop_add_to_cart_link_describedby_11493\" data-quantity=\"1\" class=\"button product_type_simple with-border\" data-product_id=\"11493\" data-product_sku=\"\" aria-label=\"Read more about &ldquo;Centari 6000&rdquo;\" rel=\"nofollow\" data-success_message=\"\">Read more<\/a>\t<span id=\"woocommerce_loop_add_to_cart_link_describedby_11493\" class=\"screen-reader-text\">\n\t\t\t<\/span>\n<\/div>            <\/div><div class=\"woo_product_content\"><h2 class=\"woocommerce-loop-product__title\"><a href=\"https:\/\/dirigocoating.pl\/en\/product\/centari-6000\/\" class=\"woocommerce-LoopProduct-link woocommerce-loop-product__link\">Centari 6000<\/a><\/h2>\n<\/div><\/div><\/div><div class=\"item product type-product post-11684 status-publish instock product_cat-railway product_tag-base-waterborn product_tag-basecoats product_tag-waterbase has-post-thumbnail shipping-taxable product-type-simple\"><div class=\"woo_product_inner_wrapper\">            <div class=\"woo_product_image shop_media\">\r\n                <div class=\"picture no_effects\">                        <a class=\"woo_post-link\" href=\"https:\/\/dirigocoating.pl\/en\/product\/imron-hydrobasecoat-8200\/\"><img decoding=\"async\" src=\"https:\/\/dirigocoating.pl\/wp-content\/uploads\/2025\/06\/imron-8200-150x150.png\" alt=\"\" \/>                        <\/a>                <\/div>\r\n                <div class=\"wgl_woo_button_wrapper\"><a href=\"https:\/\/dirigocoating.pl\/en\/product\/imron-hydrobasecoat-8200\/\" aria-describedby=\"woocommerce_loop_add_to_cart_link_describedby_11684\" data-quantity=\"1\" class=\"button product_type_simple with-border\" data-product_id=\"11684\" data-product_sku=\"\" aria-label=\"Read more about &ldquo;Imron HydroBaseCoat 8200&rdquo;\" rel=\"nofollow\" data-success_message=\"\">Read more<\/a>\t<span id=\"woocommerce_loop_add_to_cart_link_describedby_11684\" class=\"screen-reader-text\">\n\t\t\t<\/span>\n<\/div>            <\/div><div class=\"woo_product_content\"><h2 class=\"woocommerce-loop-product__title\"><a href=\"https:\/\/dirigocoating.pl\/en\/product\/imron-hydrobasecoat-8200\/\" class=\"woocommerce-LoopProduct-link woocommerce-loop-product__link\">Imron HydroBaseCoat 8200<\/a><\/h2>\n<\/div><\/div><\/div><div class=\"item product type-product post-11808 status-publish last instock product_cat-railway product_tag-base-waterborn product_tag-basecoats product_tag-waterbase has-post-thumbnail shipping-taxable product-type-simple\"><div class=\"woo_product_inner_wrapper\">            <div class=\"woo_product_image shop_media\">\r\n                <div class=\"picture no_effects\">                        <a class=\"woo_post-link\" href=\"https:\/\/dirigocoating.pl\/en\/product\/imron-hydrobasecoat-7230\/\"><img decoding=\"async\" src=\"https:\/\/dirigocoating.pl\/wp-content\/uploads\/2025\/06\/imron-7230-150x150.png\" alt=\"\" \/>                        <\/a>                <\/div>\r\n                <div class=\"wgl_woo_button_wrapper\"><a href=\"https:\/\/dirigocoating.pl\/en\/product\/imron-hydrobasecoat-7230\/\" aria-describedby=\"woocommerce_loop_add_to_cart_link_describedby_11808\" data-quantity=\"1\" class=\"button product_type_simple with-border\" data-product_id=\"11808\" data-product_sku=\"\" aria-label=\"Read more about &ldquo;Imron HydroBaseCoat 7230&rdquo;\" rel=\"nofollow\" data-success_message=\"\">Read more<\/a>\t<span id=\"woocommerce_loop_add_to_cart_link_describedby_11808\" class=\"screen-reader-text\">\n\t\t\t<\/span>\n<\/div>            <\/div><div class=\"woo_product_content\"><h2 class=\"woocommerce-loop-product__title\"><a href=\"https:\/\/dirigocoating.pl\/en\/product\/imron-hydrobasecoat-7230\/\" class=\"woocommerce-LoopProduct-link woocommerce-loop-product__link\">Imron HydroBaseCoat 7230<\/a><\/h2>\n<\/div><\/div><\/div><div class=\"item product type-product post-11794 status-publish first instock product_cat-railway product_tag-basecoats product_tag-solvent product_tag-solvent-base has-post-thumbnail shipping-taxable product-type-simple\"><div class=\"woo_product_inner_wrapper\">            <div class=\"woo_product_image shop_media\">\r\n                <div class=\"picture no_effects\">                        <a class=\"woo_post-link\" href=\"https:\/\/dirigocoating.pl\/en\/product\/centari-600\/\"><img decoding=\"async\" src=\"https:\/\/dirigocoating.pl\/wp-content\/uploads\/2025\/06\/centaari600-150x150.png\" alt=\"\" \/>                        <\/a>                <\/div>\r\n                <div class=\"wgl_woo_button_wrapper\"><a href=\"https:\/\/dirigocoating.pl\/en\/product\/centari-600\/\" aria-describedby=\"woocommerce_loop_add_to_cart_link_describedby_11794\" data-quantity=\"1\" class=\"button product_type_simple with-border\" data-product_id=\"11794\" data-product_sku=\"\" aria-label=\"Read more about &ldquo;Centari 600&rdquo;\" rel=\"nofollow\" data-success_message=\"\">Read more<\/a>\t<span id=\"woocommerce_loop_add_to_cart_link_describedby_11794\" class=\"screen-reader-text\">\n\t\t\t<\/span>\n<\/div>            <\/div><div class=\"woo_product_content\"><h2 class=\"woocommerce-loop-product__title\"><a href=\"https:\/\/dirigocoating.pl\/en\/product\/centari-600\/\" class=\"woocommerce-LoopProduct-link woocommerce-loop-product__link\">Centari 600<\/a><\/h2>\n<\/div><\/div><\/div><div class=\"item product type-product post-11814 status-publish instock product_cat-marine-en product_tag-basecoats has-post-thumbnail shipping-taxable product-type-simple\"><div class=\"woo_product_inner_wrapper\">            <div class=\"woo_product_image shop_media\">\r\n                <div class=\"picture no_effects\">                        <a class=\"woo_post-link\" href=\"https:\/\/dirigocoating.pl\/en\/product\/basecoat-imron-marine\/\"><img decoding=\"async\" src=\"https:\/\/dirigocoating.pl\/wp-content\/uploads\/2025\/06\/marine-base-coat-300x300-1-150x150.png\" alt=\"\" \/>                        <\/a>                <\/div>\r\n                <div class=\"wgl_woo_button_wrapper\"><a href=\"https:\/\/dirigocoating.pl\/en\/product\/basecoat-imron-marine\/\" aria-describedby=\"woocommerce_loop_add_to_cart_link_describedby_11814\" data-quantity=\"1\" class=\"button product_type_simple with-border\" data-product_id=\"11814\" data-product_sku=\"\" aria-label=\"Read more about &ldquo;Basecoat Imron Marine&rdquo;\" rel=\"nofollow\" data-success_message=\"\">Read more<\/a>\t<span id=\"woocommerce_loop_add_to_cart_link_describedby_11814\" class=\"screen-reader-text\">\n\t\t\t<\/span>\n<\/div>            <\/div><div class=\"woo_product_content\"><h2 class=\"woocommerce-loop-product__title\"><a href=\"https:\/\/dirigocoating.pl\/en\/product\/basecoat-imron-marine\/\" class=\"woocommerce-LoopProduct-link woocommerce-loop-product__link\">Basecoat Imron Marine<\/a><\/h2>\n<\/div><\/div><\/div><\/div><\/div><\/section>\t\t\t\t<\/div>\n\t\t\t\t<\/div>\n\t\t\t\t\t<\/div>\n\t\t\t\t<\/div>\n\t\t<div class=\"elementor-element elementor-element-7e20072 e-flex e-con-boxed e-con e-parent\" data-id=\"7e20072\" data-element_type=\"container\" data-e-type=\"container\">\n\t\t\t\t\t<div class=\"e-con-inner\">\n\t\t\t\t<div class=\"elementor-element elementor-element-a09d762 elementor-widget elementor-widget-text-editor\" data-id=\"a09d762\" data-element_type=\"widget\" data-e-type=\"widget\" data-widget_type=\"text-editor.default\">\n\t\t\t\t<div class=\"elementor-widget-container\">\n\t\t\t\t\t\t\t\t\t<h3 data-start=\"970\" data-end=\"994\"><strong data-start=\"974\" data-end=\"992\">Basecoats<\/strong><\/h3><p data-start=\"995\" data-end=\"1299\">Base coats offering intense, durable colors perfect for rail vehicles, boats, buses, trucks, motorcycles, quads, and specialty vehicles. With a wide range of shades and precise color matching capabilities, they perform excellently in both manufacturing and refurbishment. <\/p>\t\t\t\t\t\t\t\t<\/div>\n\t\t\t\t<\/div>\n\t\t\t\t\t<\/div>\n\t\t\t\t<\/div>\n\t\t\t\t<\/div>\n\t\t","protected":false},"excerpt":{"rendered":"<p>AllDodatkiEnergy SolutionsKolejMarineNon PaintPojazdy u\u017cytkowe\u015arodki czyszcz\u0105ce Dowiedz si\u0119 wi\u0119cej PercoTop Basecoat Dowiedz si\u0119 wi\u0119cej Centari 6000 Dowiedz si\u0119 wi\u0119cej Imron HydroBaseCoat 8200 Dowiedz si\u0119 wi\u0119cej Imron HydroBaseCoat 7230 Dowiedz si\u0119 wi\u0119cej Centari 600 Dowiedz si\u0119 wi\u0119cej Basecoat Imron Marine Basecoats Base coats offering intense, durable colors perfect for rail vehicles, boats, buses, trucks, motorcycles, quads, and [&hellip;]<\/p>\n","protected":false},"author":1,"featured_media":0,"parent":0,"menu_order":0,"comment_status":"closed","ping_status":"closed","template":"","meta":{"footnotes":""},"class_list":["post-11655","page","type-page","status-publish","hentry"],"_links":{"self":[{"href":"https:\/\/dirigocoating.pl\/en\/wp-json\/wp\/v2\/pages\/11655"}],"collection":[{"href":"https:\/\/dirigocoating.pl\/en\/wp-json\/wp\/v2\/pages"}],"about":[{"href":"https:\/\/dirigocoating.pl\/en\/wp-json\/wp\/v2\/types\/page"}],"author":[{"embeddable":true,"href":"https:\/\/dirigocoating.pl\/en\/wp-json\/wp\/v2\/users\/1"}],"replies":[{"embeddable":true,"href":"https:\/\/dirigocoating.pl\/en\/wp-json\/wp\/v2\/comments?post=11655"}],"version-history":[{"count":1,"href":"https:\/\/dirigocoating.pl\/en\/wp-json\/wp\/v2\/pages\/11655\/revisions"}],"predecessor-version":[{"id":11656,"href":"https:\/\/dirigocoating.pl\/en\/wp-json\/wp\/v2\/pages\/11655\/revisions\/11656"}],"wp:attachment":[{"href":"https:\/\/dirigocoating.pl\/en\/wp-json\/wp\/v2\/media?parent=11655"}],"curies":[{"name":"wp","href":"https:\/\/api.w.org\/{rel}","templated":true}]}}