{"id":11659,"date":"2025-07-01T11:32:59","date_gmt":"2025-07-01T11:32:59","guid":{"rendered":"https:\/\/dirigocoating.pl\/privacy-policy\/"},"modified":"2025-08-14T09:29:50","modified_gmt":"2025-08-14T09:29:50","slug":"privacy-policy","status":"publish","type":"page","link":"https:\/\/dirigocoating.pl\/en\/privacy-policy\/","title":{"rendered":"Privacy Policy"},"content":{"rendered":"<p><strong>Dirigo Coating S.A.<\/strong><\/p><h2 class=\"wp-block-heading\">1. General Information<\/h2><p>This privacy policy defines the principles for processing and protecting the personal data of users accessing the website available at: dirigocoating.pl<\/p><p>The data controller is:<br\/>Dirigo Coating Sp\u00f3\u0142ka Akcyjna<br\/>Wielicka 29 street<br\/>32-406 Czech\u00f3wka, Polska<br\/>E-mail: biuro@dirigocoating.pl<br\/>NIP: 6812103779<br\/>REGON: 527358015<br\/>KRS: 0001090139<br\/>NUMER BDO: 000657639 <\/p><h2 class=\"wp-block-heading\">2. What data do we collect?<\/h2><h3 class=\"wp-block-heading\">a) Automatically Collected Data (Google Analytics)<\/h3><p>While using our website, technical data automatically transmitted by the user&#8217;s browser is collected, such as:<\/p><ul class=\"wp-block-list\"><li>adres IP,<\/li>\n\n<li>browser type and operating system,<\/li>\n\n<li>visit duration, visited pages, referral source.<\/li><\/ul><p>This data is collected via Google Analytics and is used for statistical purposes and to optimize the website&#8217;s performance.<\/p><h3 class=\"wp-block-heading\">b) Data Provided Voluntarily (Contact Form)<\/h3><p>If the user uses the contact form, we process the data voluntarily provided to us, such as:<\/p><ul class=\"wp-block-list\"><li>e-mail,<\/li>\n\n<li>message content,<\/li>\n\n<li>name and surname (if provided),<\/li>\n\n<li>IP address (technically recorded when the message is sent).<\/li><\/ul><p>These data are used solely to provide a response and conduct correspondence.<\/p><h2 class=\"wp-block-heading\">3. Purpose and Legal Basis for Data Processing<\/h2><p>We process personal data:<\/p><ul class=\"wp-block-list\"><li>for the purpose of enabling contact and providing a response to the inquiry (Art. 6(1)(f) GDPR \u2013 legitimate interest of the data controller),<\/li>\n\n<li>for statistical and technical purposes related to the operation of the website (also Art. 6(1)(f) GDPR).<\/li><\/ul><h2 class=\"wp-block-heading\">4. Files cookies<\/h2><p>The website uses cookies for technical and analytical purposes (Google Analytics).<br\/>The user can manage cookies through their browser settings.<\/p><p>We do not use cookies for advertising purposes or user profiling.<\/p><h2 class=\"wp-block-heading\">5. Data Sharing<\/h2><p>Data may be shared with entities supporting us in website management, including hosting companies and Google LLC (for Google Analytics). All data processors operate under data processing agreements and in compliance with the GDPR. <\/p><h2 class=\"wp-block-heading\">6. Data Retention Period<\/h2><p>Data from the contact form is stored for the time necessary to provide a response and conclude correspondence.<br\/>Statistical data collected by Google Analytics is stored in accordance with Google\u2019s policy, usually for up to 26 months.<\/p><h2 class=\"wp-block-heading\">7. User Rights<\/h2><p>The user has the right to:<\/p><ul class=\"wp-block-list\"><li>access to their data<\/li>\n\n<li>rectification or deletion of them,<\/li>\n\n<li>restriction of processing,<\/li>\n\n<li>to lodge an objection,<\/li>\n\n<li>to file a complaint with the President of the Personal Data Protection Office (the supervisory authority in Poland)<\/li><\/ul><p>To exercise these rights, please contact us at: biuro@dirigocoating.pl.<\/p><h2 class=\"wp-block-heading\">8. Voluntariness of Providing Data<\/h2><p>Providing data in the contact form is voluntary but necessary for us to respond to the submitted inquiry.<\/p><h2 class=\"wp-block-heading\">9. Changes to the Privacy Policy<\/h2><p>The privacy policy may be updated periodically. The current version is always available on our website. <\/p>","protected":false},"excerpt":{"rendered":"<p>Dirigo Coating S.A. 1. General Information This privacy policy defines the principles for processing and protecting the personal data of users accessing the website available at: dirigocoating.pl The data controller is:Dirigo Coating Sp\u00f3\u0142ka AkcyjnaWielicka 29 street32-406 Czech\u00f3wka, PolskaE-mail: biuro@dirigocoating.plNIP: 6812103779REGON: 527358015KRS: 0001090139NUMER BDO: 000657639 2. What data do we collect? a) Automatically Collected Data (Google [&hellip;]<\/p>\n","protected":false},"author":1,"featured_media":0,"parent":0,"menu_order":0,"comment_status":"closed","ping_status":"closed","template":"","meta":{"footnotes":""},"class_list":["post-11659","page","type-page","status-publish","hentry"],"_links":{"self":[{"href":"https:\/\/dirigocoating.pl\/en\/wp-json\/wp\/v2\/pages\/11659"}],"collection":[{"href":"https:\/\/dirigocoating.pl\/en\/wp-json\/wp\/v2\/pages"}],"about":[{"href":"https:\/\/dirigocoating.pl\/en\/wp-json\/wp\/v2\/types\/page"}],"author":[{"embeddable":true,"href":"https:\/\/dirigocoating.pl\/en\/wp-json\/wp\/v2\/users\/1"}],"replies":[{"embeddable":true,"href":"https:\/\/dirigocoating.pl\/en\/wp-json\/wp\/v2\/comments?post=11659"}],"version-history":[{"count":4,"href":"https:\/\/dirigocoating.pl\/en\/wp-json\/wp\/v2\/pages\/11659\/revisions"}],"predecessor-version":[{"id":12022,"href":"https:\/\/dirigocoating.pl\/en\/wp-json\/wp\/v2\/pages\/11659\/revisions\/12022"}],"wp:attachment":[{"href":"https:\/\/dirigocoating.pl\/en\/wp-json\/wp\/v2\/media?parent=11659"}],"curies":[{"name":"wp","href":"https:\/\/api.w.org\/{rel}","templated":true}]}}