{"id":12340,"date":"2025-07-24T10:30:23","date_gmt":"2025-07-24T10:30:23","guid":{"rendered":"https:\/\/dirigocoating.pl\/aditivos\/"},"modified":"2025-08-28T07:19:33","modified_gmt":"2025-08-28T07:19:33","slug":"aditivos","status":"publish","type":"page","link":"https:\/\/dirigocoating.pl\/es\/aditivos\/","title":{"rendered":"Aditivos"},"content":{"rendered":"\t\t<div data-elementor-type=\"wp-page\" data-elementor-id=\"12340\" class=\"elementor elementor-12340 elementor-7871\">\n\t\t\t\t<div class=\"elementor-element elementor-element-4ec8520 e-flex e-con-boxed e-con e-parent\" data-id=\"4ec8520\" data-element_type=\"container\" data-e-type=\"container\">\n\t\t\t\t\t<div class=\"e-con-inner\">\n\t\t\t\t<div class=\"elementor-element elementor-element-cc659a1 columns-4 columns-tablet-2 columns-mobile-1 elementor-widget elementor-widget-wgl-products-grid\" data-id=\"cc659a1\" data-element_type=\"widget\" data-e-type=\"widget\" data-widget_type=\"wgl-products-grid.default\">\n\t\t\t\t<div class=\"elementor-widget-container\">\n\t\t\t\t\t<section class=\"wgl_cpt_section wgl-products-grid woocommerce\"><div class=\"wgl-woocommerce-sorting\"><\/div><div class=\"wgl-products-catalog wgl-products-wrapper\"><div class=\"wgl-products container-grid fit_rows\"><div class=\"item product type-product post-11321 status-publish first instock product_cat-aditivos product_tag-brillo has-post-thumbnail shipping-taxable product-type-simple\"><div class=\"woo_product_inner_wrapper\">            <div class=\"woo_product_image shop_media\">\r\n                <div class=\"picture no_effects\">                        <a class=\"woo_post-link\" href=\"https:\/\/dirigocoating.pl\/es\/producto\/percotop-cs209-agente-de-brillo-2k\/\"><img decoding=\"async\" src=\"https:\/\/dirigocoating.pl\/wp-content\/uploads\/2025\/07\/cs209-150x150.png\" alt=\"\" \/>                        <\/a>                <\/div>\r\n                <div class=\"wgl_woo_button_wrapper\"><a href=\"https:\/\/dirigocoating.pl\/es\/producto\/percotop-cs209-agente-de-brillo-2k\/\" aria-describedby=\"woocommerce_loop_add_to_cart_link_describedby_11321\" data-quantity=\"1\" class=\"button product_type_simple with-border\" data-product_id=\"11321\" data-product_sku=\"\" aria-label=\"Lee m\u00e1s sobre &ldquo;PercoTop CS209 Agente de brillo 2K&rdquo;\" rel=\"nofollow\" data-success_message=\"\">Leer m\u00e1s<\/a>\t<span id=\"woocommerce_loop_add_to_cart_link_describedby_11321\" class=\"screen-reader-text\">\n\t\t\t<\/span>\n<\/div>            <\/div><div class=\"woo_product_content\"><h2 class=\"woocommerce-loop-product__title\"><a href=\"https:\/\/dirigocoating.pl\/es\/producto\/percotop-cs209-agente-de-brillo-2k\/\" class=\"woocommerce-LoopProduct-link woocommerce-loop-product__link\">PercoTop CS209 Agente de brillo 2K<\/a><\/h2>\n<\/div><\/div><\/div><div class=\"item product type-product post-11272 status-publish instock product_cat-aditivos has-post-thumbnail shipping-taxable product-type-simple\"><div class=\"woo_product_inner_wrapper\">            <div class=\"woo_product_image shop_media\">\r\n                <div class=\"picture no_effects\">                        <a class=\"woo_post-link\" href=\"https:\/\/dirigocoating.pl\/es\/producto\/aditivo-de-alta-coccion-percotop-cs230\/\"><img decoding=\"async\" src=\"https:\/\/dirigocoating.pl\/wp-content\/uploads\/2025\/07\/cs230-1-150x150.png\" alt=\"\" \/>                        <\/a>                <\/div>\r\n                <div class=\"wgl_woo_button_wrapper\"><a href=\"https:\/\/dirigocoating.pl\/es\/producto\/aditivo-de-alta-coccion-percotop-cs230\/\" aria-describedby=\"woocommerce_loop_add_to_cart_link_describedby_11272\" data-quantity=\"1\" class=\"button product_type_simple with-border\" data-product_id=\"11272\" data-product_sku=\"\" aria-label=\"Lee m\u00e1s sobre &ldquo;Aditivo de alta cocci\u00f3n PercoTop CS230&rdquo;\" rel=\"nofollow\" data-success_message=\"\">Leer m\u00e1s<\/a>\t<span id=\"woocommerce_loop_add_to_cart_link_describedby_11272\" class=\"screen-reader-text\">\n\t\t\t<\/span>\n<\/div>            <\/div><div class=\"woo_product_content\"><h2 class=\"woocommerce-loop-product__title\"><a href=\"https:\/\/dirigocoating.pl\/es\/producto\/aditivo-de-alta-coccion-percotop-cs230\/\" class=\"woocommerce-LoopProduct-link woocommerce-loop-product__link\">Aditivo de alta cocci\u00f3n PercoTop CS230<\/a><\/h2>\n<\/div><\/div><\/div><div class=\"item product type-product post-11257 status-publish instock product_cat-aditivos has-post-thumbnail shipping-taxable product-type-simple\"><div class=\"woo_product_inner_wrapper\">            <div class=\"woo_product_image shop_media\">\r\n                <div class=\"picture no_effects\">                        <a class=\"woo_post-link\" href=\"https:\/\/dirigocoating.pl\/es\/producto\/aditivos-de-textura-percotop\/\"><img decoding=\"async\" src=\"https:\/\/dirigocoating.pl\/wp-content\/uploads\/2025\/07\/cs220-1-150x150.png\" alt=\"\" \/>                        <\/a>                <\/div>\r\n                <div class=\"wgl_woo_button_wrapper\"><a href=\"https:\/\/dirigocoating.pl\/es\/producto\/aditivos-de-textura-percotop\/\" aria-describedby=\"woocommerce_loop_add_to_cart_link_describedby_11257\" data-quantity=\"1\" class=\"button product_type_simple with-border\" data-product_id=\"11257\" data-product_sku=\"\" aria-label=\"Lee m\u00e1s sobre &ldquo;Aditivos de textura PercoTop&rdquo;\" rel=\"nofollow\" data-success_message=\"\">Leer m\u00e1s<\/a>\t<span id=\"woocommerce_loop_add_to_cart_link_describedby_11257\" class=\"screen-reader-text\">\n\t\t\t<\/span>\n<\/div>            <\/div><div class=\"woo_product_content\"><h2 class=\"woocommerce-loop-product__title\"><a href=\"https:\/\/dirigocoating.pl\/es\/producto\/aditivos-de-textura-percotop\/\" class=\"woocommerce-LoopProduct-link woocommerce-loop-product__link\">Aditivos de textura PercoTop<\/a><\/h2>\n<\/div><\/div><\/div><div class=\"item product type-product post-11268 status-publish last instock product_cat-aditivos has-post-thumbnail shipping-taxable product-type-simple\"><div class=\"woo_product_inner_wrapper\">            <div class=\"woo_product_image shop_media\">\r\n                <div class=\"picture no_effects\">                        <a class=\"woo_post-link\" href=\"https:\/\/dirigocoating.pl\/es\/producto\/acelerador-de-secado-percotop-cs215\/\"><img decoding=\"async\" src=\"https:\/\/dirigocoating.pl\/wp-content\/uploads\/2025\/07\/KPM-1-13343-39543-3626_mid-150x150.jpg\" alt=\"\" \/>                        <\/a>                <\/div>\r\n                <div class=\"wgl_woo_button_wrapper\"><a href=\"https:\/\/dirigocoating.pl\/es\/producto\/acelerador-de-secado-percotop-cs215\/\" aria-describedby=\"woocommerce_loop_add_to_cart_link_describedby_11268\" data-quantity=\"1\" class=\"button product_type_simple with-border\" data-product_id=\"11268\" data-product_sku=\"\" aria-label=\"Lee m\u00e1s sobre &ldquo;Acelerador de secado PercoTop CS215&rdquo;\" rel=\"nofollow\" data-success_message=\"\">Leer m\u00e1s<\/a>\t<span id=\"woocommerce_loop_add_to_cart_link_describedby_11268\" class=\"screen-reader-text\">\n\t\t\t<\/span>\n<\/div>            <\/div><div class=\"woo_product_content\"><h2 class=\"woocommerce-loop-product__title\"><a href=\"https:\/\/dirigocoating.pl\/es\/producto\/acelerador-de-secado-percotop-cs215\/\" class=\"woocommerce-LoopProduct-link woocommerce-loop-product__link\">Acelerador de secado PercoTop CS215<\/a><\/h2>\n<\/div><\/div><\/div><div class=\"item product type-product post-11254 status-publish first instock product_cat-aditivos has-post-thumbnail shipping-taxable product-type-simple\"><div class=\"woo_product_inner_wrapper\">            <div class=\"woo_product_image shop_media\">\r\n                <div class=\"picture no_effects\">                        <a class=\"woo_post-link\" href=\"https:\/\/dirigocoating.pl\/es\/producto\/aditivo-multitono-percotop-cs214\/\"><img decoding=\"async\" src=\"https:\/\/dirigocoating.pl\/wp-content\/uploads\/2025\/07\/CS214_1-L_mid-150x150.jpg\" alt=\"\" \/>                        <\/a>                <\/div>\r\n                <div class=\"wgl_woo_button_wrapper\"><a href=\"https:\/\/dirigocoating.pl\/es\/producto\/aditivo-multitono-percotop-cs214\/\" aria-describedby=\"woocommerce_loop_add_to_cart_link_describedby_11254\" data-quantity=\"1\" class=\"button product_type_simple with-border\" data-product_id=\"11254\" data-product_sku=\"\" aria-label=\"Lee m\u00e1s sobre &ldquo;Aditivo multitono PercoTop CS214&rdquo;\" rel=\"nofollow\" data-success_message=\"\">Leer m\u00e1s<\/a>\t<span id=\"woocommerce_loop_add_to_cart_link_describedby_11254\" class=\"screen-reader-text\">\n\t\t\t<\/span>\n<\/div>            <\/div><div class=\"woo_product_content\"><h2 class=\"woocommerce-loop-product__title\"><a href=\"https:\/\/dirigocoating.pl\/es\/producto\/aditivo-multitono-percotop-cs214\/\" class=\"woocommerce-LoopProduct-link woocommerce-loop-product__link\">Aditivo multitono PercoTop CS214<\/a><\/h2>\n<\/div><\/div><\/div><div class=\"item product type-product post-11241 status-publish instock product_cat-aditivos has-post-thumbnail shipping-taxable product-type-simple\"><div class=\"woo_product_inner_wrapper\">            <div class=\"woo_product_image shop_media\">\r\n                <div class=\"picture no_effects\">                        <a class=\"woo_post-link\" href=\"https:\/\/dirigocoating.pl\/es\/producto\/percotop-cs213-aditivo-antisilicona\/\"><img decoding=\"async\" src=\"https:\/\/dirigocoating.pl\/wp-content\/uploads\/2025\/07\/CS213_1-L_mid-150x150.jpg\" alt=\"\" \/>                        <\/a>                <\/div>\r\n                <div class=\"wgl_woo_button_wrapper\"><a href=\"https:\/\/dirigocoating.pl\/es\/producto\/percotop-cs213-aditivo-antisilicona\/\" aria-describedby=\"woocommerce_loop_add_to_cart_link_describedby_11241\" data-quantity=\"1\" class=\"button product_type_simple with-border\" data-product_id=\"11241\" data-product_sku=\"\" aria-label=\"Lee m\u00e1s sobre &ldquo;PercoTop CS213 Aditivo antisilicona&rdquo;\" rel=\"nofollow\" data-success_message=\"\">Leer m\u00e1s<\/a>\t<span id=\"woocommerce_loop_add_to_cart_link_describedby_11241\" class=\"screen-reader-text\">\n\t\t\t<\/span>\n<\/div>            <\/div><div class=\"woo_product_content\"><h2 class=\"woocommerce-loop-product__title\"><a href=\"https:\/\/dirigocoating.pl\/es\/producto\/percotop-cs213-aditivo-antisilicona\/\" class=\"woocommerce-LoopProduct-link woocommerce-loop-product__link\">PercoTop CS213 Aditivo antisilicona<\/a><\/h2>\n<\/div><\/div><\/div><div class=\"item product type-product post-11314 status-publish instock product_cat-aditivos has-post-thumbnail shipping-taxable product-type-simple\"><div class=\"woo_product_inner_wrapper\">            <div class=\"woo_product_image shop_media\">\r\n                <div class=\"picture no_effects\">                        <a class=\"woo_post-link\" href=\"https:\/\/dirigocoating.pl\/es\/producto\/percotop-cs212-sikkativ-376\/\"><img decoding=\"async\" src=\"https:\/\/dirigocoating.pl\/wp-content\/uploads\/2025\/07\/KPM-1-35167-125855-24886_mid_480_0_300_RGB-150x150.jpg\" alt=\"\" \/>                        <\/a>                <\/div>\r\n                <div class=\"wgl_woo_button_wrapper\"><a href=\"https:\/\/dirigocoating.pl\/es\/producto\/percotop-cs212-sikkativ-376\/\" aria-describedby=\"woocommerce_loop_add_to_cart_link_describedby_11314\" data-quantity=\"1\" class=\"button product_type_simple with-border\" data-product_id=\"11314\" data-product_sku=\"\" aria-label=\"Lee m\u00e1s sobre &ldquo;PercoTop CS212 Sikkativ 376&rdquo;\" rel=\"nofollow\" data-success_message=\"\">Leer m\u00e1s<\/a>\t<span id=\"woocommerce_loop_add_to_cart_link_describedby_11314\" class=\"screen-reader-text\">\n\t\t\t<\/span>\n<\/div>            <\/div><div class=\"woo_product_content\"><h2 class=\"woocommerce-loop-product__title\"><a href=\"https:\/\/dirigocoating.pl\/es\/producto\/percotop-cs212-sikkativ-376\/\" class=\"woocommerce-LoopProduct-link woocommerce-loop-product__link\">PercoTop CS212 Sikkativ 376<\/a><\/h2>\n<\/div><\/div><\/div><div class=\"item product type-product post-11242 status-publish last instock product_cat-aditivos has-post-thumbnail shipping-taxable product-type-simple\"><div class=\"woo_product_inner_wrapper\">            <div class=\"woo_product_image shop_media\">\r\n                <div class=\"picture no_effects\">                        <a class=\"woo_post-link\" href=\"https:\/\/dirigocoating.pl\/es\/producto\/percotop-cs211-aditivo-brush-n-roll\/\"><img decoding=\"async\" src=\"https:\/\/dirigocoating.pl\/wp-content\/uploads\/2025\/07\/CS211_1-L_mid-150x150.jpg\" alt=\"\" \/>                        <\/a>                <\/div>\r\n                <div class=\"wgl_woo_button_wrapper\"><a href=\"https:\/\/dirigocoating.pl\/es\/producto\/percotop-cs211-aditivo-brush-n-roll\/\" aria-describedby=\"woocommerce_loop_add_to_cart_link_describedby_11242\" data-quantity=\"1\" class=\"button product_type_simple with-border\" data-product_id=\"11242\" data-product_sku=\"\" aria-label=\"Lee m\u00e1s sobre &ldquo;PercoTop CS211 Aditivo Brush &#039;n&#039; Roll&rdquo;\" rel=\"nofollow\" data-success_message=\"\">Leer m\u00e1s<\/a>\t<span id=\"woocommerce_loop_add_to_cart_link_describedby_11242\" class=\"screen-reader-text\">\n\t\t\t<\/span>\n<\/div>            <\/div><div class=\"woo_product_content\"><h2 class=\"woocommerce-loop-product__title\"><a href=\"https:\/\/dirigocoating.pl\/es\/producto\/percotop-cs211-aditivo-brush-n-roll\/\" class=\"woocommerce-LoopProduct-link woocommerce-loop-product__link\">PercoTop CS211 Aditivo Brush &#8216;n&#8217; Roll<\/a><\/h2>\n<\/div><\/div><\/div><div class=\"item product type-product post-11230 status-publish first instock product_cat-aditivos has-post-thumbnail shipping-taxable product-type-simple\"><div class=\"woo_product_inner_wrapper\">            <div class=\"woo_product_image shop_media\">\r\n                <div class=\"picture no_effects\">                        <a class=\"woo_post-link\" href=\"https:\/\/dirigocoating.pl\/es\/producto\/aditivo-elastico-percotop-cs210\/\"><img decoding=\"async\" src=\"https:\/\/dirigocoating.pl\/wp-content\/uploads\/2025\/07\/CS210_1-L_mid-150x150.jpg\" alt=\"\" \/>                        <\/a>                <\/div>\r\n                <div class=\"wgl_woo_button_wrapper\"><a href=\"https:\/\/dirigocoating.pl\/es\/producto\/aditivo-elastico-percotop-cs210\/\" aria-describedby=\"woocommerce_loop_add_to_cart_link_describedby_11230\" data-quantity=\"1\" class=\"button product_type_simple with-border\" data-product_id=\"11230\" data-product_sku=\"\" aria-label=\"Lee m\u00e1s sobre &ldquo;PercoTop CS210 Elastic Additive&rdquo;\" rel=\"nofollow\" data-success_message=\"\">Leer m\u00e1s<\/a>\t<span id=\"woocommerce_loop_add_to_cart_link_describedby_11230\" class=\"screen-reader-text\">\n\t\t\t<\/span>\n<\/div>            <\/div><div class=\"woo_product_content\"><h2 class=\"woocommerce-loop-product__title\"><a href=\"https:\/\/dirigocoating.pl\/es\/producto\/aditivo-elastico-percotop-cs210\/\" class=\"woocommerce-LoopProduct-link woocommerce-loop-product__link\">PercoTop CS210 Elastic Additive<\/a><\/h2>\n<\/div><\/div><\/div><\/div><\/div><\/section>\t\t\t\t<\/div>\n\t\t\t\t<\/div>\n\t\t\t\t\t<\/div>\n\t\t\t\t<\/div>\n\t\t\t\t<\/div>\n\t\t","protected":false},"excerpt":{"rendered":"<p>Dowiedz si\u0119 wi\u0119cej PercoTop CS209 Gloss Agent 2K Dowiedz si\u0119 wi\u0119cej PercoTop CS230 High bake Additive Dowiedz si\u0119 wi\u0119cej PercoTop Texture Additives Dowiedz si\u0119 wi\u0119cej PercoTop CS215 Drying Accelerator Dowiedz si\u0119 wi\u0119cej PercoTop CS214 Multitoning Additive Dowiedz si\u0119 wi\u0119cej PercoTop CS213 Anti Silicone Additive Dowiedz si\u0119 wi\u0119cej PercoTop CS212 Sikkativ 376 Dowiedz si\u0119 wi\u0119cej PercoTop [&hellip;]<\/p>\n","protected":false},"author":1,"featured_media":0,"parent":0,"menu_order":0,"comment_status":"closed","ping_status":"closed","template":"","meta":{"footnotes":""},"class_list":["post-12340","page","type-page","status-publish","hentry"],"_links":{"self":[{"href":"https:\/\/dirigocoating.pl\/es\/wp-json\/wp\/v2\/pages\/12340"}],"collection":[{"href":"https:\/\/dirigocoating.pl\/es\/wp-json\/wp\/v2\/pages"}],"about":[{"href":"https:\/\/dirigocoating.pl\/es\/wp-json\/wp\/v2\/types\/page"}],"author":[{"embeddable":true,"href":"https:\/\/dirigocoating.pl\/es\/wp-json\/wp\/v2\/users\/1"}],"replies":[{"embeddable":true,"href":"https:\/\/dirigocoating.pl\/es\/wp-json\/wp\/v2\/comments?post=12340"}],"version-history":[{"count":1,"href":"https:\/\/dirigocoating.pl\/es\/wp-json\/wp\/v2\/pages\/12340\/revisions"}],"predecessor-version":[{"id":12341,"href":"https:\/\/dirigocoating.pl\/es\/wp-json\/wp\/v2\/pages\/12340\/revisions\/12341"}],"wp:attachment":[{"href":"https:\/\/dirigocoating.pl\/es\/wp-json\/wp\/v2\/media?parent=12340"}],"curies":[{"name":"wp","href":"https:\/\/api.w.org\/{rel}","templated":true}]}}