{"id":11225,"date":"2025-07-24T09:43:30","date_gmt":"2025-07-24T09:43:30","guid":{"rendered":"https:\/\/dirigocoating.pl\/produkt\/eliminador-de-silicona-percotop-cs440\/"},"modified":"2025-08-29T10:48:21","modified_gmt":"2025-08-29T10:48:21","slug":"eliminador-de-silicona-percotop-cs440","status":"publish","type":"product","link":"https:\/\/dirigocoating.pl\/es\/producto\/eliminador-de-silicona-percotop-cs440\/","title":{"rendered":"PercoTop CS440 Silicone Remover"},"content":{"rendered":"<p>Mezcla de disolventes org\u00e1nicos de evaporaci\u00f3n lenta utilizada despu\u00e9s del lijado para eliminar polvo, silicona, huellas dactilares o para limpiar piezas pl\u00e1sticas, con efecto antiest\u00e1tico.<\/p>\n<p><a class=\"wgl-button btn-size-sm \" role=\"button\" href=\"https:\/\/dirigocoating.pl\/wp-content\/uploads\/2025\/07\/EN-CS440-CS400-1.pdf\">TDS<\/a><\/p>\n","protected":false},"excerpt":{"rendered":"<p>El eliminador de silicona PercoTop\u00ae CS440 es una mezcla de disolventes org\u00e1nicos de evaporaci\u00f3n lenta.<\/p>\n","protected":false},"featured_media":11227,"template":"","meta":[],"product_brand":[],"product_cat":[174],"product_tag":[],"class_list":{"0":"post-11225","1":"product","2":"type-product","3":"status-publish","4":"has-post-thumbnail","6":"product_cat-productos-de-limpieza","8":"first","9":"instock","10":"shipping-taxable","11":"product-type-simple"},"_links":{"self":[{"href":"https:\/\/dirigocoating.pl\/es\/wp-json\/wp\/v2\/product\/11225"}],"collection":[{"href":"https:\/\/dirigocoating.pl\/es\/wp-json\/wp\/v2\/product"}],"about":[{"href":"https:\/\/dirigocoating.pl\/es\/wp-json\/wp\/v2\/types\/product"}],"wp:featuredmedia":[{"embeddable":true,"href":"https:\/\/dirigocoating.pl\/es\/wp-json\/wp\/v2\/media\/11227"}],"wp:attachment":[{"href":"https:\/\/dirigocoating.pl\/es\/wp-json\/wp\/v2\/media?parent=11225"}],"wp:term":[{"taxonomy":"product_brand","embeddable":true,"href":"https:\/\/dirigocoating.pl\/es\/wp-json\/wp\/v2\/product_brand?post=11225"},{"taxonomy":"product_cat","embeddable":true,"href":"https:\/\/dirigocoating.pl\/es\/wp-json\/wp\/v2\/product_cat?post=11225"},{"taxonomy":"product_tag","embeddable":true,"href":"https:\/\/dirigocoating.pl\/es\/wp-json\/wp\/v2\/product_tag?post=11225"}],"curies":[{"name":"wp","href":"https:\/\/api.w.org\/{rel}","templated":true}]}}