{"id":11303,"date":"2025-07-23T11:18:42","date_gmt":"2025-07-23T11:18:42","guid":{"rendered":"https:\/\/dirigocoating.pl\/produkt\/voltabas-0307\/"},"modified":"2025-08-06T12:16:15","modified_gmt":"2025-08-06T12:16:15","slug":"voltabas-0307","status":"publish","type":"product","link":"https:\/\/dirigocoating.pl\/es\/producto\/voltabas-0307\/","title":{"rendered":"Voltabas 0307"},"content":{"rendered":"<p data-start=\"0\" data-end=\"21\"><strong data-start=\"0\" data-end=\"21\">Criterios del producto<\/strong><\/p>\n<p data-start=\"23\" data-end=\"45\"><strong data-start=\"23\" data-end=\"43\">Clase t\u00e9rmica:<\/strong><\/p>\n<ul data-start=\"46\" data-end=\"56\">\n<li data-start=\"46\" data-end=\"56\">\n<p data-start=\"48\" data-end=\"56\">180 \u00b0C<\/p>\n<\/li>\n<\/ul>\n<p data-start=\"58\" data-end=\"77\"><strong data-start=\"58\" data-end=\"75\">Aplicaci\u00f3n:<\/strong><\/p>\n<ul data-start=\"78\" data-end=\"304\">\n<li data-start=\"78\" data-end=\"121\">\n<p data-start=\"80\" data-end=\"121\">dip &amp; bake<\/p>\n<\/li>\n<li data-start=\"122\" data-end=\"155\">\n<p data-start=\"124\" data-end=\"155\">proceso de alimentaci\u00f3n por goteo<\/p>\n<\/li>\n<li data-start=\"156\" data-end=\"189\">\n<p data-start=\"158\" data-end=\"189\">aplicaci\u00f3n roll-dip<\/p>\n<\/li>\n<li data-start=\"190\" data-end=\"215\">\n<p data-start=\"192\" data-end=\"215\">impregnaci\u00f3n al vac\u00edo<\/p>\n<\/li>\n<li data-start=\"216\" data-end=\"259\">\n<p data-start=\"218\" data-end=\"259\">impregnaci\u00f3n por vac\u00edo-presi\u00f3n (VPI)<\/p>\n<\/li>\n<li data-start=\"260\" data-end=\"281\">\n<p data-start=\"262\" data-end=\"281\">inmersi\u00f3n en caliente<\/p>\n<\/li>\n<li data-start=\"282\" data-end=\"304\">\n<p data-start=\"284\" data-end=\"304\">aplicaci\u00f3n con pincel<\/p>\n<\/li>\n<\/ul>\n<p data-start=\"306\" data-end=\"318\"><strong data-start=\"306\" data-end=\"316\">Mercado:<\/strong><\/p>\n<ul data-start=\"319\" data-end=\"427\">\n<li data-start=\"319\" data-end=\"349\">\n<p data-start=\"321\" data-end=\"349\">motores (estatores, rotores)<\/p>\n<\/li>\n<li data-start=\"350\" data-end=\"369\">\n<p data-start=\"352\" data-end=\"369\">baja tensi\u00f3n<\/p>\n<\/li>\n<li data-start=\"370\" data-end=\"388\">\n<p data-start=\"372\" data-end=\"388\">transformadores<\/p>\n<\/li>\n<li data-start=\"389\" data-end=\"403\">\n<p data-start=\"391\" data-end=\"403\">generadores<\/p>\n<\/li>\n<li data-start=\"404\" data-end=\"427\">\n<p data-start=\"406\" data-end=\"427\">energ\u00eda e\u00f3lica<\/p>\n<\/li>\n<\/ul>\n<p data-start=\"429\" data-end=\"455\"><strong data-start=\"429\" data-end=\"453\">Impacto medioambiental:<\/strong><\/p>\n<ul data-start=\"456\" data-end=\"526\" data-is-last-node=\"\" data-is-only-node=\"\">\n<li data-start=\"456\" data-end=\"471\">\n<p data-start=\"458\" data-end=\"471\">sin estireno<\/p>\n<\/li>\n<li data-start=\"472\" data-end=\"493\">\n<p data-start=\"474\" data-end=\"493\">sin viniltolueno<\/p>\n<\/li>\n<li data-start=\"494\" data-end=\"510\">\n<p data-start=\"496\" data-end=\"510\">bajas emisiones<\/p>\n<\/li>\n<li data-start=\"511\" data-end=\"526\" data-is-last-node=\"\">\n<p data-start=\"513\" data-end=\"526\" data-is-last-node=\"\">Sin COV<\/p>\n<\/li>\n<\/ul>\n<p><a class=\"wgl-button btn-size-sm \" role=\"button\" href=\"https:\/\/dirigocoating.pl\/wp-content\/uploads\/2025\/07\/TDS-Voltabas-0307_Toolbox_EN_May_2024.pdf\">TDS<\/a><\/p>\n","protected":false},"excerpt":{"rendered":"<p>Voltabas 0307 es una resina de impregnaci\u00f3n termoendurecible, monocomponente y lista para usar.<\/p>\n","protected":false},"featured_media":11304,"template":"","meta":[],"product_brand":[],"product_cat":[180],"product_tag":[186,182,192],"class_list":{"0":"post-11303","1":"product","2":"type-product","3":"status-publish","4":"has-post-thumbnail","6":"product_cat-energy-solutions-es","7":"product_tag-resina-de-bajas-emisiones","8":"product_tag-resinas-de-impregnacion","9":"product_tag-voltabas-es","11":"first","12":"instock","13":"shipping-taxable","14":"product-type-simple"},"_links":{"self":[{"href":"https:\/\/dirigocoating.pl\/es\/wp-json\/wp\/v2\/product\/11303"}],"collection":[{"href":"https:\/\/dirigocoating.pl\/es\/wp-json\/wp\/v2\/product"}],"about":[{"href":"https:\/\/dirigocoating.pl\/es\/wp-json\/wp\/v2\/types\/product"}],"wp:featuredmedia":[{"embeddable":true,"href":"https:\/\/dirigocoating.pl\/es\/wp-json\/wp\/v2\/media\/11304"}],"wp:attachment":[{"href":"https:\/\/dirigocoating.pl\/es\/wp-json\/wp\/v2\/media?parent=11303"}],"wp:term":[{"taxonomy":"product_brand","embeddable":true,"href":"https:\/\/dirigocoating.pl\/es\/wp-json\/wp\/v2\/product_brand?post=11303"},{"taxonomy":"product_cat","embeddable":true,"href":"https:\/\/dirigocoating.pl\/es\/wp-json\/wp\/v2\/product_cat?post=11303"},{"taxonomy":"product_tag","embeddable":true,"href":"https:\/\/dirigocoating.pl\/es\/wp-json\/wp\/v2\/product_tag?post=11303"}],"curies":[{"name":"wp","href":"https:\/\/api.w.org\/{rel}","templated":true}]}}