{"id":11342,"date":"2025-07-23T10:41:04","date_gmt":"2025-07-23T10:41:04","guid":{"rendered":"https:\/\/dirigocoating.pl\/produkt\/voltatex-4230\/"},"modified":"2025-08-06T12:16:47","modified_gmt":"2025-08-06T12:16:47","slug":"voltatex-4230","status":"publish","type":"product","link":"https:\/\/dirigocoating.pl\/es\/producto\/voltatex-4230\/","title":{"rendered":"Voltatex 4230"},"content":{"rendered":"<p><b>Criterios del producto<\/b><\/p>\n<p><b>Clase t\u00e9rmica:<\/b><\/p>\n<ul>\n<li style=\"font-weight: 400;\" aria-level=\"1\"><span style=\"font-weight: 400;\">220 \u00b0C<\/span><\/li>\n<\/ul>\n<p><b>Aplicaci\u00f3n:<\/b><\/p>\n<ul>\n<li style=\"font-weight: 400;\" aria-level=\"1\"><span style=\"font-weight: 400;\">M\u00e9todo de inmersi\u00f3n y recocido<\/span><\/li>\n<li style=\"font-weight: 400;\" aria-level=\"1\"><span style=\"font-weight: 400;\">m\u00e9todo roll-and-dip<\/span><\/li>\n<li style=\"font-weight: 400;\" aria-level=\"1\"><span style=\"font-weight: 400;\">impregnaci\u00f3n al vac\u00edo<\/span><\/li>\n<li style=\"font-weight: 400;\" aria-level=\"1\"><span style=\"font-weight: 400;\">VPI &#8211; impregnaci\u00f3n a presi\u00f3n y al vac\u00edo<\/span><\/li>\n<\/ul>\n<p><b>Mercado objetivo:<\/b><\/p>\n<ul>\n<li style=\"font-weight: 400;\" aria-level=\"1\"><span style=\"font-weight: 400;\">motores (estatores, rotores)<\/span><\/li>\n<li style=\"font-weight: 400;\" aria-level=\"1\"><span style=\"font-weight: 400;\">baja tensi\u00f3n<\/span><\/li>\n<li style=\"font-weight: 400;\" aria-level=\"1\"><span style=\"font-weight: 400;\">automovilismo<\/span><\/li>\n<li style=\"font-weight: 400;\" aria-level=\"1\"><span style=\"font-weight: 400;\">transformadores<\/span><\/li>\n<li style=\"font-weight: 400;\" aria-level=\"1\"><span style=\"font-weight: 400;\">generadores<\/span><\/li>\n<li style=\"font-weight: 400;\" aria-level=\"1\"><span style=\"font-weight: 400;\">energ\u00eda e\u00f3lica<\/span><\/li>\n<\/ul>\n<p><b>Impacto medioambiental:<\/b><\/p>\n<ul>\n<li style=\"font-weight: 400;\" aria-level=\"1\"><span style=\"font-weight: 400;\">sin estireno<\/span><\/li>\n<li style=\"font-weight: 400;\" aria-level=\"1\"><span style=\"font-weight: 400;\">bajas emisiones<\/span><\/li>\n<\/ul>\n<p><a class=\"wgl-button btn-size-sm \" role=\"button\" href=\"https:\/\/dirigocoating.pl\/wp-content\/uploads\/2025\/07\/Voltatex%C2%AE-4230_EN_November-2024-1.pdf\">TDS<\/a><\/p>\n","protected":false},"excerpt":{"rendered":"<p>Voltatex\u00ae 4230 es una resina de impregnaci\u00f3n monocomponente, ligeramente turbia, de color marr\u00f3n amarillento, lista para usar, termoendurecible y sin estireno.<\/p>\n","protected":false},"featured_media":11343,"template":"","meta":[],"product_brand":[],"product_cat":[180],"product_tag":[186,182,184],"class_list":{"0":"post-11342","1":"product","2":"type-product","3":"status-publish","4":"has-post-thumbnail","6":"product_cat-energy-solutions-es","7":"product_tag-resina-de-bajas-emisiones","8":"product_tag-resinas-de-impregnacion","9":"product_tag-voltatex-es","11":"first","12":"instock","13":"shipping-taxable","14":"product-type-simple"},"_links":{"self":[{"href":"https:\/\/dirigocoating.pl\/es\/wp-json\/wp\/v2\/product\/11342"}],"collection":[{"href":"https:\/\/dirigocoating.pl\/es\/wp-json\/wp\/v2\/product"}],"about":[{"href":"https:\/\/dirigocoating.pl\/es\/wp-json\/wp\/v2\/types\/product"}],"wp:featuredmedia":[{"embeddable":true,"href":"https:\/\/dirigocoating.pl\/es\/wp-json\/wp\/v2\/media\/11343"}],"wp:attachment":[{"href":"https:\/\/dirigocoating.pl\/es\/wp-json\/wp\/v2\/media?parent=11342"}],"wp:term":[{"taxonomy":"product_brand","embeddable":true,"href":"https:\/\/dirigocoating.pl\/es\/wp-json\/wp\/v2\/product_brand?post=11342"},{"taxonomy":"product_cat","embeddable":true,"href":"https:\/\/dirigocoating.pl\/es\/wp-json\/wp\/v2\/product_cat?post=11342"},{"taxonomy":"product_tag","embeddable":true,"href":"https:\/\/dirigocoating.pl\/es\/wp-json\/wp\/v2\/product_tag?post=11342"}],"curies":[{"name":"wp","href":"https:\/\/api.w.org\/{rel}","templated":true}]}}