{"id":11348,"date":"2025-07-23T10:38:38","date_gmt":"2025-07-23T10:38:38","guid":{"rendered":"https:\/\/dirigocoating.pl\/produkt\/voltatex-4224-l\/"},"modified":"2025-08-06T12:17:00","modified_gmt":"2025-08-06T12:17:00","slug":"voltatex-4224-l","status":"publish","type":"product","link":"https:\/\/dirigocoating.pl\/es\/producto\/voltatex-4224-l\/","title":{"rendered":"Voltatex 4224 L"},"content":{"rendered":"<p><span style=\"font-weight: 400;\">Criterios del producto<\/span><\/p>\n<p><span style=\"font-weight: 400;\">Clase t\u00e9rmica:<\/span><\/p>\n<ul>\n<li style=\"font-weight: 400;\" aria-level=\"1\"><span style=\"font-weight: 400;\">180 \u00b0C<\/span><\/li>\n<\/ul>\n<p><span style=\"font-weight: 400;\">Aplicaci\u00f3n:<\/span><\/p>\n<ul>\n<li style=\"font-weight: 400;\" aria-level=\"1\"><span style=\"font-weight: 400;\">M\u00e9todo de inmersi\u00f3n y recocido<\/span><\/li>\n<li style=\"font-weight: 400;\" aria-level=\"1\"><span style=\"font-weight: 400;\">m\u00e9todo de goteo<\/span><\/li>\n<li style=\"font-weight: 400;\" aria-level=\"1\"><span style=\"font-weight: 400;\">m\u00e9todo roll-and-dip<\/span><\/li>\n<li style=\"font-weight: 400;\" aria-level=\"1\"><span style=\"font-weight: 400;\">impregnaci\u00f3n al vac\u00edo<\/span><\/li>\n<li style=\"font-weight: 400;\" aria-level=\"1\"><span style=\"font-weight: 400;\">VPI &#8211; impregnaci\u00f3n a presi\u00f3n y al vac\u00edo<\/span><\/li>\n<li style=\"font-weight: 400;\" aria-level=\"1\"><span style=\"font-weight: 400;\">inmersi\u00f3n en caliente<\/span><\/li>\n<\/ul>\n<p><span style=\"font-weight: 400;\">Mercado objetivo:<\/span><\/p>\n<ul>\n<li style=\"font-weight: 400;\" aria-level=\"1\"><span style=\"font-weight: 400;\">automovilismo<\/span><\/li>\n<li style=\"font-weight: 400;\" aria-level=\"1\"><span style=\"font-weight: 400;\">motores (estatores, rotores)<\/span><\/li>\n<li style=\"font-weight: 400;\" aria-level=\"1\"><span style=\"font-weight: 400;\">baja tensi\u00f3n<\/span><\/li>\n<li style=\"font-weight: 400;\" aria-level=\"1\"><span style=\"font-weight: 400;\">transformadores<\/span><\/li>\n<li style=\"font-weight: 400;\" aria-level=\"1\"><span style=\"font-weight: 400;\">generadores<\/span><\/li>\n<li style=\"font-weight: 400;\" aria-level=\"1\"><span style=\"font-weight: 400;\">energ\u00eda e\u00f3lica<\/span><\/li>\n<\/ul>\n<p><span style=\"font-weight: 400;\">Impacto medioambiental:<\/span><\/p>\n<ul>\n<li style=\"font-weight: 400;\" aria-level=\"1\"><span style=\"font-weight: 400;\">Sin COV<\/span><\/li>\n<li style=\"font-weight: 400;\" aria-level=\"1\"><span style=\"font-weight: 400;\">sin estireno<\/span><\/li>\n<li style=\"font-weight: 400;\" aria-level=\"1\"><span style=\"font-weight: 400;\">sin viniltolueno<\/span><\/li>\n<li style=\"font-weight: 400;\" aria-level=\"1\"><span style=\"font-weight: 400;\">bajas emisiones<\/span><\/li>\n<\/ul>\n<p>&nbsp;<\/p>\n","protected":false},"excerpt":{"rendered":"<p>Voltatex\u00ae 4224 L es una resina de impregnaci\u00f3n termoendurecible, monocomponente, de color blanco a beige, lista para usar, sin estireno ni viniltolueno, con conductividad t\u00e9rmica mejorada y resistencia a la descarga incompleta.<\/p>\n","protected":false},"featured_media":11349,"template":"","meta":[],"product_brand":[],"product_cat":[180],"product_tag":[186,182,184],"class_list":{"0":"post-11348","1":"product","2":"type-product","3":"status-publish","4":"has-post-thumbnail","6":"product_cat-energy-solutions-es","7":"product_tag-resina-de-bajas-emisiones","8":"product_tag-resinas-de-impregnacion","9":"product_tag-voltatex-es","11":"first","12":"instock","13":"shipping-taxable","14":"product-type-simple"},"_links":{"self":[{"href":"https:\/\/dirigocoating.pl\/es\/wp-json\/wp\/v2\/product\/11348"}],"collection":[{"href":"https:\/\/dirigocoating.pl\/es\/wp-json\/wp\/v2\/product"}],"about":[{"href":"https:\/\/dirigocoating.pl\/es\/wp-json\/wp\/v2\/types\/product"}],"wp:featuredmedia":[{"embeddable":true,"href":"https:\/\/dirigocoating.pl\/es\/wp-json\/wp\/v2\/media\/11349"}],"wp:attachment":[{"href":"https:\/\/dirigocoating.pl\/es\/wp-json\/wp\/v2\/media?parent=11348"}],"wp:term":[{"taxonomy":"product_brand","embeddable":true,"href":"https:\/\/dirigocoating.pl\/es\/wp-json\/wp\/v2\/product_brand?post=11348"},{"taxonomy":"product_cat","embeddable":true,"href":"https:\/\/dirigocoating.pl\/es\/wp-json\/wp\/v2\/product_cat?post=11348"},{"taxonomy":"product_tag","embeddable":true,"href":"https:\/\/dirigocoating.pl\/es\/wp-json\/wp\/v2\/product_tag?post=11348"}],"curies":[{"name":"wp","href":"https:\/\/api.w.org\/{rel}","templated":true}]}}