{"id":11350,"date":"2025-07-23T10:29:40","date_gmt":"2025-07-23T10:29:40","guid":{"rendered":"https:\/\/dirigocoating.pl\/produkt\/voltatex-4201\/"},"modified":"2025-08-06T12:17:09","modified_gmt":"2025-08-06T12:17:09","slug":"voltatex-4201","status":"publish","type":"product","link":"https:\/\/dirigocoating.pl\/es\/producto\/voltatex-4201\/","title":{"rendered":"Voltatex 4201"},"content":{"rendered":"<p data-start=\"0\" data-end=\"21\"><strong data-start=\"0\" data-end=\"21\">Criterios del producto<\/strong><\/p>\n<p data-start=\"23\" data-end=\"45\"><strong data-start=\"23\" data-end=\"43\">Clase t\u00e9rmica:<\/strong><\/p>\n<ul data-start=\"46\" data-end=\"56\">\n<li data-start=\"46\" data-end=\"56\">\n<p data-start=\"48\" data-end=\"56\">220 \u00b0C<\/p>\n<\/li>\n<\/ul>\n<p data-start=\"58\" data-end=\"77\"><strong data-start=\"58\" data-end=\"75\">Aplicaci\u00f3n:<\/strong><\/p>\n<ul data-start=\"78\" data-end=\"235\">\n<li data-start=\"78\" data-end=\"115\">\n<p data-start=\"80\" data-end=\"115\">M\u00e9todo de inmersi\u00f3n y recocido<\/p>\n<\/li>\n<li data-start=\"116\" data-end=\"134\">\n<p data-start=\"118\" data-end=\"134\">m\u00e9todo de goteo<\/p>\n<\/li>\n<li data-start=\"135\" data-end=\"165\">\n<p data-start=\"137\" data-end=\"165\">m\u00e9todo roll-and-dip<\/p>\n<\/li>\n<li data-start=\"166\" data-end=\"191\">\n<p data-start=\"168\" data-end=\"191\">impregnaci\u00f3n al vac\u00edo<\/p>\n<\/li>\n<li data-start=\"192\" data-end=\"235\">\n<p data-start=\"194\" data-end=\"235\">VPI &#8211; impregnaci\u00f3n a presi\u00f3n y al vac\u00edo<\/p>\n<\/li>\n<\/ul>\n<p data-start=\"237\" data-end=\"258\"><strong data-start=\"237\" data-end=\"256\">Mercado objetivo:<\/strong><\/p>\n<ul data-start=\"259\" data-end=\"364\">\n<li data-start=\"259\" data-end=\"289\">\n<p data-start=\"261\" data-end=\"289\">motores (estatores, rotores)<\/p>\n<\/li>\n<li data-start=\"290\" data-end=\"309\">\n<p data-start=\"292\" data-end=\"309\">baja tensi\u00f3n<\/p>\n<\/li>\n<li data-start=\"310\" data-end=\"333\">\n<p data-start=\"312\" data-end=\"333\">energ\u00eda e\u00f3lica<\/p>\n<\/li>\n<li data-start=\"334\" data-end=\"348\">\n<p data-start=\"336\" data-end=\"348\">generadores<\/p>\n<\/li>\n<li data-start=\"349\" data-end=\"364\">\n<p data-start=\"351\" data-end=\"364\">automovilismo<\/p>\n<\/li>\n<\/ul>\n<p data-start=\"366\" data-end=\"392\"><strong data-start=\"366\" data-end=\"390\">Impacto medioambiental:<\/strong><\/p>\n<ul data-start=\"393\" data-end=\"423\" data-is-last-node=\"\" data-is-only-node=\"\">\n<li data-start=\"393\" data-end=\"408\">\n<p data-start=\"395\" data-end=\"408\">sin estireno<\/p>\n<\/li>\n<li data-start=\"409\" data-end=\"423\" data-is-last-node=\"\">\n<p data-start=\"411\" data-end=\"423\" data-is-last-node=\"\">bajas emisiones<\/p>\n<\/li>\n<\/ul>\n<p><a class=\"wgl-button btn-size-sm \" role=\"button\" href=\"https:\/\/dirigocoating.pl\/wp-content\/uploads\/2025\/07\/Voltatex-4201_EN.pdf\">TDS<\/a><\/p>\n","protected":false},"excerpt":{"rendered":"<p>Voltatex\u00ae 4201 es una resina de impregnaci\u00f3n monocomponente, sin estireno, termoendurecible, transparente a ligeramente turbia, de color amarillo \u00e1mbar, lista para usar.<\/p>\n","protected":false},"featured_media":11351,"template":"","meta":[],"product_brand":[],"product_cat":[180],"product_tag":[186,182,184],"class_list":{"0":"post-11350","1":"product","2":"type-product","3":"status-publish","4":"has-post-thumbnail","6":"product_cat-energy-solutions-es","7":"product_tag-resina-de-bajas-emisiones","8":"product_tag-resinas-de-impregnacion","9":"product_tag-voltatex-es","11":"first","12":"instock","13":"shipping-taxable","14":"product-type-simple"},"_links":{"self":[{"href":"https:\/\/dirigocoating.pl\/es\/wp-json\/wp\/v2\/product\/11350"}],"collection":[{"href":"https:\/\/dirigocoating.pl\/es\/wp-json\/wp\/v2\/product"}],"about":[{"href":"https:\/\/dirigocoating.pl\/es\/wp-json\/wp\/v2\/types\/product"}],"wp:featuredmedia":[{"embeddable":true,"href":"https:\/\/dirigocoating.pl\/es\/wp-json\/wp\/v2\/media\/11351"}],"wp:attachment":[{"href":"https:\/\/dirigocoating.pl\/es\/wp-json\/wp\/v2\/media?parent=11350"}],"wp:term":[{"taxonomy":"product_brand","embeddable":true,"href":"https:\/\/dirigocoating.pl\/es\/wp-json\/wp\/v2\/product_brand?post=11350"},{"taxonomy":"product_cat","embeddable":true,"href":"https:\/\/dirigocoating.pl\/es\/wp-json\/wp\/v2\/product_cat?post=11350"},{"taxonomy":"product_tag","embeddable":true,"href":"https:\/\/dirigocoating.pl\/es\/wp-json\/wp\/v2\/product_tag?post=11350"}],"curies":[{"name":"wp","href":"https:\/\/api.w.org\/{rel}","templated":true}]}}