{"id":11372,"date":"2025-06-17T09:11:17","date_gmt":"2025-06-17T09:11:17","guid":{"rendered":"https:\/\/dirigocoating.pl\/produkt\/revestimiento-epoxi-percotop-2k-mio-cs581\/"},"modified":"2025-08-27T08:48:03","modified_gmt":"2025-08-27T08:48:03","slug":"revestimiento-epoxi-percotop-2k-mio-cs581","status":"publish","type":"product","link":"https:\/\/dirigocoating.pl\/es\/producto\/revestimiento-epoxi-percotop-2k-mio-cs581\/","title":{"rendered":"PercoTop 2K MIO Epoxy Coating CS581"},"content":{"rendered":"<p><span>Material de revestimiento de curado r\u00e1pido, la aplicaci\u00f3n y el curado son posibles incluso en condiciones meteorol\u00f3gicas adversas. Capa intermedia s\u00f3lida de capa gruesa sobre acero prelacado con imprimaci\u00f3n. Imprimaci\u00f3n base de adherencia directa sobre estructuras galvanizadas. CS581 est\u00e1 certificado seg\u00fan 687.12; 687.13; 687.14 lt. p\u00e1gina 87 TL\/TP-Kor-Stahlbauten.    <\/span><\/p>\n<p><a class=\"wgl-button btn-size-sm \" role=\"button\" href=\"https:\/\/dirigocoating.pl\/wp-content\/uploads\/2025\/07\/EN-CS581.pdf\">TDS<\/a><\/p>\n","protected":false},"excerpt":{"rendered":"<p><span>PercoTop\u00ae CS581 MIO Epoxy Coating es un revestimiento 2K de alta resistencia de resinas epoxi micronizadas a base de mineral de hierro.<\/span><\/p>\n","protected":false},"featured_media":10239,"template":"","meta":[],"product_brand":[],"product_cat":[201],"product_tag":[202,203],"class_list":{"0":"post-11372","1":"product","2":"type-product","3":"status-publish","4":"has-post-thumbnail","6":"product_cat-vehiculos-comerciales","7":"product_tag-cartillas","8":"product_tag-subyacente-cv","10":"first","11":"instock","12":"shipping-taxable","13":"product-type-simple"},"_links":{"self":[{"href":"https:\/\/dirigocoating.pl\/es\/wp-json\/wp\/v2\/product\/11372"}],"collection":[{"href":"https:\/\/dirigocoating.pl\/es\/wp-json\/wp\/v2\/product"}],"about":[{"href":"https:\/\/dirigocoating.pl\/es\/wp-json\/wp\/v2\/types\/product"}],"wp:featuredmedia":[{"embeddable":true,"href":"https:\/\/dirigocoating.pl\/es\/wp-json\/wp\/v2\/media\/10239"}],"wp:attachment":[{"href":"https:\/\/dirigocoating.pl\/es\/wp-json\/wp\/v2\/media?parent=11372"}],"wp:term":[{"taxonomy":"product_brand","embeddable":true,"href":"https:\/\/dirigocoating.pl\/es\/wp-json\/wp\/v2\/product_brand?post=11372"},{"taxonomy":"product_cat","embeddable":true,"href":"https:\/\/dirigocoating.pl\/es\/wp-json\/wp\/v2\/product_cat?post=11372"},{"taxonomy":"product_tag","embeddable":true,"href":"https:\/\/dirigocoating.pl\/es\/wp-json\/wp\/v2\/product_tag?post=11372"}],"curies":[{"name":"wp","href":"https:\/\/api.w.org\/{rel}","templated":true}]}}