{"id":11373,"date":"2025-06-17T09:16:39","date_gmt":"2025-06-17T09:16:39","guid":{"rendered":"https:\/\/dirigocoating.pl\/produkt\/percotop-2k-epoxy-hs-recubrimiento-de-alto-espesor-cs591\/"},"modified":"2025-08-27T08:21:31","modified_gmt":"2025-08-27T08:21:31","slug":"percotop-2k-epoxy-hs-recubrimiento-de-alto-espesor-cs591","status":"publish","type":"product","link":"https:\/\/dirigocoating.pl\/es\/producto\/percotop-2k-epoxy-hs-recubrimiento-de-alto-espesor-cs591\/","title":{"rendered":"PercoTop 2K Epoxy HS High Build Coating CS591"},"content":{"rendered":"<p data-start=\"34\" data-end=\"52\"><strong data-start=\"34\" data-end=\"50\">Propiedades:<\/strong><\/p>\n<ul data-start=\"53\" data-end=\"450\" data-is-last-node=\"\" data-is-only-node=\"\">\n<li data-start=\"53\" data-end=\"220\">\n<p data-start=\"55\" data-end=\"220\">PercoTop\u00ae CS591 Epoxy HS High Build Coating es una pintura de capa gruesa, de dos componentes, tolerante a la corrosi\u00f3n y basada en resinas epoxi.<\/p>\n<\/li>\n<li data-start=\"221\" data-end=\"327\">\n<p data-start=\"223\" data-end=\"327\">Tiene una excelente resistencia a la humedad, las condiciones clim\u00e1ticas y las cargas mec\u00e1nicas.<\/p>\n<\/li>\n<li data-start=\"328\" data-end=\"450\" data-is-last-node=\"\">\n<p data-start=\"330\" data-end=\"450\" data-is-last-node=\"\">Proporciona una protecci\u00f3n eficaz contra la corrosi\u00f3n en superficies frotadas a mano (St3 seg\u00fan DIN EN ISO 12944-4).<\/p>\n<\/li>\n<\/ul>\n<p><a class=\"wgl-button btn-size-sm \" role=\"button\" href=\"https:\/\/dirigocoating.pl\/wp-content\/uploads\/2025\/07\/EN-CS591.pdf\">TDS<\/a><\/p>\n","protected":false},"excerpt":{"rendered":"<p><span>Se trata de una pintura con base de resina epoxi y superficie 2K altamente resistente a la corrosi\u00f3n. Tiene una excelente resistencia a la humedad, a la intemperie y a las cargas mec\u00e1nicas. Excelente protecci\u00f3n contra la corrosi\u00f3n de superficies oxidadas (St3 seg\u00fan DIN EN ISO 12944-4).  <\/span><\/p>\n","protected":false},"featured_media":10226,"template":"","meta":[],"product_brand":[],"product_cat":[201],"product_tag":[202,203],"class_list":{"0":"post-11373","1":"product","2":"type-product","3":"status-publish","4":"has-post-thumbnail","6":"product_cat-vehiculos-comerciales","7":"product_tag-cartillas","8":"product_tag-subyacente-cv","10":"first","11":"instock","12":"shipping-taxable","13":"product-type-simple"},"_links":{"self":[{"href":"https:\/\/dirigocoating.pl\/es\/wp-json\/wp\/v2\/product\/11373"}],"collection":[{"href":"https:\/\/dirigocoating.pl\/es\/wp-json\/wp\/v2\/product"}],"about":[{"href":"https:\/\/dirigocoating.pl\/es\/wp-json\/wp\/v2\/types\/product"}],"wp:featuredmedia":[{"embeddable":true,"href":"https:\/\/dirigocoating.pl\/es\/wp-json\/wp\/v2\/media\/10226"}],"wp:attachment":[{"href":"https:\/\/dirigocoating.pl\/es\/wp-json\/wp\/v2\/media?parent=11373"}],"wp:term":[{"taxonomy":"product_brand","embeddable":true,"href":"https:\/\/dirigocoating.pl\/es\/wp-json\/wp\/v2\/product_brand?post=11373"},{"taxonomy":"product_cat","embeddable":true,"href":"https:\/\/dirigocoating.pl\/es\/wp-json\/wp\/v2\/product_cat?post=11373"},{"taxonomy":"product_tag","embeddable":true,"href":"https:\/\/dirigocoating.pl\/es\/wp-json\/wp\/v2\/product_tag?post=11373"}],"curies":[{"name":"wp","href":"https:\/\/api.w.org\/{rel}","templated":true}]}}