{"id":11378,"date":"2025-07-07T09:50:22","date_gmt":"2025-07-07T09:50:22","guid":{"rendered":"https:\/\/dirigocoating.pl\/produkt\/onebond-pu-express-30\/"},"modified":"2025-08-06T12:22:31","modified_gmt":"2025-08-06T12:22:31","slug":"onebond-pu-express-30","status":"publish","type":"product","link":"https:\/\/dirigocoating.pl\/es\/producto\/onebond-pu-express-30\/","title":{"rendered":"OneBond PU EXPRESS 30"},"content":{"rendered":"<p><strong data-start=\"231\" data-end=\"263\">CARACTER\u00cdSTICAS<\/strong> CLAVE <strong data-start=\"231\" data-end=\"263\">DEL PRODUCTO<\/strong><br data-start=\"263\" data-end=\"266\">&#8211; Tiempo de puesta a punto 30 min (prueba de choque FMVSS 212 certificada por T\u00dcV)<br data-start=\"351\" data-end=\"354\">&#8211; M\u00f3dulo elevado (proporciona rigidez adicional a la carrocer\u00eda del veh\u00edculo)<br data-start=\"417\" data-end=\"420\">&#8211; No conductor, proporciona protecci\u00f3n contra la corrosi\u00f3n<br data-start=\"467\" data-end=\"470\">&#8211; Fuerza de adhesi\u00f3n completa alcanzada despu\u00e9s de 24 horas<br data-start=\"518\" data-end=\"521\">&#8211; Tiempo abierto 15 min a 23\u00b0C 50% HR<br data-start=\"556\" data-end=\"559\">&#8211; Tixotr\u00f3pico, no fluye<br data-start=\"585\" data-end=\"588\">&#8211; Resiste temperaturas de hasta +100\u00b0C<br data-start=\"622\" data-end=\"625\">&#8211; Sin disolventes y sin olor<br data-start=\"658\" data-end=\"661\">&#8211; Color negro<br data-start=\"675\" data-end=\"678\">&#8211; Requiere imprimaci\u00f3n para vidrio (PU PRIMER 5)<br data-start=\"725\" data-end=\"728\">&#8211; Caducidad 12 meses almacenado en su envase original a 5\u00baC-25\u00baC<\/p>\n","protected":false},"excerpt":{"rendered":"<p>OneBond PU Express 30 es un adhesivo de poliuretano no conductor de alto m\u00f3dulo dise\u00f1ado para pegar lunas. Tiene una preparaci\u00f3n de 30 minutos y est\u00e1 certificado para las pruebas de choque FMVSS 212, por lo que se recomienda para la sustituci\u00f3n de lunas en veh\u00edculos de gama alta.  <\/p>\n","protected":false},"featured_media":11014,"template":"","meta":[],"product_brand":[],"product_cat":[211],"product_tag":[212,214,213],"class_list":{"0":"post-11378","1":"product","2":"type-product","3":"status-publish","4":"has-post-thumbnail","6":"product_cat-non-paint-es","7":"product_tag-adhesivos","8":"product_tag-adhesivos-cv","9":"product_tag-adhesivos-para-acristalamiento","11":"first","12":"instock","13":"shipping-taxable","14":"product-type-simple"},"_links":{"self":[{"href":"https:\/\/dirigocoating.pl\/es\/wp-json\/wp\/v2\/product\/11378"}],"collection":[{"href":"https:\/\/dirigocoating.pl\/es\/wp-json\/wp\/v2\/product"}],"about":[{"href":"https:\/\/dirigocoating.pl\/es\/wp-json\/wp\/v2\/types\/product"}],"wp:featuredmedia":[{"embeddable":true,"href":"https:\/\/dirigocoating.pl\/es\/wp-json\/wp\/v2\/media\/11014"}],"wp:attachment":[{"href":"https:\/\/dirigocoating.pl\/es\/wp-json\/wp\/v2\/media?parent=11378"}],"wp:term":[{"taxonomy":"product_brand","embeddable":true,"href":"https:\/\/dirigocoating.pl\/es\/wp-json\/wp\/v2\/product_brand?post=11378"},{"taxonomy":"product_cat","embeddable":true,"href":"https:\/\/dirigocoating.pl\/es\/wp-json\/wp\/v2\/product_cat?post=11378"},{"taxonomy":"product_tag","embeddable":true,"href":"https:\/\/dirigocoating.pl\/es\/wp-json\/wp\/v2\/product_tag?post=11378"}],"curies":[{"name":"wp","href":"https:\/\/api.w.org\/{rel}","templated":true}]}}