{"id":11389,"date":"2025-07-07T09:56:26","date_gmt":"2025-07-07T09:56:26","guid":{"rendered":"https:\/\/dirigocoating.pl\/produkt\/onebond-ms-rapid-60\/"},"modified":"2025-08-06T12:22:41","modified_gmt":"2025-08-06T12:22:41","slug":"onebond-ms-rapid-60","status":"publish","type":"product","link":"https:\/\/dirigocoating.pl\/es\/producto\/onebond-ms-rapid-60\/","title":{"rendered":"OneBond MS RAPID 60"},"content":{"rendered":"<p><strong data-start=\"431\" data-end=\"471\">CARACTER\u00cdSTICAS<\/strong> CLAVE <strong data-start=\"431\" data-end=\"471\">DEL PRODUCTO<\/strong><br data-start=\"471\" data-end=\"474\">&#8211; Tiempo listo para conducir 60 min \/ 1 hora (prueba de choque FMVSS 212 confirmada por T\u00dcV)<br data-start=\"570\" data-end=\"573\">&#8211; No requiere imprimaci\u00f3n<br data-start=\"601\" data-end=\"604\">&#8211; Alto m\u00f3dulo de elasticidad (proporciona rigidez adicional a la carrocer\u00eda del veh\u00edculo)<br data-start=\"680\" data-end=\"683\">&#8211; No conductor, proporciona protecci\u00f3n contra la corrosi\u00f3n<br data-start=\"731\" data-end=\"734\">&#8211; Adherencia total conseguida despu\u00e9s de 24 horas<br data-start=\"779\" data-end=\"782\">&#8211; Tiempo abierto 15 min a temp. 23\u00baC 50% HR<br data-start=\"823\" data-end=\"826\">&#8211; Tixotr\u00f3pico, no fluye<br data-start=\"852\" data-end=\"855\">&#8211; Resistente a temperaturas de hasta +100\u00b0C<br data-start=\"889\" data-end=\"892\">&#8211; Sin disolventes ni olores<br data-start=\"928\" data-end=\"931\">&#8211; Color negro<br data-start=\"945\" data-end=\"948\">&#8211; Caducidad 12 meses almacenado en su envase original sin abrir a 5\u00baC-25\u00baC<\/p>\n","protected":false},"excerpt":{"rendered":"<p>OneBond MS Rapid 60 es un adhesivo de alto m\u00f3dulo que no requiere imprimaci\u00f3n. Tiene un tiempo de apertura de 15 minutos y un tiempo de preparaci\u00f3n de una hora. Cuenta con un certificado de prueba de choque FMVSS 212, certificado por T\u00dcV.  <\/p>\n","protected":false},"featured_media":11391,"template":"","meta":[],"product_brand":[],"product_cat":[211],"product_tag":[212,214,213],"class_list":{"0":"post-11389","1":"product","2":"type-product","3":"status-publish","4":"has-post-thumbnail","6":"product_cat-non-paint-es","7":"product_tag-adhesivos","8":"product_tag-adhesivos-cv","9":"product_tag-adhesivos-para-acristalamiento","11":"first","12":"instock","13":"shipping-taxable","14":"product-type-simple"},"_links":{"self":[{"href":"https:\/\/dirigocoating.pl\/es\/wp-json\/wp\/v2\/product\/11389"}],"collection":[{"href":"https:\/\/dirigocoating.pl\/es\/wp-json\/wp\/v2\/product"}],"about":[{"href":"https:\/\/dirigocoating.pl\/es\/wp-json\/wp\/v2\/types\/product"}],"wp:featuredmedia":[{"embeddable":true,"href":"https:\/\/dirigocoating.pl\/es\/wp-json\/wp\/v2\/media\/11391"}],"wp:attachment":[{"href":"https:\/\/dirigocoating.pl\/es\/wp-json\/wp\/v2\/media?parent=11389"}],"wp:term":[{"taxonomy":"product_brand","embeddable":true,"href":"https:\/\/dirigocoating.pl\/es\/wp-json\/wp\/v2\/product_brand?post=11389"},{"taxonomy":"product_cat","embeddable":true,"href":"https:\/\/dirigocoating.pl\/es\/wp-json\/wp\/v2\/product_cat?post=11389"},{"taxonomy":"product_tag","embeddable":true,"href":"https:\/\/dirigocoating.pl\/es\/wp-json\/wp\/v2\/product_tag?post=11389"}],"curies":[{"name":"wp","href":"https:\/\/api.w.org\/{rel}","templated":true}]}}