{"id":11398,"date":"2025-07-07T09:59:12","date_gmt":"2025-07-07T09:59:12","guid":{"rendered":"https:\/\/dirigocoating.pl\/produkt\/onebond-pu-rapido-120\/"},"modified":"2025-08-06T12:22:45","modified_gmt":"2025-08-06T12:22:45","slug":"onebond-pu-rapido-120","status":"publish","type":"product","link":"https:\/\/dirigocoating.pl\/es\/producto\/onebond-pu-rapido-120\/","title":{"rendered":"OneBond PU R\u00c1PIDO 120"},"content":{"rendered":"<p><strong data-start=\"574\" data-end=\"606\">CARACTER\u00cdSTICAS<\/strong> CLAVE <strong data-start=\"574\" data-end=\"606\">DEL PRODUCTO<\/strong><br data-start=\"606\" data-end=\"609\">&#8211; Tiempo de preparaci\u00f3n 120 min \/ 2 horas (prueba de choque seg\u00fan FMVSS 212)<br data-start=\"692\" data-end=\"695\">&#8211; Alta flexibilidad &#8211; recomendado para paneles met\u00e1licos de paredes finas en veh\u00edculos comerciales<br data-start=\"785\" data-end=\"788\">&#8211; Alto m\u00f3dulo (proporciona rigidez adicional a la carrocer\u00eda del veh\u00edculo)<br data-start=\"851\" data-end=\"854\">&#8211; Baja conductividad, proporciona protecci\u00f3n contra la corrosi\u00f3n<br data-start=\"905\" data-end=\"908\">&#8211; Tiempo abierto 25 min a 23\u00b0C 50% HR<br data-start=\"943\" data-end=\"946\">&#8211; Tixotr\u00f3pico, no se corre<br data-start=\"972\" data-end=\"975\">&#8211; Resiste temperaturas de hasta +100\u00b0C<br data-start=\"1009\" data-end=\"1012\">&#8211; Disolvente e inodoro<br data-start=\"1045\" data-end=\"1048\">&#8211; Color negro<br data-start=\"1062\" data-end=\"1065\">&#8211; Requiere el uso de imprimaci\u00f3n para vidrio (PU PRIMER 5)<br data-start=\"1112\" data-end=\"1115\">&#8211; Caducidad 12 meses almacenado en su envase original a 5\u00baC-25\u00baC<\/p>\n","protected":false},"excerpt":{"rendered":"<p>OneBond PU Fast 120 es un adhesivo de poliuretano altamente flexible, ideal para la sustituci\u00f3n de lunas de autom\u00f3viles y el pegado estructural de paneles met\u00e1licos de paredes finas en veh\u00edculos comerciales. Se caracteriza por un tiempo de fraguado de 2 horas y un tiempo abierto de 25 minutos. Disponible en negro en cartuchos de aluminio de 310 ml.  <\/p>\n","protected":false},"featured_media":11399,"template":"","meta":[],"product_brand":[],"product_cat":[211],"product_tag":[212,214,213],"class_list":{"0":"post-11398","1":"product","2":"type-product","3":"status-publish","4":"has-post-thumbnail","6":"product_cat-non-paint-es","7":"product_tag-adhesivos","8":"product_tag-adhesivos-cv","9":"product_tag-adhesivos-para-acristalamiento","11":"first","12":"instock","13":"shipping-taxable","14":"product-type-simple"},"_links":{"self":[{"href":"https:\/\/dirigocoating.pl\/es\/wp-json\/wp\/v2\/product\/11398"}],"collection":[{"href":"https:\/\/dirigocoating.pl\/es\/wp-json\/wp\/v2\/product"}],"about":[{"href":"https:\/\/dirigocoating.pl\/es\/wp-json\/wp\/v2\/types\/product"}],"wp:featuredmedia":[{"embeddable":true,"href":"https:\/\/dirigocoating.pl\/es\/wp-json\/wp\/v2\/media\/11399"}],"wp:attachment":[{"href":"https:\/\/dirigocoating.pl\/es\/wp-json\/wp\/v2\/media?parent=11398"}],"wp:term":[{"taxonomy":"product_brand","embeddable":true,"href":"https:\/\/dirigocoating.pl\/es\/wp-json\/wp\/v2\/product_brand?post=11398"},{"taxonomy":"product_cat","embeddable":true,"href":"https:\/\/dirigocoating.pl\/es\/wp-json\/wp\/v2\/product_cat?post=11398"},{"taxonomy":"product_tag","embeddable":true,"href":"https:\/\/dirigocoating.pl\/es\/wp-json\/wp\/v2\/product_tag?post=11398"}],"curies":[{"name":"wp","href":"https:\/\/api.w.org\/{rel}","templated":true}]}}