{"id":11400,"date":"2025-07-23T08:58:34","date_gmt":"2025-07-23T08:58:34","guid":{"rendered":"https:\/\/dirigocoating.pl\/produkt\/voltatex-4000\/"},"modified":"2025-08-06T12:22:49","modified_gmt":"2025-08-06T12:22:49","slug":"voltatex-4000","status":"publish","type":"product","link":"https:\/\/dirigocoating.pl\/es\/producto\/voltatex-4000\/","title":{"rendered":"Voltatex 4000"},"content":{"rendered":"<p data-start=\"0\" data-end=\"21\"><strong data-start=\"0\" data-end=\"21\">Criterios del producto<\/strong><\/p>\n<p data-start=\"23\" data-end=\"45\"><strong data-start=\"23\" data-end=\"43\">Clase t\u00e9rmica:<\/strong><\/p>\n<ul data-start=\"46\" data-end=\"56\">\n<li data-start=\"46\" data-end=\"56\">\n<p data-start=\"48\" data-end=\"56\">180 \u00b0C<\/p>\n<\/li>\n<\/ul>\n<p data-start=\"58\" data-end=\"77\"><strong data-start=\"58\" data-end=\"75\">Aplicaci\u00f3n:<\/strong><\/p>\n<ul data-start=\"78\" data-end=\"235\">\n<li data-start=\"78\" data-end=\"115\">\n<p data-start=\"80\" data-end=\"115\">M\u00e9todo de inmersi\u00f3n y recocido<\/p>\n<\/li>\n<li data-start=\"116\" data-end=\"141\">\n<p data-start=\"118\" data-end=\"141\">impregnaci\u00f3n al vac\u00edo<\/p>\n<\/li>\n<li data-start=\"142\" data-end=\"185\">\n<p data-start=\"144\" data-end=\"185\">VPI &#8211; impregnaci\u00f3n a presi\u00f3n y al vac\u00edo<\/p>\n<\/li>\n<li data-start=\"186\" data-end=\"204\">\n<p data-start=\"188\" data-end=\"204\">m\u00e9todo de goteo<\/p>\n<\/li>\n<li data-start=\"205\" data-end=\"235\">\n<p data-start=\"207\" data-end=\"235\">m\u00e9todo roll-and-dip<\/p>\n<\/li>\n<\/ul>\n<p data-start=\"237\" data-end=\"258\"><strong data-start=\"237\" data-end=\"256\">Mercado objetivo:<\/strong><\/p>\n<ul data-start=\"259\" data-end=\"383\">\n<li data-start=\"259\" data-end=\"289\">\n<p data-start=\"261\" data-end=\"289\">motores (estatores, rotores)<\/p>\n<\/li>\n<li data-start=\"290\" data-end=\"316\">\n<p data-start=\"292\" data-end=\"316\">motores de alta velocidad<\/p>\n<\/li>\n<li data-start=\"317\" data-end=\"344\">\n<p data-start=\"319\" data-end=\"344\">unidades grandes<\/p>\n<\/li>\n<li data-start=\"345\" data-end=\"364\">\n<p data-start=\"347\" data-end=\"364\">baja tensi\u00f3n<\/p>\n<\/li>\n<li data-start=\"365\" data-end=\"383\">\n<p data-start=\"367\" data-end=\"383\">transformadores<\/p>\n<\/li>\n<\/ul>\n<p data-start=\"385\" data-end=\"411\"><strong data-start=\"385\" data-end=\"409\">Impacto medioambiental:<\/strong><\/p>\n<ul data-start=\"412\" data-end=\"433\">\n<li data-start=\"412\" data-end=\"433\">\n<p data-start=\"414\" data-end=\"433\">sin viniltolueno<\/p>\n<\/li>\n<\/ul>\n","protected":false},"excerpt":{"rendered":"<p>Voltatex\u00ae 4000 es una resina de impregnaci\u00f3n termoendurecible monocomponente, transparente, de color amarillo-marr\u00f3n, lista para usar.<\/p>\n<ul>\n<li>Pros:\n<ul class=\"wp-block-list\">\n<li>Buenas propiedades de penetraci\u00f3n.<\/li>\n<li>Alta resistencia al calor y a los vapores de disolventes.<\/li>\n<li>Baja tendencia al agrietamiento<\/li>\n<\/ul>\n<\/li>\n<\/ul>\n","protected":false},"featured_media":11403,"template":"","meta":[],"product_brand":[],"product_cat":[180],"product_tag":[182,223,184],"class_list":{"0":"post-11400","1":"product","2":"type-product","3":"status-publish","4":"has-post-thumbnail","6":"product_cat-energy-solutions-es","7":"product_tag-resinas-de-impregnacion","8":"product_tag-resinas-diluidas-con-estireno","9":"product_tag-voltatex-es","11":"first","12":"instock","13":"shipping-taxable","14":"product-type-simple"},"_links":{"self":[{"href":"https:\/\/dirigocoating.pl\/es\/wp-json\/wp\/v2\/product\/11400"}],"collection":[{"href":"https:\/\/dirigocoating.pl\/es\/wp-json\/wp\/v2\/product"}],"about":[{"href":"https:\/\/dirigocoating.pl\/es\/wp-json\/wp\/v2\/types\/product"}],"wp:featuredmedia":[{"embeddable":true,"href":"https:\/\/dirigocoating.pl\/es\/wp-json\/wp\/v2\/media\/11403"}],"wp:attachment":[{"href":"https:\/\/dirigocoating.pl\/es\/wp-json\/wp\/v2\/media?parent=11400"}],"wp:term":[{"taxonomy":"product_brand","embeddable":true,"href":"https:\/\/dirigocoating.pl\/es\/wp-json\/wp\/v2\/product_brand?post=11400"},{"taxonomy":"product_cat","embeddable":true,"href":"https:\/\/dirigocoating.pl\/es\/wp-json\/wp\/v2\/product_cat?post=11400"},{"taxonomy":"product_tag","embeddable":true,"href":"https:\/\/dirigocoating.pl\/es\/wp-json\/wp\/v2\/product_tag?post=11400"}],"curies":[{"name":"wp","href":"https:\/\/api.w.org\/{rel}","templated":true}]}}