{"id":11413,"date":"2025-07-23T09:17:28","date_gmt":"2025-07-23T09:17:28","guid":{"rendered":"https:\/\/dirigocoating.pl\/produkt\/voltatex-4001\/"},"modified":"2025-09-01T08:30:29","modified_gmt":"2025-09-01T08:30:29","slug":"voltatex-4001","status":"publish","type":"product","link":"https:\/\/dirigocoating.pl\/es\/producto\/voltatex-4001\/","title":{"rendered":"Voltatex 4001"},"content":{"rendered":"<p data-start=\"0\" data-end=\"21\"><strong data-start=\"0\" data-end=\"21\">Criterios del producto<\/strong><\/p>\n<p data-start=\"23\" data-end=\"45\"><strong data-start=\"23\" data-end=\"43\">Clase t\u00e9rmica:<\/strong><\/p>\n<ul data-start=\"46\" data-end=\"56\">\n<li data-start=\"46\" data-end=\"56\">\n<p data-start=\"48\" data-end=\"56\">200 \u00b0C<\/p>\n<\/li>\n<\/ul>\n<p data-start=\"58\" data-end=\"77\"><strong data-start=\"58\" data-end=\"75\">Aplicaci\u00f3n:<\/strong><\/p>\n<ul data-start=\"78\" data-end=\"235\">\n<li data-start=\"78\" data-end=\"115\">\n<p data-start=\"80\" data-end=\"115\">M\u00e9todo de inmersi\u00f3n y recocido<\/p>\n<\/li>\n<li data-start=\"116\" data-end=\"141\">\n<p data-start=\"118\" data-end=\"141\">impregnaci\u00f3n al vac\u00edo<\/p>\n<\/li>\n<li data-start=\"142\" data-end=\"185\">\n<p data-start=\"144\" data-end=\"185\">VPI &#8211; impregnaci\u00f3n a presi\u00f3n y al vac\u00edo<\/p>\n<\/li>\n<li data-start=\"186\" data-end=\"204\">\n<p data-start=\"188\" data-end=\"204\">m\u00e9todo de goteo<\/p>\n<\/li>\n<li data-start=\"205\" data-end=\"235\">\n<p data-start=\"207\" data-end=\"235\">m\u00e9todo roll-and-dip<\/p>\n<\/li>\n<\/ul>\n<p data-start=\"237\" data-end=\"258\"><strong data-start=\"237\" data-end=\"256\">Mercado objetivo:<\/strong><\/p>\n<ul data-start=\"259\" data-end=\"319\">\n<li data-start=\"259\" data-end=\"280\">\n<p data-start=\"261\" data-end=\"280\">motores (estatores)<\/p>\n<\/li>\n<li data-start=\"281\" data-end=\"300\">\n<p data-start=\"283\" data-end=\"300\">baja tensi\u00f3n<\/p>\n<\/li>\n<li data-start=\"301\" data-end=\"319\">\n<p data-start=\"303\" data-end=\"319\">transformadores<\/p>\n<\/li>\n<\/ul>\n<p data-start=\"321\" data-end=\"347\"><strong data-start=\"321\" data-end=\"345\">Impacto medioambiental:<\/strong><\/p>\n<ul data-start=\"348\" data-end=\"369\">\n<li data-start=\"348\" data-end=\"369\">\n<p data-start=\"350\" data-end=\"369\">sin viniltolueno<\/p>\n<\/li>\n<\/ul>\n","protected":false},"excerpt":{"rendered":"<p>Voltatex\u00ae 4001 es una resina impermeabilizante termoendurecible monocomponente, ligeramente turbia, de color marr\u00f3n amarillento, lista para usar y con una elevada actividad capilar.<\/p>\n","protected":false},"featured_media":11415,"template":"","meta":[],"product_brand":[],"product_cat":[180],"product_tag":[182,223,184],"class_list":{"0":"post-11413","1":"product","2":"type-product","3":"status-publish","4":"has-post-thumbnail","6":"product_cat-energy-solutions-es","7":"product_tag-resinas-de-impregnacion","8":"product_tag-resinas-diluidas-con-estireno","9":"product_tag-voltatex-es","11":"first","12":"instock","13":"shipping-taxable","14":"product-type-simple"},"_links":{"self":[{"href":"https:\/\/dirigocoating.pl\/es\/wp-json\/wp\/v2\/product\/11413"}],"collection":[{"href":"https:\/\/dirigocoating.pl\/es\/wp-json\/wp\/v2\/product"}],"about":[{"href":"https:\/\/dirigocoating.pl\/es\/wp-json\/wp\/v2\/types\/product"}],"wp:featuredmedia":[{"embeddable":true,"href":"https:\/\/dirigocoating.pl\/es\/wp-json\/wp\/v2\/media\/11415"}],"wp:attachment":[{"href":"https:\/\/dirigocoating.pl\/es\/wp-json\/wp\/v2\/media?parent=11413"}],"wp:term":[{"taxonomy":"product_brand","embeddable":true,"href":"https:\/\/dirigocoating.pl\/es\/wp-json\/wp\/v2\/product_brand?post=11413"},{"taxonomy":"product_cat","embeddable":true,"href":"https:\/\/dirigocoating.pl\/es\/wp-json\/wp\/v2\/product_cat?post=11413"},{"taxonomy":"product_tag","embeddable":true,"href":"https:\/\/dirigocoating.pl\/es\/wp-json\/wp\/v2\/product_tag?post=11413"}],"curies":[{"name":"wp","href":"https:\/\/api.w.org\/{rel}","templated":true}]}}