{"id":11421,"date":"2025-07-23T10:15:23","date_gmt":"2025-07-23T10:15:23","guid":{"rendered":"https:\/\/dirigocoating.pl\/produkt\/voltatex-4130\/"},"modified":"2025-08-06T12:22:59","modified_gmt":"2025-08-06T12:22:59","slug":"voltatex-4130","status":"publish","type":"product","link":"https:\/\/dirigocoating.pl\/es\/producto\/voltatex-4130\/","title":{"rendered":"Voltatex 4130"},"content":{"rendered":"<p data-start=\"0\" data-end=\"21\"><strong data-start=\"0\" data-end=\"21\">Criterios del producto<\/strong><\/p>\n<p data-start=\"23\" data-end=\"45\"><strong data-start=\"23\" data-end=\"43\">Clase t\u00e9rmica:<\/strong><\/p>\n<ul data-start=\"46\" data-end=\"56\">\n<li data-start=\"46\" data-end=\"56\">\n<p data-start=\"48\" data-end=\"56\">180 \u00b0C<\/p>\n<\/li>\n<\/ul>\n<p data-start=\"58\" data-end=\"77\"><strong data-start=\"58\" data-end=\"75\">Aplicaci\u00f3n:<\/strong><\/p>\n<ul data-start=\"78\" data-end=\"185\">\n<li data-start=\"78\" data-end=\"115\">\n<p data-start=\"80\" data-end=\"115\">M\u00e9todo de inmersi\u00f3n y recocido<\/p>\n<\/li>\n<li data-start=\"116\" data-end=\"141\">\n<p data-start=\"118\" data-end=\"141\">impregnaci\u00f3n al vac\u00edo<\/p>\n<\/li>\n<li data-start=\"142\" data-end=\"185\">\n<p data-start=\"144\" data-end=\"185\">VPI &#8211; impregnaci\u00f3n a presi\u00f3n y al vac\u00edo<\/p>\n<\/li>\n<\/ul>\n<p data-start=\"187\" data-end=\"208\"><strong data-start=\"187\" data-end=\"206\">Mercado objetivo:<\/strong><\/p>\n<ul data-start=\"209\" data-end=\"259\">\n<li data-start=\"209\" data-end=\"228\">\n<p data-start=\"211\" data-end=\"228\">baja tensi\u00f3n<\/p>\n<\/li>\n<li data-start=\"229\" data-end=\"247\">\n<p data-start=\"231\" data-end=\"247\">transformadores<\/p>\n<\/li>\n<li data-start=\"248\" data-end=\"259\">\n<p data-start=\"250\" data-end=\"259\">estatores<\/p>\n<\/li>\n<\/ul>\n<p data-start=\"261\" data-end=\"287\"><strong data-start=\"261\" data-end=\"285\">Impacto medioambiental:<\/strong><\/p>\n<ul data-start=\"288\" data-end=\"301\" data-is-last-node=\"\" data-is-only-node=\"\">\n<li data-start=\"288\" data-end=\"301\" data-is-last-node=\"\">\n<p data-start=\"290\" data-end=\"301\" data-is-last-node=\"\">sin estireno<\/p>\n<\/li>\n<\/ul>\n","protected":false},"excerpt":{"rendered":"<p>Voltatex\u00ae 4130 es una resina de impregnaci\u00f3n monocomponente, de color marr\u00f3n amarillento, turbia, lista para usar, termoendurecible y sin estireno.<\/p>\n","protected":false},"featured_media":11423,"template":"","meta":[],"product_brand":[],"product_cat":[180],"product_tag":[182,199,184],"class_list":{"0":"post-11421","1":"product","2":"type-product","3":"status-publish","4":"has-post-thumbnail","6":"product_cat-energy-solutions-es","7":"product_tag-resinas-de-impregnacion","8":"product_tag-resinas-diluidas-con-viniltolueno","9":"product_tag-voltatex-es","11":"first","12":"instock","13":"shipping-taxable","14":"product-type-simple"},"_links":{"self":[{"href":"https:\/\/dirigocoating.pl\/es\/wp-json\/wp\/v2\/product\/11421"}],"collection":[{"href":"https:\/\/dirigocoating.pl\/es\/wp-json\/wp\/v2\/product"}],"about":[{"href":"https:\/\/dirigocoating.pl\/es\/wp-json\/wp\/v2\/types\/product"}],"wp:featuredmedia":[{"embeddable":true,"href":"https:\/\/dirigocoating.pl\/es\/wp-json\/wp\/v2\/media\/11423"}],"wp:attachment":[{"href":"https:\/\/dirigocoating.pl\/es\/wp-json\/wp\/v2\/media?parent=11421"}],"wp:term":[{"taxonomy":"product_brand","embeddable":true,"href":"https:\/\/dirigocoating.pl\/es\/wp-json\/wp\/v2\/product_brand?post=11421"},{"taxonomy":"product_cat","embeddable":true,"href":"https:\/\/dirigocoating.pl\/es\/wp-json\/wp\/v2\/product_cat?post=11421"},{"taxonomy":"product_tag","embeddable":true,"href":"https:\/\/dirigocoating.pl\/es\/wp-json\/wp\/v2\/product_tag?post=11421"}],"curies":[{"name":"wp","href":"https:\/\/api.w.org\/{rel}","templated":true}]}}