{"id":11436,"date":"2025-06-17T08:54:46","date_gmt":"2025-06-17T08:54:46","guid":{"rendered":"https:\/\/dirigocoating.pl\/produkt\/imprimacion-epoxi-rica-en-zinc-percotop-2k-053\/"},"modified":"2025-08-27T08:55:01","modified_gmt":"2025-08-27T08:55:01","slug":"imprimacion-epoxi-rica-en-zinc-percotop-2k-053","status":"publish","type":"product","link":"https:\/\/dirigocoating.pl\/es\/producto\/imprimacion-epoxi-rica-en-zinc-percotop-2k-053\/","title":{"rendered":"PercoTop 2K Zinc Rich Epoxy Primer 053"},"content":{"rendered":"<p data-start=\"34\" data-end=\"52\"><strong data-start=\"34\" data-end=\"50\">Propiedades:<\/strong><\/p>\n<ul data-start=\"53\" data-end=\"605\" data-is-last-node=\"\" data-is-only-node=\"\">\n<li data-start=\"53\" data-end=\"170\">\n<p data-start=\"55\" data-end=\"170\">PercoTop\u00ae CS382 2K Zinc Rich Epoxy Primer 053 es una imprimaci\u00f3n de dos componentes con un alto contenido en polvo de zinc.<\/p>\n<\/li>\n<li data-start=\"171\" data-end=\"215\">\n<p data-start=\"173\" data-end=\"215\">Formulaci\u00f3n a base de resina epoxi.<\/p>\n<\/li>\n<li data-start=\"216\" data-end=\"354\">\n<p data-start=\"218\" data-end=\"354\">Puede utilizarse como primera capa de los sistemas de pintura proporcionando una protecci\u00f3n superior contra la corrosi\u00f3n del acero grueso.<\/p>\n<\/li>\n<li data-start=\"355\" data-end=\"545\">\n<p data-start=\"357\" data-end=\"545\">Esta imprimaci\u00f3n rica en cinc proporciona una excelente barrera y protecci\u00f3n cat\u00f3dica y puede utilizarse con cualquier masilla epoxi adecuada para formar un sistema de revestimiento muy duradero.<\/p>\n<\/li>\n<li data-start=\"546\" data-end=\"605\" data-is-last-node=\"\">\n<p data-start=\"548\" data-end=\"605\" data-is-last-node=\"\">Alta resistencia al calor, hasta una temperatura continua de 180\u00baC.<\/p>\n<\/li>\n<\/ul>\n<p><a class=\"wgl-button btn-size-sm \" role=\"button\" href=\"https:\/\/dirigocoating.pl\/wp-content\/uploads\/2025\/07\/EN-CS382.pdf\">TDS<\/a><\/p>\n","protected":false},"excerpt":{"rendered":"<p><span>Imprimaci\u00f3n epoxi bicomponente sin cromatos formulada para proporcionar una excelente protecci\u00f3n contra la corrosi\u00f3n del acero granallado. Es ideal para proporcionar protecci\u00f3n a largo plazo en entornos qu\u00edmicos. La aplicaci\u00f3n de capa gruesa y el secado r\u00e1pido facilitan la aplicaci\u00f3n incluso en condiciones dif\u00edciles.  <\/span><\/p>\n","protected":false},"featured_media":10284,"template":"","meta":[],"product_brand":[],"product_cat":[201],"product_tag":[202,203],"class_list":{"0":"post-11436","1":"product","2":"type-product","3":"status-publish","4":"has-post-thumbnail","6":"product_cat-vehiculos-comerciales","7":"product_tag-cartillas","8":"product_tag-subyacente-cv","10":"first","11":"instock","12":"shipping-taxable","13":"product-type-simple"},"_links":{"self":[{"href":"https:\/\/dirigocoating.pl\/es\/wp-json\/wp\/v2\/product\/11436"}],"collection":[{"href":"https:\/\/dirigocoating.pl\/es\/wp-json\/wp\/v2\/product"}],"about":[{"href":"https:\/\/dirigocoating.pl\/es\/wp-json\/wp\/v2\/types\/product"}],"wp:featuredmedia":[{"embeddable":true,"href":"https:\/\/dirigocoating.pl\/es\/wp-json\/wp\/v2\/media\/10284"}],"wp:attachment":[{"href":"https:\/\/dirigocoating.pl\/es\/wp-json\/wp\/v2\/media?parent=11436"}],"wp:term":[{"taxonomy":"product_brand","embeddable":true,"href":"https:\/\/dirigocoating.pl\/es\/wp-json\/wp\/v2\/product_brand?post=11436"},{"taxonomy":"product_cat","embeddable":true,"href":"https:\/\/dirigocoating.pl\/es\/wp-json\/wp\/v2\/product_cat?post=11436"},{"taxonomy":"product_tag","embeddable":true,"href":"https:\/\/dirigocoating.pl\/es\/wp-json\/wp\/v2\/product_tag?post=11436"}],"curies":[{"name":"wp","href":"https:\/\/api.w.org\/{rel}","templated":true}]}}