{"id":11438,"date":"2025-06-17T08:59:33","date_gmt":"2025-06-17T08:59:33","guid":{"rendered":"https:\/\/dirigocoating.pl\/produkt\/imprimacion-percotop-suprasand-2k-high-build-ep-cs388\/"},"modified":"2025-08-27T08:53:18","modified_gmt":"2025-08-27T08:53:18","slug":"imprimacion-percotop-suprasand-2k-high-build-ep-cs388","status":"publish","type":"product","link":"https:\/\/dirigocoating.pl\/es\/producto\/imprimacion-percotop-suprasand-2k-high-build-ep-cs388\/","title":{"rendered":"PercoTop SupraSand 2K High Build EP Primer CS388"},"content":{"rendered":"<p><span>Proporciona una excelente adherencia, resistencia a la humedad y protecci\u00f3n contra la corrosi\u00f3n en muchos sustratos. No muestra amarilleamiento y utiliza un activador de base biol\u00f3gica. <\/span><br \/>\n<span>Especialmente dise\u00f1ado para su uso cuando se requiere una excelente resistencia a la corrosi\u00f3n en combinaci\u00f3n con una alta durabilidad y lijado. (por ejemplo, para recubrir sustratos rugosos) y excelentes propiedades h\u00famedo sobre h\u00famedo (tiempo de evaporaci\u00f3n muy corto antes de volver a pintar y excelente aspecto de la capa de acabado). <\/span><\/p>\n<p><a class=\"wgl-button btn-size-sm \" role=\"button\" href=\"https:\/\/dirigocoating.pl\/wp-content\/uploads\/2025\/07\/EN-CS388-17.05.24.pdf\">TDS<\/a><\/p>\n<p><a class=\"wgl-button btn-size-sm \" role=\"button\" href=\"https:\/\/dirigocoating.pl\/wp-content\/uploads\/2025\/07\/Axalta-Epoxy-Primer-CS388-Brochure-2019g_POL_LR.pdf\">CAT\u00c1LOGO<\/a><\/p>\n","protected":false},"excerpt":{"rendered":"<p><span>PercoTop\u00ae SupraSand 2K High Build EP Primer es una imprimaci\u00f3n de resina epoxi 2K con base de disolvente, sin cromato de zinc y qu\u00edmicamente resistente.<\/span><\/p>\n","protected":false},"featured_media":10422,"template":"","meta":[],"product_brand":[],"product_cat":[201],"product_tag":[202,203],"class_list":{"0":"post-11438","1":"product","2":"type-product","3":"status-publish","4":"has-post-thumbnail","6":"product_cat-vehiculos-comerciales","7":"product_tag-cartillas","8":"product_tag-subyacente-cv","10":"first","11":"instock","12":"shipping-taxable","13":"product-type-simple"},"_links":{"self":[{"href":"https:\/\/dirigocoating.pl\/es\/wp-json\/wp\/v2\/product\/11438"}],"collection":[{"href":"https:\/\/dirigocoating.pl\/es\/wp-json\/wp\/v2\/product"}],"about":[{"href":"https:\/\/dirigocoating.pl\/es\/wp-json\/wp\/v2\/types\/product"}],"wp:featuredmedia":[{"embeddable":true,"href":"https:\/\/dirigocoating.pl\/es\/wp-json\/wp\/v2\/media\/10422"}],"wp:attachment":[{"href":"https:\/\/dirigocoating.pl\/es\/wp-json\/wp\/v2\/media?parent=11438"}],"wp:term":[{"taxonomy":"product_brand","embeddable":true,"href":"https:\/\/dirigocoating.pl\/es\/wp-json\/wp\/v2\/product_brand?post=11438"},{"taxonomy":"product_cat","embeddable":true,"href":"https:\/\/dirigocoating.pl\/es\/wp-json\/wp\/v2\/product_cat?post=11438"},{"taxonomy":"product_tag","embeddable":true,"href":"https:\/\/dirigocoating.pl\/es\/wp-json\/wp\/v2\/product_tag?post=11438"}],"curies":[{"name":"wp","href":"https:\/\/api.w.org\/{rel}","templated":true}]}}