{"id":11439,"date":"2025-06-17T09:05:06","date_gmt":"2025-06-17T09:05:06","guid":{"rendered":"https:\/\/dirigocoating.pl\/produkt\/percotop-2k-hs-primer-049-es-una-imprimacion-de-bajo-voc-2k-primer-filler-cs391-cs392\/"},"modified":"2025-08-27T08:51:37","modified_gmt":"2025-08-27T08:51:37","slug":"percotop-2k-hs-primer-049-es-una-imprimacion-de-bajo-voc-2k-primer-filler-cs391-cs392","status":"publish","type":"product","link":"https:\/\/dirigocoating.pl\/es\/producto\/percotop-2k-hs-primer-049-es-una-imprimacion-de-bajo-voc-2k-primer-filler-cs391-cs392\/","title":{"rendered":"PercoTop 2K HS Primer 049 2K Primer Filler CS391 \/ CS392"},"content":{"rendered":"<p data-start=\"34\" data-end=\"52\"><strong data-start=\"34\" data-end=\"50\">Propiedades:<\/strong><\/p>\n<ul data-start=\"53\" data-end=\"429\" data-is-last-node=\"\" data-is-only-node=\"\">\n<li data-start=\"53\" data-end=\"212\">\n<p data-start=\"55\" data-end=\"212\">PercoTop\u00ae 2K HS Primer 049 es una imprimaci\u00f3n\/masilla de dos componentes con un bajo contenido en COV (compuestos org\u00e1nicos vol\u00e1tiles). Formulado a base de poliacr\u00edlico. <\/p>\n<\/li>\n<li data-start=\"213\" data-end=\"298\">\n<p data-start=\"215\" data-end=\"298\">Puede utilizarse como promotor de adherencia, imprimaci\u00f3n o masilla.<\/p>\n<\/li>\n<li data-start=\"299\" data-end=\"358\">\n<p data-start=\"301\" data-end=\"358\">Excelente triturabilidad en combinaci\u00f3n con el producto CS705.<\/p>\n<\/li>\n<li data-start=\"359\" data-end=\"429\" data-is-last-node=\"\">\n<p data-start=\"361\" data-end=\"429\" data-is-last-node=\"\">Perfecta adherencia a los sustratos met\u00e1licos que se indican a continuaci\u00f3n.<\/p>\n<\/li>\n<\/ul>\n<p><a class=\"wgl-button btn-size-sm \" role=\"button\" href=\"https:\/\/dirigocoating.pl\/wp-content\/uploads\/2025\/07\/EN-CS391_2-v5.pdf\">TDS<\/a><\/p>\n","protected":false},"excerpt":{"rendered":"<p><span>Composici\u00f3n a base de poliacrilato. Puede utilizarse como promotor de adherencia, imprimaci\u00f3n o relleno. Excelente resistencia a la abrasi\u00f3n cuando se utiliza con CS705. Excelente adherencia sobre sustratos met\u00e1licos.   <\/span><\/p>\n","protected":false},"featured_media":10259,"template":"","meta":[],"product_brand":[],"product_cat":[201],"product_tag":[202,203],"class_list":{"0":"post-11439","1":"product","2":"type-product","3":"status-publish","4":"has-post-thumbnail","6":"product_cat-vehiculos-comerciales","7":"product_tag-cartillas","8":"product_tag-subyacente-cv","10":"first","11":"instock","12":"shipping-taxable","13":"product-type-simple"},"_links":{"self":[{"href":"https:\/\/dirigocoating.pl\/es\/wp-json\/wp\/v2\/product\/11439"}],"collection":[{"href":"https:\/\/dirigocoating.pl\/es\/wp-json\/wp\/v2\/product"}],"about":[{"href":"https:\/\/dirigocoating.pl\/es\/wp-json\/wp\/v2\/types\/product"}],"wp:featuredmedia":[{"embeddable":true,"href":"https:\/\/dirigocoating.pl\/es\/wp-json\/wp\/v2\/media\/10259"}],"wp:attachment":[{"href":"https:\/\/dirigocoating.pl\/es\/wp-json\/wp\/v2\/media?parent=11439"}],"wp:term":[{"taxonomy":"product_brand","embeddable":true,"href":"https:\/\/dirigocoating.pl\/es\/wp-json\/wp\/v2\/product_brand?post=11439"},{"taxonomy":"product_cat","embeddable":true,"href":"https:\/\/dirigocoating.pl\/es\/wp-json\/wp\/v2\/product_cat?post=11439"},{"taxonomy":"product_tag","embeddable":true,"href":"https:\/\/dirigocoating.pl\/es\/wp-json\/wp\/v2\/product_tag?post=11439"}],"curies":[{"name":"wp","href":"https:\/\/api.w.org\/{rel}","templated":true}]}}