{"id":11443,"date":"2025-06-17T09:02:28","date_gmt":"2025-06-17T09:02:28","guid":{"rendered":"https:\/\/dirigocoating.pl\/produkt\/imprimacion-percotop-supraproductive-2k-ep-wow-cs389\/"},"modified":"2025-08-27T08:52:11","modified_gmt":"2025-08-27T08:52:11","slug":"imprimacion-percotop-supraproductive-2k-ep-wow-cs389","status":"publish","type":"product","link":"https:\/\/dirigocoating.pl\/es\/producto\/imprimacion-percotop-supraproductive-2k-ep-wow-cs389\/","title":{"rendered":"PercoTop SupraProductive 2K EP Primer WOW CS389"},"content":{"rendered":"<p><span>No amarillea y utiliza un activador de base biol\u00f3gica. Espec\u00edficamente dise\u00f1ado para proporcionar un aumento significativo del rendimiento mediante una combinaci\u00f3n de excelentes propiedades h\u00famedo sobre h\u00famedo (tiempo de evaporaci\u00f3n muy corto antes del recubrimiento y excelente aspecto de la capa final). Adem\u00e1s, cura extremadamente r\u00e1pido, lo que permite empezar a montar las piezas pintadas inmediatamente despu\u00e9s del curado.  <\/span><\/p>\n<p><a class=\"wgl-button btn-size-sm \" role=\"button\" href=\"https:\/\/dirigocoating.pl\/wp-content\/uploads\/2025\/07\/EN-CS389-SupraProductive-2K-EP-Primer-31052022.pdf\">TDS<\/a><\/p>\n<p><a class=\"wgl-button btn-size-sm \" role=\"button\" href=\"https:\/\/dirigocoating.pl\/wp-content\/uploads\/2025\/07\/AXL20_2001-0153_Axalta-Commercial-Vehicle-PercoTop-CS389_me02_01_pl-PL-1.pdf\">CAT\u00c1LOGO<\/a><\/p>\n","protected":false},"excerpt":{"rendered":"<p><span>PercoTop CS389 proporciona una excelente adherencia, resistencia a la humedad y protecci\u00f3n contra la corrosi\u00f3n en una gran variedad de sustratos.<\/span><\/p>\n","protected":false},"featured_media":12715,"template":"","meta":[],"product_brand":[],"product_cat":[201],"product_tag":[202,203],"class_list":{"0":"post-11443","1":"product","2":"type-product","3":"status-publish","4":"has-post-thumbnail","6":"product_cat-vehiculos-comerciales","7":"product_tag-cartillas","8":"product_tag-subyacente-cv","10":"first","11":"instock","12":"shipping-taxable","13":"product-type-simple"},"_links":{"self":[{"href":"https:\/\/dirigocoating.pl\/es\/wp-json\/wp\/v2\/product\/11443"}],"collection":[{"href":"https:\/\/dirigocoating.pl\/es\/wp-json\/wp\/v2\/product"}],"about":[{"href":"https:\/\/dirigocoating.pl\/es\/wp-json\/wp\/v2\/types\/product"}],"wp:featuredmedia":[{"embeddable":true,"href":"https:\/\/dirigocoating.pl\/es\/wp-json\/wp\/v2\/media\/12715"}],"wp:attachment":[{"href":"https:\/\/dirigocoating.pl\/es\/wp-json\/wp\/v2\/media?parent=11443"}],"wp:term":[{"taxonomy":"product_brand","embeddable":true,"href":"https:\/\/dirigocoating.pl\/es\/wp-json\/wp\/v2\/product_brand?post=11443"},{"taxonomy":"product_cat","embeddable":true,"href":"https:\/\/dirigocoating.pl\/es\/wp-json\/wp\/v2\/product_cat?post=11443"},{"taxonomy":"product_tag","embeddable":true,"href":"https:\/\/dirigocoating.pl\/es\/wp-json\/wp\/v2\/product_tag?post=11443"}],"curies":[{"name":"wp","href":"https:\/\/api.w.org\/{rel}","templated":true}]}}