{"id":11446,"date":"2025-06-17T08:27:36","date_gmt":"2025-06-17T08:27:36","guid":{"rendered":"https:\/\/dirigocoating.pl\/produkt\/masilla-sin-lijar-percotop-2k-hs-cs356\/"},"modified":"2025-08-27T09:01:33","modified_gmt":"2025-08-27T09:01:33","slug":"masilla-sin-lijar-percotop-2k-hs-cs356","status":"publish","type":"product","link":"https:\/\/dirigocoating.pl\/es\/producto\/masilla-sin-lijar-percotop-2k-hs-cs356\/","title":{"rendered":"PercoTop 2K HS Non Sanding Filler CS356"},"content":{"rendered":"<p data-start=\"34\" data-end=\"52\"><strong data-start=\"34\" data-end=\"50\">Propiedades:<\/strong><\/p>\n<ul data-start=\"53\" data-end=\"416\" data-is-last-node=\"\" data-is-only-node=\"\">\n<li data-start=\"53\" data-end=\"244\">\n<p data-start=\"55\" data-end=\"244\">Gracias a su \u00f3ptima capacidad de esparcimiento y de absorci\u00f3n de la niebla de pulverizaci\u00f3n, PercoTop\u00ae 2K HS Masilla Sin Lijado es especialmente adecuada para aplicaciones en grandes estructuras y veh\u00edculos.<\/p>\n<\/li>\n<li data-start=\"245\" data-end=\"375\">\n<p data-start=\"247\" data-end=\"375\">PercoTop\u00ae 2K HS Non Sanding Filler puede recubrirse sin esteras intercaladas.<\/p>\n<\/li>\n<li data-start=\"376\" data-end=\"416\" data-is-last-node=\"\">\n<p data-start=\"378\" data-end=\"416\" data-is-last-node=\"\">Formulaci\u00f3n a base de resina acr\u00edlica.<\/p>\n<\/li>\n<\/ul>\n<p><a class=\"wgl-button btn-size-sm \" role=\"button\" href=\"https:\/\/dirigocoating.pl\/wp-content\/uploads\/2025\/07\/EN-CS356.pdf\">TDS<\/a><\/p>\n","protected":false},"excerpt":{"rendered":"<p><span>PercoTop\u00ae 2K HS Non Sanding Filler es una imprimaci\u00f3n a base de resina acr\u00edlica y es un producto excelente para su aplicaci\u00f3n en grandes estructuras y veh\u00edculos. Tiene unas caracter\u00edsticas de fluidez \u00f3ptimas y es un excelente absorbente de niebla de pintura. Esta imprimaci\u00f3n de relleno se puede recubrir con una capa de acabado sin lijado intermedio.  <\/span><\/p>\n","protected":false},"featured_media":10335,"template":"","meta":[],"product_brand":[],"product_cat":[201],"product_tag":[202,203],"class_list":{"0":"post-11446","1":"product","2":"type-product","3":"status-publish","4":"has-post-thumbnail","6":"product_cat-vehiculos-comerciales","7":"product_tag-cartillas","8":"product_tag-subyacente-cv","10":"first","11":"instock","12":"shipping-taxable","13":"product-type-simple"},"_links":{"self":[{"href":"https:\/\/dirigocoating.pl\/es\/wp-json\/wp\/v2\/product\/11446"}],"collection":[{"href":"https:\/\/dirigocoating.pl\/es\/wp-json\/wp\/v2\/product"}],"about":[{"href":"https:\/\/dirigocoating.pl\/es\/wp-json\/wp\/v2\/types\/product"}],"wp:featuredmedia":[{"embeddable":true,"href":"https:\/\/dirigocoating.pl\/es\/wp-json\/wp\/v2\/media\/10335"}],"wp:attachment":[{"href":"https:\/\/dirigocoating.pl\/es\/wp-json\/wp\/v2\/media?parent=11446"}],"wp:term":[{"taxonomy":"product_brand","embeddable":true,"href":"https:\/\/dirigocoating.pl\/es\/wp-json\/wp\/v2\/product_brand?post=11446"},{"taxonomy":"product_cat","embeddable":true,"href":"https:\/\/dirigocoating.pl\/es\/wp-json\/wp\/v2\/product_cat?post=11446"},{"taxonomy":"product_tag","embeddable":true,"href":"https:\/\/dirigocoating.pl\/es\/wp-json\/wp\/v2\/product_tag?post=11446"}],"curies":[{"name":"wp","href":"https:\/\/api.w.org\/{rel}","templated":true}]}}