{"id":11449,"date":"2025-06-17T08:41:40","date_gmt":"2025-06-17T08:41:40","guid":{"rendered":"https:\/\/dirigocoating.pl\/produkt\/percotop-2k-hs-relleno-wow\/"},"modified":"2025-08-27T08:59:59","modified_gmt":"2025-08-27T08:59:59","slug":"percotop-2k-hs-relleno-wow","status":"publish","type":"product","link":"https:\/\/dirigocoating.pl\/es\/producto\/percotop-2k-hs-relleno-wow\/","title":{"rendered":"PercoTop 2K HS WOW Filler"},"content":{"rendered":"<p data-start=\"34\" data-end=\"52\"><strong data-start=\"34\" data-end=\"50\">Propiedades:<\/strong><\/p>\n<ul data-start=\"53\" data-end=\"316\" data-is-last-node=\"\" data-is-only-node=\"\">\n<li data-start=\"53\" data-end=\"184\">\n<p data-start=\"55\" data-end=\"184\">PercoTop\u00ae 2K HS WOW Filler es una masilla bicomponente h\u00famedo sobre h\u00famedo, especialmente adecuada para veh\u00edculos comerciales.<\/p>\n<\/li>\n<li data-start=\"185\" data-end=\"227\">\n<p data-start=\"187\" data-end=\"227\">Formulaci\u00f3n a base de resina acr\u00edlica.<\/p>\n<\/li>\n<li data-start=\"228\" data-end=\"316\" data-is-last-node=\"\">\n<p data-start=\"230\" data-end=\"316\" data-is-last-node=\"\">Es f\u00e1cil de aplicar y tiene una buena capacidad de absorci\u00f3n de la niebla de pulverizaci\u00f3n.<\/p>\n<\/li>\n<\/ul>\n<p><a class=\"wgl-button btn-size-sm \" role=\"button\" href=\"https:\/\/dirigocoating.pl\/wp-content\/uploads\/2025\/07\/EN-CS357-9.pdf\">TDS<\/a><\/p>\n","protected":false},"excerpt":{"rendered":"<p><span>PercoTop\u00ae 2K HS WOW Filler es una masilla de poliuretano 2K h\u00famedo sobre h\u00famedo, especialmente indicada para veh\u00edculos comerciales. Es f\u00e1cil de aplicar y tiene una buena absorci\u00f3n de la niebla de pintura. La composici\u00f3n est\u00e1 basada en resina acr\u00edlica.  <\/span><\/p>\n","protected":false},"featured_media":10325,"template":"","meta":[],"product_brand":[],"product_cat":[201],"product_tag":[202,203],"class_list":{"0":"post-11449","1":"product","2":"type-product","3":"status-publish","4":"has-post-thumbnail","6":"product_cat-vehiculos-comerciales","7":"product_tag-cartillas","8":"product_tag-subyacente-cv","10":"first","11":"instock","12":"shipping-taxable","13":"product-type-simple"},"_links":{"self":[{"href":"https:\/\/dirigocoating.pl\/es\/wp-json\/wp\/v2\/product\/11449"}],"collection":[{"href":"https:\/\/dirigocoating.pl\/es\/wp-json\/wp\/v2\/product"}],"about":[{"href":"https:\/\/dirigocoating.pl\/es\/wp-json\/wp\/v2\/types\/product"}],"wp:featuredmedia":[{"embeddable":true,"href":"https:\/\/dirigocoating.pl\/es\/wp-json\/wp\/v2\/media\/10325"}],"wp:attachment":[{"href":"https:\/\/dirigocoating.pl\/es\/wp-json\/wp\/v2\/media?parent=11449"}],"wp:term":[{"taxonomy":"product_brand","embeddable":true,"href":"https:\/\/dirigocoating.pl\/es\/wp-json\/wp\/v2\/product_brand?post=11449"},{"taxonomy":"product_cat","embeddable":true,"href":"https:\/\/dirigocoating.pl\/es\/wp-json\/wp\/v2\/product_cat?post=11449"},{"taxonomy":"product_tag","embeddable":true,"href":"https:\/\/dirigocoating.pl\/es\/wp-json\/wp\/v2\/product_tag?post=11449"}],"curies":[{"name":"wp","href":"https:\/\/api.w.org\/{rel}","templated":true}]}}