{"id":11452,"date":"2025-06-17T08:35:06","date_gmt":"2025-06-17T08:35:06","guid":{"rendered":"https:\/\/dirigocoating.pl\/produkt\/imprimacion-percotop-1k-010\/"},"modified":"2025-08-27T09:00:53","modified_gmt":"2025-08-27T09:00:53","slug":"imprimacion-percotop-1k-010","status":"publish","type":"product","link":"https:\/\/dirigocoating.pl\/es\/producto\/imprimacion-percotop-1k-010\/","title":{"rendered":"PercoTop 1K Primer 010"},"content":{"rendered":"<p><strong data-start=\"34\" data-end=\"61\">PercoTop\u00ae 1K Primer 010<\/strong> es una imprimaci\u00f3n monocomponente en base disolvente, sin cromato de zinc, a base de resinas de butiral de polivinilo (butiral de polivinilo). Proporciona muy buena adherencia a los sustratos met\u00e1licos y es ideal para la protecci\u00f3n temporal y moderada contra la corrosi\u00f3n. <\/p>\n<p><a class=\"wgl-button btn-size-sm \" role=\"button\" href=\"https:\/\/dirigocoating.pl\/wp-content\/uploads\/2025\/07\/EN-CS310-6.pdf\">TDS<\/a><\/p>\n","protected":false},"excerpt":{"rendered":"<p><span>PercoTop Primer 010 CS310\/CS312\/CS313 1K es una imprimaci\u00f3n monocomponente a base de disolventes, sin cromato de zinc. La composici\u00f3n del producto est\u00e1 desarrollada a base de butiral de polivinilo. <\/span><\/p>\n","protected":false},"featured_media":10330,"template":"","meta":[],"product_brand":[],"product_cat":[201],"product_tag":[202,203],"class_list":{"0":"post-11452","1":"product","2":"type-product","3":"status-publish","4":"has-post-thumbnail","6":"product_cat-vehiculos-comerciales","7":"product_tag-cartillas","8":"product_tag-subyacente-cv","10":"first","11":"instock","12":"shipping-taxable","13":"product-type-simple"},"_links":{"self":[{"href":"https:\/\/dirigocoating.pl\/es\/wp-json\/wp\/v2\/product\/11452"}],"collection":[{"href":"https:\/\/dirigocoating.pl\/es\/wp-json\/wp\/v2\/product"}],"about":[{"href":"https:\/\/dirigocoating.pl\/es\/wp-json\/wp\/v2\/types\/product"}],"wp:featuredmedia":[{"embeddable":true,"href":"https:\/\/dirigocoating.pl\/es\/wp-json\/wp\/v2\/media\/10330"}],"wp:attachment":[{"href":"https:\/\/dirigocoating.pl\/es\/wp-json\/wp\/v2\/media?parent=11452"}],"wp:term":[{"taxonomy":"product_brand","embeddable":true,"href":"https:\/\/dirigocoating.pl\/es\/wp-json\/wp\/v2\/product_brand?post=11452"},{"taxonomy":"product_cat","embeddable":true,"href":"https:\/\/dirigocoating.pl\/es\/wp-json\/wp\/v2\/product_cat?post=11452"},{"taxonomy":"product_tag","embeddable":true,"href":"https:\/\/dirigocoating.pl\/es\/wp-json\/wp\/v2\/product_tag?post=11452"}],"curies":[{"name":"wp","href":"https:\/\/api.w.org\/{rel}","templated":true}]}}