{"id":11455,"date":"2025-06-17T08:44:50","date_gmt":"2025-06-17T08:44:50","guid":{"rendered":"https:\/\/dirigocoating.pl\/produkt\/masilla-de-lijado-percotop-cs364-hs\/"},"modified":"2025-08-27T08:59:20","modified_gmt":"2025-08-27T08:59:20","slug":"masilla-de-lijado-percotop-cs364-hs","status":"publish","type":"product","link":"https:\/\/dirigocoating.pl\/es\/producto\/masilla-de-lijado-percotop-cs364-hs\/","title":{"rendered":"PercoTop CS364 HS Sanding Filler"},"content":{"rendered":"<p data-start=\"34\" data-end=\"52\"><strong data-start=\"34\" data-end=\"50\">Propiedades:<\/strong><\/p>\n<ul data-start=\"53\" data-end=\"342\" data-is-last-node=\"\" data-is-only-node=\"\">\n<li data-start=\"53\" data-end=\"183\">\n<p data-start=\"55\" data-end=\"183\">PercoTop\u00ae Masilla de Lijado CS364-365-366 es una masilla con bajo contenido en disolventes a base de resinas acr\u00edlicas.<\/p>\n<\/li>\n<li data-start=\"184\" data-end=\"342\" data-is-last-node=\"\">\n<p data-start=\"186\" data-end=\"342\" data-is-last-node=\"\">Adem\u00e1s de su f\u00e1cil aplicaci\u00f3n, el producto destaca por su excelente lijabilidad, su extraordinaria estabilidad en superficies verticales y su excepcional poder de relleno.<\/p>\n<\/li>\n<\/ul>\n<p><a class=\"wgl-button btn-size-sm \" role=\"button\" href=\"https:\/\/dirigocoating.pl\/wp-content\/uploads\/2025\/07\/2K-HS-Sanding-Filler-EN.pdf\">TDS<\/a><\/p>\n","protected":false},"excerpt":{"rendered":"<p><span>PercoTop\u00ae HS Masilla de Lijado CS364 \/ CS365 \/ CS366 es una imprimaci\u00f3n de relleno con bajo contenido en disolventes a base de resinas acr\u00edlicas. Adem\u00e1s de su f\u00e1cil aplicaci\u00f3n, este producto impresiona por sus excelentes propiedades de lijado, su extraordinaria estabilidad vertical y su poder de relleno. <\/span><\/p>\n","protected":false},"featured_media":10319,"template":"","meta":[],"product_brand":[],"product_cat":[201],"product_tag":[202,203],"class_list":{"0":"post-11455","1":"product","2":"type-product","3":"status-publish","4":"has-post-thumbnail","6":"product_cat-vehiculos-comerciales","7":"product_tag-cartillas","8":"product_tag-subyacente-cv","10":"first","11":"instock","12":"shipping-taxable","13":"product-type-simple"},"_links":{"self":[{"href":"https:\/\/dirigocoating.pl\/es\/wp-json\/wp\/v2\/product\/11455"}],"collection":[{"href":"https:\/\/dirigocoating.pl\/es\/wp-json\/wp\/v2\/product"}],"about":[{"href":"https:\/\/dirigocoating.pl\/es\/wp-json\/wp\/v2\/types\/product"}],"wp:featuredmedia":[{"embeddable":true,"href":"https:\/\/dirigocoating.pl\/es\/wp-json\/wp\/v2\/media\/10319"}],"wp:attachment":[{"href":"https:\/\/dirigocoating.pl\/es\/wp-json\/wp\/v2\/media?parent=11455"}],"wp:term":[{"taxonomy":"product_brand","embeddable":true,"href":"https:\/\/dirigocoating.pl\/es\/wp-json\/wp\/v2\/product_brand?post=11455"},{"taxonomy":"product_cat","embeddable":true,"href":"https:\/\/dirigocoating.pl\/es\/wp-json\/wp\/v2\/product_cat?post=11455"},{"taxonomy":"product_tag","embeddable":true,"href":"https:\/\/dirigocoating.pl\/es\/wp-json\/wp\/v2\/product_tag?post=11455"}],"curies":[{"name":"wp","href":"https:\/\/api.w.org\/{rel}","templated":true}]}}