{"id":11456,"date":"2025-06-17T08:49:23","date_gmt":"2025-06-17T08:49:23","guid":{"rendered":"https:\/\/dirigocoating.pl\/produkt\/imprimacion-percotop-2k-dtm-primer-surfacer-cs374-cs375-cs376\/"},"modified":"2025-08-27T08:57:49","modified_gmt":"2025-08-27T08:57:49","slug":"imprimacion-percotop-2k-dtm-primer-surfacer-cs374-cs375-cs376","status":"publish","type":"product","link":"https:\/\/dirigocoating.pl\/es\/producto\/imprimacion-percotop-2k-dtm-primer-surfacer-cs374-cs375-cs376\/","title":{"rendered":"PercoTop 2K DTM Primer Surfacer CS374 \/ CS375 \/ CS376"},"content":{"rendered":"<p><span>El producto est\u00e1 dise\u00f1ado para una aplicaci\u00f3n eficaz, r\u00e1pida y eficiente en aplicaciones industriales. El producto puede aplicarse directamente sobre diversos sustratos met\u00e1licos. <\/span><br \/>\n<span>PercoTop\u00ae CS374 puede utilizarse h\u00famedo sobre h\u00famedo y tambi\u00e9n como aparejo de lijado, proporcionando una buena nivelaci\u00f3n de la capa de acabado y una excelente capacidad de extensi\u00f3n. Esta imprimaci\u00f3n vers\u00e1til ofrece una buena durabilidad de la capa de acabado combinada con protecci\u00f3n contra la corrosi\u00f3n y muy buena adherencia. <\/span><\/p>\n<p><a class=\"wgl-button btn-size-sm \" role=\"button\" href=\"https:\/\/dirigocoating.pl\/wp-content\/uploads\/2025\/07\/TDS-EN-CS374-6.pdf\">TDS<\/a><\/p>\n","protected":false},"excerpt":{"rendered":"<p><span>PercoTop\u00ae CS374 es una imprimaci\u00f3n universal con un alto contenido en s\u00f3lidos.<\/span><\/p>\n","protected":false},"featured_media":10299,"template":"","meta":[],"product_brand":[],"product_cat":[201],"product_tag":[202,203],"class_list":{"0":"post-11456","1":"product","2":"type-product","3":"status-publish","4":"has-post-thumbnail","6":"product_cat-vehiculos-comerciales","7":"product_tag-cartillas","8":"product_tag-subyacente-cv","10":"first","11":"instock","12":"shipping-taxable","13":"product-type-simple"},"_links":{"self":[{"href":"https:\/\/dirigocoating.pl\/es\/wp-json\/wp\/v2\/product\/11456"}],"collection":[{"href":"https:\/\/dirigocoating.pl\/es\/wp-json\/wp\/v2\/product"}],"about":[{"href":"https:\/\/dirigocoating.pl\/es\/wp-json\/wp\/v2\/types\/product"}],"wp:featuredmedia":[{"embeddable":true,"href":"https:\/\/dirigocoating.pl\/es\/wp-json\/wp\/v2\/media\/10299"}],"wp:attachment":[{"href":"https:\/\/dirigocoating.pl\/es\/wp-json\/wp\/v2\/media?parent=11456"}],"wp:term":[{"taxonomy":"product_brand","embeddable":true,"href":"https:\/\/dirigocoating.pl\/es\/wp-json\/wp\/v2\/product_brand?post=11456"},{"taxonomy":"product_cat","embeddable":true,"href":"https:\/\/dirigocoating.pl\/es\/wp-json\/wp\/v2\/product_cat?post=11456"},{"taxonomy":"product_tag","embeddable":true,"href":"https:\/\/dirigocoating.pl\/es\/wp-json\/wp\/v2\/product_tag?post=11456"}],"curies":[{"name":"wp","href":"https:\/\/api.w.org\/{rel}","templated":true}]}}