{"id":11461,"date":"2025-06-17T08:47:42","date_gmt":"2025-06-17T08:47:42","guid":{"rendered":"https:\/\/dirigocoating.pl\/produkt\/percotop-cs371-cs372-2k-vhs-power-primer-4000\/"},"modified":"2025-08-27T08:58:43","modified_gmt":"2025-08-27T08:58:43","slug":"percotop-cs371-cs372-2k-vhs-power-primer-4000","status":"publish","type":"product","link":"https:\/\/dirigocoating.pl\/es\/producto\/percotop-cs371-cs372-2k-vhs-power-primer-4000\/","title":{"rendered":"PercoTop CS371\/CS372 2K VHS Power Primer 4000"},"content":{"rendered":"<p><strong data-start=\"34\" data-end=\"50\">Propiedades:<\/strong><br \/>\nPercoTop\u00ae 2K VHS Power Primer 4000 es una imprimaci\u00f3n\/relleno bicomponente a base de resinas poliacr\u00edlicas, con un contenido en s\u00f3lidos muy elevado y un bajo contenido en COV (compuestos org\u00e1nicos vol\u00e1tiles).<br \/>\nSe ha desarrollado para las aplicaciones m\u00e1s exigentes en el sector del veh\u00edculo industrial, los equipos agr\u00edcolas y de construcci\u00f3n (ACE) y la industria en general.<br data-start=\"50\" data-end=\"53\">Se seca r\u00e1pidamente y puede utilizarse como imprimaci\u00f3n o relleno.<br data-start=\"261\" data-end=\"264\"><br data-start=\"427\" data-end=\"430\"><a class=\"wgl-button btn-size-sm \" role=\"button\" href=\"https:\/\/dirigocoating.pl\/wp-content\/uploads\/2025\/07\/EN-CS371-2.pdf\">TDS<\/a><\/p>\n","protected":false},"excerpt":{"rendered":"<p><span>Imprimaci\u00f3n de poliuretano bicomponente de secado r\u00e1pido y bajas emisiones que puede utilizarse como imprimaci\u00f3n normal para mejorar la adherencia o como imprimaci\u00f3n de capa gruesa en una amplia variedad de sustratos. Funciona especialmente bien sobre acero granallado, acero rectificado y sustratos de PRFV. Esta imprimaci\u00f3n vers\u00e1til ofrece las emisiones m\u00e1s bajas posibles en tecnolog\u00eda de disolventes. Se puede lijar y proporciona un excelente aspecto de acabado.   <\/span><\/p>\n","protected":false},"featured_media":10309,"template":"","meta":[],"product_brand":[],"product_cat":[201],"product_tag":[202,203],"class_list":{"0":"post-11461","1":"product","2":"type-product","3":"status-publish","4":"has-post-thumbnail","6":"product_cat-vehiculos-comerciales","7":"product_tag-cartillas","8":"product_tag-subyacente-cv","10":"first","11":"instock","12":"shipping-taxable","13":"product-type-simple"},"_links":{"self":[{"href":"https:\/\/dirigocoating.pl\/es\/wp-json\/wp\/v2\/product\/11461"}],"collection":[{"href":"https:\/\/dirigocoating.pl\/es\/wp-json\/wp\/v2\/product"}],"about":[{"href":"https:\/\/dirigocoating.pl\/es\/wp-json\/wp\/v2\/types\/product"}],"wp:featuredmedia":[{"embeddable":true,"href":"https:\/\/dirigocoating.pl\/es\/wp-json\/wp\/v2\/media\/10309"}],"wp:attachment":[{"href":"https:\/\/dirigocoating.pl\/es\/wp-json\/wp\/v2\/media?parent=11461"}],"wp:term":[{"taxonomy":"product_brand","embeddable":true,"href":"https:\/\/dirigocoating.pl\/es\/wp-json\/wp\/v2\/product_brand?post=11461"},{"taxonomy":"product_cat","embeddable":true,"href":"https:\/\/dirigocoating.pl\/es\/wp-json\/wp\/v2\/product_cat?post=11461"},{"taxonomy":"product_tag","embeddable":true,"href":"https:\/\/dirigocoating.pl\/es\/wp-json\/wp\/v2\/product_tag?post=11461"}],"curies":[{"name":"wp","href":"https:\/\/api.w.org\/{rel}","templated":true}]}}