{"id":11462,"date":"2025-06-17T08:51:37","date_gmt":"2025-06-17T08:51:37","guid":{"rendered":"https:\/\/dirigocoating.pl\/produkt\/imprimacion-epoxi-percotop-2k-cs381\/"},"modified":"2025-08-27T08:57:04","modified_gmt":"2025-08-27T08:57:04","slug":"imprimacion-epoxi-percotop-2k-cs381","status":"publish","type":"product","link":"https:\/\/dirigocoating.pl\/es\/producto\/imprimacion-epoxi-percotop-2k-cs381\/","title":{"rendered":"PercoTop 2K Epoxy Primer CS381"},"content":{"rendered":"<p><strong data-start=\"34\" data-end=\"50\">Propiedades:<\/strong><br \/>\nPercoTop\u00ae 2K Epoxy Primer es una imprimaci\u00f3n\/relleno qu\u00edmicamente resistente, de dos componentes, en base disolvente, sin cromato de zinc, basada en resinas epoxi.<br \/>\nProporciona una excelente adherencia y protecci\u00f3n contra la corrosi\u00f3n en una amplia gama de sustratos.<br data-start=\"50\" data-end=\"53\"><br data-start=\"223\" data-end=\"226\"><a class=\"wgl-button btn-size-sm \" role=\"button\" href=\"https:\/\/dirigocoating.pl\/wp-content\/uploads\/2025\/08\/CS381-PercoTop-2K-Epoxy-Primer-EN.pdf\">TDS<\/a><\/p>\n","protected":false},"excerpt":{"rendered":"<p><span>Imprimaci\u00f3n epoxi bicomponente sin cromatos con la m\u00e1xima resistencia qu\u00edmica y una \u00f3ptima protecci\u00f3n anticorrosiva para sustratos met\u00e1licos.<\/span><\/p>\n","protected":false},"featured_media":10290,"template":"","meta":[],"product_brand":[],"product_cat":[201],"product_tag":[202,203],"class_list":{"0":"post-11462","1":"product","2":"type-product","3":"status-publish","4":"has-post-thumbnail","6":"product_cat-vehiculos-comerciales","7":"product_tag-cartillas","8":"product_tag-subyacente-cv","10":"first","11":"instock","12":"shipping-taxable","13":"product-type-simple"},"_links":{"self":[{"href":"https:\/\/dirigocoating.pl\/es\/wp-json\/wp\/v2\/product\/11462"}],"collection":[{"href":"https:\/\/dirigocoating.pl\/es\/wp-json\/wp\/v2\/product"}],"about":[{"href":"https:\/\/dirigocoating.pl\/es\/wp-json\/wp\/v2\/types\/product"}],"wp:featuredmedia":[{"embeddable":true,"href":"https:\/\/dirigocoating.pl\/es\/wp-json\/wp\/v2\/media\/10290"}],"wp:attachment":[{"href":"https:\/\/dirigocoating.pl\/es\/wp-json\/wp\/v2\/media?parent=11462"}],"wp:term":[{"taxonomy":"product_brand","embeddable":true,"href":"https:\/\/dirigocoating.pl\/es\/wp-json\/wp\/v2\/product_brand?post=11462"},{"taxonomy":"product_cat","embeddable":true,"href":"https:\/\/dirigocoating.pl\/es\/wp-json\/wp\/v2\/product_cat?post=11462"},{"taxonomy":"product_tag","embeddable":true,"href":"https:\/\/dirigocoating.pl\/es\/wp-json\/wp\/v2\/product_tag?post=11462"}],"curies":[{"name":"wp","href":"https:\/\/api.w.org\/{rel}","templated":true}]}}