{"id":11489,"date":"2025-06-11T10:38:58","date_gmt":"2025-06-11T10:38:58","guid":{"rendered":"https:\/\/dirigocoating.pl\/produkt\/centari-6000\/"},"modified":"2025-08-27T09:22:41","modified_gmt":"2025-08-27T09:22:41","slug":"centari-6000","status":"publish","type":"product","link":"https:\/\/dirigocoating.pl\/es\/producto\/centari-6000\/","title":{"rendered":"Centari 6000"},"content":{"rendered":"<p>Base bicapa de molecularidad media para su uso en sistemas \u00abtransparente sobre base\u00bb para colores s\u00f3lidos, metalizados y nacarados.<br \/>\nAdecuado para su uso en autom\u00f3viles, camiones y autobuses.<br \/>\nComposici\u00f3n a base de copol\u00edmero acr\u00edlico.<\/p>\n<p>PROPIEDADES<\/p>\n<p>* Facilita la aplicaci\u00f3n y la igualaci\u00f3n precisa del color.<br \/>\n* Excelente cobertura y cubrici\u00f3n uniforme permiten un ahorro significativo en el tiempo de aplicaci\u00f3n y en el consumo de material.<br \/>\n* Se recomienda BK220 para obtener mejores propiedades de recubrimiento.<br \/>\n* Puede utilizarse para reparaciones puntuales, de paneles y globales.<\/p>\n<p><a class=\"wgl-button btn-size-sm \" role=\"button\" href=\"https:\/\/dirigocoating.pl\/wp-content\/uploads\/2025\/07\/EN-C6000.pdf\">TDS<\/a><\/p>\n","protected":false},"excerpt":{"rendered":"<p>PINTURA BASE DE BAJAS EMISIONES<\/p>\n","protected":false},"featured_media":10114,"template":"","meta":[],"product_brand":[],"product_cat":[201],"product_tag":[232,233],"class_list":{"0":"post-11489","1":"product","2":"type-product","3":"status-publish","4":"has-post-thumbnail","6":"product_cat-vehiculos-comerciales","7":"product_tag-capas-base","8":"product_tag-cv-base-es","10":"first","11":"instock","12":"shipping-taxable","13":"product-type-simple"},"_links":{"self":[{"href":"https:\/\/dirigocoating.pl\/es\/wp-json\/wp\/v2\/product\/11489"}],"collection":[{"href":"https:\/\/dirigocoating.pl\/es\/wp-json\/wp\/v2\/product"}],"about":[{"href":"https:\/\/dirigocoating.pl\/es\/wp-json\/wp\/v2\/types\/product"}],"wp:featuredmedia":[{"embeddable":true,"href":"https:\/\/dirigocoating.pl\/es\/wp-json\/wp\/v2\/media\/10114"}],"wp:attachment":[{"href":"https:\/\/dirigocoating.pl\/es\/wp-json\/wp\/v2\/media?parent=11489"}],"wp:term":[{"taxonomy":"product_brand","embeddable":true,"href":"https:\/\/dirigocoating.pl\/es\/wp-json\/wp\/v2\/product_brand?post=11489"},{"taxonomy":"product_cat","embeddable":true,"href":"https:\/\/dirigocoating.pl\/es\/wp-json\/wp\/v2\/product_cat?post=11489"},{"taxonomy":"product_tag","embeddable":true,"href":"https:\/\/dirigocoating.pl\/es\/wp-json\/wp\/v2\/product_tag?post=11489"}],"curies":[{"name":"wp","href":"https:\/\/api.w.org\/{rel}","templated":true}]}}