{"id":11496,"date":"2025-06-12T10:08:01","date_gmt":"2025-06-12T10:08:01","guid":{"rendered":"https:\/\/dirigocoating.pl\/produkt\/base-bicapa-percotop\/"},"modified":"2025-08-27T09:21:56","modified_gmt":"2025-08-27T09:21:56","slug":"base-bicapa-percotop","status":"publish","type":"product","link":"https:\/\/dirigocoating.pl\/es\/producto\/base-bicapa-percotop\/","title":{"rendered":"PercoTop Basecoat"},"content":{"rendered":"<p>Propiedades<\/p>\n<ul>\n<li>PercoTop Basecoat es una capa base 1K desarrollada para aplicaciones multicolor (por ejemplo, bicicletas).<\/li>\n<li>Composici\u00f3n a base de un aglutinante de poli\u00e9ster modificado.<\/li>\n<li>Se seca muy r\u00e1pidamente y puede recubrirse con todos los barnices PercoTop\u00ae y barnices en polvo transparentes.<\/li>\n<\/ul>\n<p><a class=\"wgl-button btn-size-sm \" role=\"button\" href=\"https:\/\/dirigocoating.pl\/wp-content\/uploads\/2025\/07\/EN-PCTBC.pdf\">TDS<\/a><\/p>\n","protected":false},"excerpt":{"rendered":"<p>PercoTop\u00ae Basecoat &#8211; Una capa base monocomponente dedicada a la industria, desarrollada para barnices multicolor, basada en una resina de poli\u00e9ster modificada. Un producto f\u00e1cil de usar, de secado r\u00e1pido y con capacidad de sombreado. <\/p>\n","protected":false},"featured_media":10579,"template":"","meta":[],"product_brand":[],"product_cat":[201],"product_tag":[232,233],"class_list":{"0":"post-11496","1":"product","2":"type-product","3":"status-publish","4":"has-post-thumbnail","6":"product_cat-vehiculos-comerciales","7":"product_tag-capas-base","8":"product_tag-cv-base-es","10":"first","11":"instock","12":"shipping-taxable","13":"product-type-simple"},"_links":{"self":[{"href":"https:\/\/dirigocoating.pl\/es\/wp-json\/wp\/v2\/product\/11496"}],"collection":[{"href":"https:\/\/dirigocoating.pl\/es\/wp-json\/wp\/v2\/product"}],"about":[{"href":"https:\/\/dirigocoating.pl\/es\/wp-json\/wp\/v2\/types\/product"}],"wp:featuredmedia":[{"embeddable":true,"href":"https:\/\/dirigocoating.pl\/es\/wp-json\/wp\/v2\/media\/10579"}],"wp:attachment":[{"href":"https:\/\/dirigocoating.pl\/es\/wp-json\/wp\/v2\/media?parent=11496"}],"wp:term":[{"taxonomy":"product_brand","embeddable":true,"href":"https:\/\/dirigocoating.pl\/es\/wp-json\/wp\/v2\/product_brand?post=11496"},{"taxonomy":"product_cat","embeddable":true,"href":"https:\/\/dirigocoating.pl\/es\/wp-json\/wp\/v2\/product_cat?post=11496"},{"taxonomy":"product_tag","embeddable":true,"href":"https:\/\/dirigocoating.pl\/es\/wp-json\/wp\/v2\/product_tag?post=11496"}],"curies":[{"name":"wp","href":"https:\/\/api.w.org\/{rel}","templated":true}]}}