{"id":11498,"date":"2025-06-16T07:58:27","date_gmt":"2025-06-16T07:58:27","guid":{"rendered":"https:\/\/dirigocoating.pl\/produkt\/masilla-pulverizable-percotop-cs161\/"},"modified":"2025-08-27T09:20:32","modified_gmt":"2025-08-27T09:20:32","slug":"masilla-pulverizable-percotop-cs161","status":"publish","type":"product","link":"https:\/\/dirigocoating.pl\/es\/producto\/masilla-pulverizable-percotop-cs161\/","title":{"rendered":"PercoTop\u00ae CS161 Sprayable Putty"},"content":{"rendered":"<p><strong>Propiedades<\/strong><\/p>\n<ul class=\"wp-block-list\">\n<li>La masilla pulverizable PercoTop\u00ae CS161 es una masilla pulverizable de alta calidad a base de resinas de poli\u00e9ster insaturadas.<\/li>\n<li>Proporciona un aspecto liso en grandes superficies.<\/li>\n<li>Es f\u00e1cil de aplicar, tiene una excelente resistencia a la deflexi\u00f3n y es f\u00e1cil de lijar.<\/li>\n<\/ul>\n<p><a class=\"wgl-button btn-size-sm \" role=\"button\" href=\"https:\/\/dirigocoating.pl\/wp-content\/uploads\/2025\/07\/EN-CS161.pdf\">TDS<\/a><\/p>\n","protected":false},"excerpt":{"rendered":"<p><span>Masilla en spray 2K desarrollada para el alisado de grandes \u00e1reas con superficies medianamente rugosas. Se caracteriza por su facilidad de aplicaci\u00f3n con pistola y lijado. <\/span><\/p>\n","protected":false},"featured_media":10199,"template":"","meta":[],"product_brand":[],"product_cat":[201],"product_tag":[243,242],"class_list":{"0":"post-11498","1":"product","2":"type-product","3":"status-publish","4":"has-post-thumbnail","6":"product_cat-vehiculos-comerciales","7":"product_tag-masilla-cv","8":"product_tag-masillas","10":"first","11":"instock","12":"shipping-taxable","13":"product-type-simple"},"_links":{"self":[{"href":"https:\/\/dirigocoating.pl\/es\/wp-json\/wp\/v2\/product\/11498"}],"collection":[{"href":"https:\/\/dirigocoating.pl\/es\/wp-json\/wp\/v2\/product"}],"about":[{"href":"https:\/\/dirigocoating.pl\/es\/wp-json\/wp\/v2\/types\/product"}],"wp:featuredmedia":[{"embeddable":true,"href":"https:\/\/dirigocoating.pl\/es\/wp-json\/wp\/v2\/media\/10199"}],"wp:attachment":[{"href":"https:\/\/dirigocoating.pl\/es\/wp-json\/wp\/v2\/media?parent=11498"}],"wp:term":[{"taxonomy":"product_brand","embeddable":true,"href":"https:\/\/dirigocoating.pl\/es\/wp-json\/wp\/v2\/product_brand?post=11498"},{"taxonomy":"product_cat","embeddable":true,"href":"https:\/\/dirigocoating.pl\/es\/wp-json\/wp\/v2\/product_cat?post=11498"},{"taxonomy":"product_tag","embeddable":true,"href":"https:\/\/dirigocoating.pl\/es\/wp-json\/wp\/v2\/product_tag?post=11498"}],"curies":[{"name":"wp","href":"https:\/\/api.w.org\/{rel}","templated":true}]}}