{"id":11503,"date":"2025-06-16T08:01:51","date_gmt":"2025-06-16T08:01:51","guid":{"rendered":"https:\/\/dirigocoating.pl\/produkt\/masilla-de-alta-temperatura-percotop-cs162\/"},"modified":"2026-01-14T09:12:26","modified_gmt":"2026-01-14T09:12:26","slug":"masilla-de-alta-temperatura-percotop-cs162","status":"publish","type":"product","link":"https:\/\/dirigocoating.pl\/es\/producto\/masilla-de-alta-temperatura-percotop-cs162\/","title":{"rendered":"PercoTop CS162 High Temperature Putty"},"content":{"rendered":"<p>Masilla bicomponente con tecnolog\u00eda de resina de poli\u00e9ster insaturada dise\u00f1ada para superficies grandes y muy grandes gracias a su duraci\u00f3n de 30 minutos y a su aplicaci\u00f3n sin aguja. Esta masilla es resistente al calor y puede recubrirse con barnices en polvo &#8211; m\u00e1x. 30 minutos a 180\u00b0C.<\/p>\n<p><strong>Propiedades<\/strong><\/p>\n<ul class=\"wp-block-list\">\n<li>La masilla de alta temperatura PercoTop\u00ae CS162 es una masilla 2K de alta temperatura a base de resinas de poli\u00e9ster insaturadas.<\/li>\n<li>Se caracteriza por una gran elasticidad, baja porosidad y puede recubrirse con pinturas en polvo (tiempo y temperatura de secado m\u00e1ximos: 30 minutos a 180\u00b0C).<\/li>\n<li>Es f\u00e1cil de lijar y tiene una larga vida \u00fatil.<\/li>\n<\/ul>\n<p><a class=\"wgl-button btn-size-sm \" role=\"button\" href=\"https:\/\/dirigocoating.pl\/wp-content\/uploads\/2025\/07\/EN-CS162-1.pdf\">TDS<\/a><\/p>\n","protected":false},"excerpt":{"rendered":"<p><span> Masilla 2K con tecnolog\u00eda de resina de poli\u00e9ster insaturada<\/span><\/p>\n","protected":false},"featured_media":10189,"template":"","meta":[],"product_brand":[],"product_cat":[201],"product_tag":[243,242],"class_list":{"0":"post-11503","1":"product","2":"type-product","3":"status-publish","4":"has-post-thumbnail","6":"product_cat-vehiculos-comerciales","7":"product_tag-masilla-cv","8":"product_tag-masillas","10":"first","11":"instock","12":"shipping-taxable","13":"product-type-simple"},"_links":{"self":[{"href":"https:\/\/dirigocoating.pl\/es\/wp-json\/wp\/v2\/product\/11503"}],"collection":[{"href":"https:\/\/dirigocoating.pl\/es\/wp-json\/wp\/v2\/product"}],"about":[{"href":"https:\/\/dirigocoating.pl\/es\/wp-json\/wp\/v2\/types\/product"}],"wp:featuredmedia":[{"embeddable":true,"href":"https:\/\/dirigocoating.pl\/es\/wp-json\/wp\/v2\/media\/10189"}],"wp:attachment":[{"href":"https:\/\/dirigocoating.pl\/es\/wp-json\/wp\/v2\/media?parent=11503"}],"wp:term":[{"taxonomy":"product_brand","embeddable":true,"href":"https:\/\/dirigocoating.pl\/es\/wp-json\/wp\/v2\/product_brand?post=11503"},{"taxonomy":"product_cat","embeddable":true,"href":"https:\/\/dirigocoating.pl\/es\/wp-json\/wp\/v2\/product_cat?post=11503"},{"taxonomy":"product_tag","embeddable":true,"href":"https:\/\/dirigocoating.pl\/es\/wp-json\/wp\/v2\/product_tag?post=11503"}],"curies":[{"name":"wp","href":"https:\/\/api.w.org\/{rel}","templated":true}]}}