{"id":11521,"date":"2025-06-16T09:29:42","date_gmt":"2025-06-16T09:29:42","guid":{"rendered":"https:\/\/dirigocoating.pl\/produkt\/percotop-2k-ms-transparente-cs802\/"},"modified":"2025-08-27T09:06:59","modified_gmt":"2025-08-27T09:06:59","slug":"percotop-2k-ms-transparente-cs802","status":"publish","type":"product","link":"https:\/\/dirigocoating.pl\/es\/producto\/percotop-2k-ms-transparente-cs802\/","title":{"rendered":"PercoTop 2K MS Clearcoat CS802"},"content":{"rendered":"<p data-start=\"0\" data-end=\"7\"><strong>Propiedades<\/strong><\/p>\n<ul data-start=\"8\" data-end=\"194\" data-is-last-node=\"\" data-is-only-node=\"\">\n<li data-start=\"8\" data-end=\"132\">\n<p data-start=\"10\" data-end=\"132\">PercoTop\u00ae CS802 2K MS Clearcoat es un barniz de s\u00f3lidos medios basado en resinas acr\u00edlicas.<\/p>\n<\/li>\n<li data-start=\"133\" data-end=\"194\" data-is-last-node=\"\">\n<p data-start=\"135\" data-end=\"194\" data-is-last-node=\"\">Proporciona una excelente extensibilidad y aspecto y se seca r\u00e1pidamente<\/p>\n<\/li>\n<\/ul>\n<p><a class=\"wgl-button btn-size-sm \" role=\"button\" href=\"https:\/\/dirigocoating.pl\/wp-content\/uploads\/2025\/07\/EN-CS802.pdf\">TDS<\/a><\/p>\n","protected":false},"excerpt":{"rendered":"<p>2K  <span>  Barniz transparente a base de resina acr\u00edlica con contenido medio de s\u00f3lidos. Proporciona excelentes propiedades de fluidez, secado r\u00e1pido y un aspecto impecable. <\/span><\/p>\n","protected":false},"featured_media":10574,"template":"","meta":[],"product_brand":[],"product_cat":[201],"product_tag":[249,250],"class_list":{"0":"post-11521","1":"product","2":"type-product","3":"status-publish","4":"has-post-thumbnail","6":"product_cat-vehiculos-comerciales","7":"product_tag-barnices-transparentes","8":"product_tag-cv-claro","10":"first","11":"instock","12":"shipping-taxable","13":"product-type-simple"},"_links":{"self":[{"href":"https:\/\/dirigocoating.pl\/es\/wp-json\/wp\/v2\/product\/11521"}],"collection":[{"href":"https:\/\/dirigocoating.pl\/es\/wp-json\/wp\/v2\/product"}],"about":[{"href":"https:\/\/dirigocoating.pl\/es\/wp-json\/wp\/v2\/types\/product"}],"wp:featuredmedia":[{"embeddable":true,"href":"https:\/\/dirigocoating.pl\/es\/wp-json\/wp\/v2\/media\/10574"}],"wp:attachment":[{"href":"https:\/\/dirigocoating.pl\/es\/wp-json\/wp\/v2\/media?parent=11521"}],"wp:term":[{"taxonomy":"product_brand","embeddable":true,"href":"https:\/\/dirigocoating.pl\/es\/wp-json\/wp\/v2\/product_brand?post=11521"},{"taxonomy":"product_cat","embeddable":true,"href":"https:\/\/dirigocoating.pl\/es\/wp-json\/wp\/v2\/product_cat?post=11521"},{"taxonomy":"product_tag","embeddable":true,"href":"https:\/\/dirigocoating.pl\/es\/wp-json\/wp\/v2\/product_tag?post=11521"}],"curies":[{"name":"wp","href":"https:\/\/api.w.org\/{rel}","templated":true}]}}