{"id":11524,"date":"2025-06-16T09:42:16","date_gmt":"2025-06-16T09:42:16","guid":{"rendered":"https:\/\/dirigocoating.pl\/produkt\/percotop-2k-hs-transparente-cs805\/"},"modified":"2025-08-27T09:05:30","modified_gmt":"2025-08-27T09:05:30","slug":"percotop-2k-hs-transparente-cs805","status":"publish","type":"product","link":"https:\/\/dirigocoating.pl\/es\/producto\/percotop-2k-hs-transparente-cs805\/","title":{"rendered":"PercoTop 2K HS Clearcoat CS805"},"content":{"rendered":"<p data-start=\"0\" data-end=\"13\"><strong>Propiedades<\/strong><\/p>\n<ul data-start=\"14\" data-end=\"286\" data-is-last-node=\"\" data-is-only-node=\"\">\n<li data-start=\"14\" data-end=\"146\">\n<p data-start=\"16\" data-end=\"146\">PercoTop\u00ae CS805 2K HS Clearcoat es un barniz de altas prestaciones con un alto contenido en s\u00f3lidos, basado en resinas acr\u00edlicas.<\/p>\n<\/li>\n<li data-start=\"147\" data-end=\"224\">\n<p data-start=\"149\" data-end=\"224\">Combina una aplicaci\u00f3n f\u00e1cil y r\u00e1pida con una gran variedad de posibilidades de aplicaci\u00f3n.<\/p>\n<\/li>\n<li data-start=\"225\" data-end=\"286\" data-is-last-node=\"\">\n<p data-start=\"227\" data-end=\"286\" data-is-last-node=\"\">Proporciona una excelente extensibilidad y aspecto y se seca r\u00e1pidamente.<\/p>\n<\/li>\n<\/ul>\n<p><a class=\"wgl-button btn-size-sm \" role=\"button\" href=\"https:\/\/dirigocoating.pl\/wp-content\/uploads\/2025\/07\/EN-CS805.pdf\">TDS<\/a><\/p>\n","protected":false},"excerpt":{"rendered":"<p>Barniz 2K a base de resina acr\u00edlica, con alto contenido en s\u00f3lidos. Combina facilidad y rapidez con una gran variedad de m\u00e9todos de aplicaci\u00f3n. Proporciona un secado r\u00e1pido y buenas propiedades de fluidez.  <\/p>\n","protected":false},"featured_media":10564,"template":"","meta":[],"product_brand":[],"product_cat":[201],"product_tag":[249,250],"class_list":{"0":"post-11524","1":"product","2":"type-product","3":"status-publish","4":"has-post-thumbnail","6":"product_cat-vehiculos-comerciales","7":"product_tag-barnices-transparentes","8":"product_tag-cv-claro","10":"first","11":"instock","12":"shipping-taxable","13":"product-type-simple"},"_links":{"self":[{"href":"https:\/\/dirigocoating.pl\/es\/wp-json\/wp\/v2\/product\/11524"}],"collection":[{"href":"https:\/\/dirigocoating.pl\/es\/wp-json\/wp\/v2\/product"}],"about":[{"href":"https:\/\/dirigocoating.pl\/es\/wp-json\/wp\/v2\/types\/product"}],"wp:featuredmedia":[{"embeddable":true,"href":"https:\/\/dirigocoating.pl\/es\/wp-json\/wp\/v2\/media\/10564"}],"wp:attachment":[{"href":"https:\/\/dirigocoating.pl\/es\/wp-json\/wp\/v2\/media?parent=11524"}],"wp:term":[{"taxonomy":"product_brand","embeddable":true,"href":"https:\/\/dirigocoating.pl\/es\/wp-json\/wp\/v2\/product_brand?post=11524"},{"taxonomy":"product_cat","embeddable":true,"href":"https:\/\/dirigocoating.pl\/es\/wp-json\/wp\/v2\/product_cat?post=11524"},{"taxonomy":"product_tag","embeddable":true,"href":"https:\/\/dirigocoating.pl\/es\/wp-json\/wp\/v2\/product_tag?post=11524"}],"curies":[{"name":"wp","href":"https:\/\/api.w.org\/{rel}","templated":true}]}}