{"id":11529,"date":"2025-06-16T09:48:15","date_gmt":"2025-06-16T09:48:15","guid":{"rendered":"https:\/\/dirigocoating.pl\/produkt\/percotop-2k-hs-transparente-cs808\/"},"modified":"2025-08-27T09:04:54","modified_gmt":"2025-08-27T09:04:54","slug":"percotop-2k-hs-transparente-cs808","status":"publish","type":"product","link":"https:\/\/dirigocoating.pl\/es\/producto\/percotop-2k-hs-transparente-cs808\/","title":{"rendered":"PercoTop 2K HS Clearcoat CS808"},"content":{"rendered":"<p data-start=\"0\" data-end=\"13\"><strong>Propiedades<\/strong><\/p>\n<ul data-start=\"14\" data-end=\"274\" data-is-last-node=\"\" data-is-only-node=\"\">\n<li data-start=\"14\" data-end=\"125\">\n<p data-start=\"16\" data-end=\"125\">PercoTop\u00ae CS808 2K HS Clearcoat es un barniz PU 2K universal con un alto contenido en s\u00f3lidos.<\/p>\n<\/li>\n<li data-start=\"126\" data-end=\"274\" data-is-last-node=\"\">\n<p data-start=\"128\" data-end=\"274\" data-is-last-node=\"\">Adem\u00e1s de su facilidad de aplicaci\u00f3n, el producto destaca por su excelente humectaci\u00f3n del sustrato, lo que se traduce en un esparcimiento muy uniforme y una buena adherencia.<\/p>\n<\/li>\n<\/ul>\n<p><a class=\"wgl-button btn-size-sm \" role=\"button\" href=\"https:\/\/dirigocoating.pl\/wp-content\/uploads\/2025\/07\/EN-CS808.pdf\">TDS<\/a><\/p>\n","protected":false},"excerpt":{"rendered":"<p><span>Barniz PU 2K con alto contenido en s\u00f3lidos. Gracias a su capacidad de extensi\u00f3n, este producto impresiona por su facilidad de aplicaci\u00f3n sobre sustratos, uniformidad del revestimiento y buena adherencia. <\/span><\/p>\n","protected":false},"featured_media":10554,"template":"","meta":[],"product_brand":[],"product_cat":[201],"product_tag":[249,250],"class_list":{"0":"post-11529","1":"product","2":"type-product","3":"status-publish","4":"has-post-thumbnail","6":"product_cat-vehiculos-comerciales","7":"product_tag-barnices-transparentes","8":"product_tag-cv-claro","10":"first","11":"instock","12":"shipping-taxable","13":"product-type-simple"},"_links":{"self":[{"href":"https:\/\/dirigocoating.pl\/es\/wp-json\/wp\/v2\/product\/11529"}],"collection":[{"href":"https:\/\/dirigocoating.pl\/es\/wp-json\/wp\/v2\/product"}],"about":[{"href":"https:\/\/dirigocoating.pl\/es\/wp-json\/wp\/v2\/types\/product"}],"wp:featuredmedia":[{"embeddable":true,"href":"https:\/\/dirigocoating.pl\/es\/wp-json\/wp\/v2\/media\/10554"}],"wp:attachment":[{"href":"https:\/\/dirigocoating.pl\/es\/wp-json\/wp\/v2\/media?parent=11529"}],"wp:term":[{"taxonomy":"product_brand","embeddable":true,"href":"https:\/\/dirigocoating.pl\/es\/wp-json\/wp\/v2\/product_brand?post=11529"},{"taxonomy":"product_cat","embeddable":true,"href":"https:\/\/dirigocoating.pl\/es\/wp-json\/wp\/v2\/product_cat?post=11529"},{"taxonomy":"product_tag","embeddable":true,"href":"https:\/\/dirigocoating.pl\/es\/wp-json\/wp\/v2\/product_tag?post=11529"}],"curies":[{"name":"wp","href":"https:\/\/api.w.org\/{rel}","templated":true}]}}