{"id":11532,"date":"2025-06-16T09:53:03","date_gmt":"2025-06-16T09:53:03","guid":{"rendered":"https:\/\/dirigocoating.pl\/produkt\/percotop-2k-hs-transparente-secado-rapido-cs870\/"},"modified":"2025-08-27T09:03:39","modified_gmt":"2025-08-27T09:03:39","slug":"percotop-2k-hs-transparente-secado-rapido-cs870","status":"publish","type":"product","link":"https:\/\/dirigocoating.pl\/es\/producto\/percotop-2k-hs-transparente-secado-rapido-cs870\/","title":{"rendered":"PercoTop 2K HS Clearcoat Fast Drying CS870"},"content":{"rendered":"<p data-start=\"0\" data-end=\"13\"><strong>Propiedades<\/strong><\/p>\n<ul data-start=\"14\" data-end=\"410\" data-is-last-node=\"\" data-is-only-node=\"\">\n<li data-start=\"14\" data-end=\"184\">\n<p data-start=\"16\" data-end=\"184\">PercoTop\u00ae CS870 2K HS Clearcoat es un nuevo barniz universal de poliuretano 2K con un alto contenido en s\u00f3lidos, basado en una moderna tecnolog\u00eda de aglutinantes.<\/p>\n<\/li>\n<li data-start=\"185\" data-end=\"270\">\n<p data-start=\"187\" data-end=\"270\">F\u00e1cil de aplicar, con alta resistencia a la fluidez y tiempo de secado r\u00e1pido.<\/p>\n<\/li>\n<li data-start=\"271\" data-end=\"410\" data-is-last-node=\"\">\n<p data-start=\"273\" data-end=\"410\" data-is-last-node=\"\">La laca es especialmente f\u00e1cil de usar, ya que proporciona una excelente humectaci\u00f3n de la superficie, lo que da como resultado un esparcimiento muy suave y un buen recubrimiento.<\/p>\n<\/li>\n<\/ul>\n<p><a class=\"wgl-button btn-size-sm \" role=\"button\" href=\"https:\/\/dirigocoating.pl\/wp-content\/uploads\/2025\/07\/EN-CS870-1.pdf\">TDS<\/a><\/p>\n","protected":false},"excerpt":{"rendered":"<p><span>Se trata de un moderno barniz de poliuretano universal de dos componentes con un alto contenido en s\u00f3lidos. Su formulaci\u00f3n se basa en una nueva tecnolog\u00eda de adhesi\u00f3n. El producto se caracteriza por su f\u00e1cil aplicaci\u00f3n, alta resistencia a la formaci\u00f3n de pel\u00edcula y secado r\u00e1pido. Este barniz es extremadamente f\u00e1cil de usar y ofrece buenas propiedades de fluidez.   <\/span><\/p>\n","protected":false},"featured_media":10544,"template":"","meta":[],"product_brand":[],"product_cat":[201],"product_tag":[249,250],"class_list":{"0":"post-11532","1":"product","2":"type-product","3":"status-publish","4":"has-post-thumbnail","6":"product_cat-vehiculos-comerciales","7":"product_tag-barnices-transparentes","8":"product_tag-cv-claro","10":"first","11":"instock","12":"shipping-taxable","13":"product-type-simple"},"_links":{"self":[{"href":"https:\/\/dirigocoating.pl\/es\/wp-json\/wp\/v2\/product\/11532"}],"collection":[{"href":"https:\/\/dirigocoating.pl\/es\/wp-json\/wp\/v2\/product"}],"about":[{"href":"https:\/\/dirigocoating.pl\/es\/wp-json\/wp\/v2\/types\/product"}],"wp:featuredmedia":[{"embeddable":true,"href":"https:\/\/dirigocoating.pl\/es\/wp-json\/wp\/v2\/media\/10544"}],"wp:attachment":[{"href":"https:\/\/dirigocoating.pl\/es\/wp-json\/wp\/v2\/media?parent=11532"}],"wp:term":[{"taxonomy":"product_brand","embeddable":true,"href":"https:\/\/dirigocoating.pl\/es\/wp-json\/wp\/v2\/product_brand?post=11532"},{"taxonomy":"product_cat","embeddable":true,"href":"https:\/\/dirigocoating.pl\/es\/wp-json\/wp\/v2\/product_cat?post=11532"},{"taxonomy":"product_tag","embeddable":true,"href":"https:\/\/dirigocoating.pl\/es\/wp-json\/wp\/v2\/product_tag?post=11532"}],"curies":[{"name":"wp","href":"https:\/\/api.w.org\/{rel}","templated":true}]}}