{"id":11535,"date":"2025-06-16T09:50:33","date_gmt":"2025-06-16T09:50:33","guid":{"rendered":"https:\/\/dirigocoating.pl\/produkt\/percotop-2k-hs-helacryl-clearcoat-cs811\/"},"modified":"2025-08-06T12:37:23","modified_gmt":"2025-08-06T12:37:23","slug":"percotop-2k-hs-helacryl-clearcoat-cs811","status":"publish","type":"product","link":"https:\/\/dirigocoating.pl\/es\/producto\/percotop-2k-hs-helacryl-clearcoat-cs811\/","title":{"rendered":"PercoTop 2K HS Helacryl Clearcoat CS811"},"content":{"rendered":"<p data-start=\"0\" data-end=\"13\"><strong>Propiedades<\/strong><\/p>\n<ul data-start=\"14\" data-end=\"385\" data-is-last-node=\"\" data-is-only-node=\"\">\n<li data-start=\"14\" data-end=\"165\">\n<p data-start=\"16\" data-end=\"165\">PercoTop\u00ae CS811 Helacryl Clearcoat es un barniz especial de poliuretano con un contenido medio de s\u00f3lidos, basado en resinas acr\u00edlicas.<\/p>\n<\/li>\n<li data-start=\"166\" data-end=\"385\" data-is-last-node=\"\">\n<p data-start=\"168\" data-end=\"385\" data-is-last-node=\"\">Los rasgos caracter\u00edsticos del CS811 son su gran flexibilidad y su excelente adherencia a diversos sustratos met\u00e1licos y pl\u00e1sticos. Esto permite proteger una gran variedad de materiales sin alterar su aspecto original. <\/p>\n<\/li>\n<\/ul>\n<p><a class=\"wgl-button btn-size-sm \" role=\"button\" href=\"https:\/\/dirigocoating.pl\/wp-content\/uploads\/2025\/07\/EN-CS811.pdf\">TDS<\/a><\/p>\n","protected":false},"excerpt":{"rendered":"<p><span>Barniz especial de poliuretano de dos componentes a base de resina acr\u00edlica. Se caracteriza por su gran flexibilidad y excelente adherencia a muchos sustratos met\u00e1licos y pl\u00e1sticos. Esto le permite proteger una gran variedad de materiales manteniendo su aspecto original.  <\/span><\/p>\n","protected":false},"featured_media":10549,"template":"","meta":[],"product_brand":[],"product_cat":[201],"product_tag":[249,250],"class_list":{"0":"post-11535","1":"product","2":"type-product","3":"status-publish","4":"has-post-thumbnail","6":"product_cat-vehiculos-comerciales","7":"product_tag-barnices-transparentes","8":"product_tag-cv-claro","10":"first","11":"instock","12":"shipping-taxable","13":"product-type-simple"},"_links":{"self":[{"href":"https:\/\/dirigocoating.pl\/es\/wp-json\/wp\/v2\/product\/11535"}],"collection":[{"href":"https:\/\/dirigocoating.pl\/es\/wp-json\/wp\/v2\/product"}],"about":[{"href":"https:\/\/dirigocoating.pl\/es\/wp-json\/wp\/v2\/types\/product"}],"wp:featuredmedia":[{"embeddable":true,"href":"https:\/\/dirigocoating.pl\/es\/wp-json\/wp\/v2\/media\/10549"}],"wp:attachment":[{"href":"https:\/\/dirigocoating.pl\/es\/wp-json\/wp\/v2\/media?parent=11535"}],"wp:term":[{"taxonomy":"product_brand","embeddable":true,"href":"https:\/\/dirigocoating.pl\/es\/wp-json\/wp\/v2\/product_brand?post=11535"},{"taxonomy":"product_cat","embeddable":true,"href":"https:\/\/dirigocoating.pl\/es\/wp-json\/wp\/v2\/product_cat?post=11535"},{"taxonomy":"product_tag","embeddable":true,"href":"https:\/\/dirigocoating.pl\/es\/wp-json\/wp\/v2\/product_tag?post=11535"}],"curies":[{"name":"wp","href":"https:\/\/api.w.org\/{rel}","templated":true}]}}