{"id":11546,"date":"2025-06-16T08:26:52","date_gmt":"2025-06-16T08:26:52","guid":{"rendered":"https:\/\/dirigocoating.pl\/produkt\/masilla-percotop-cs165-thixoflex\/"},"modified":"2025-08-27T09:19:31","modified_gmt":"2025-08-27T09:19:31","slug":"masilla-percotop-cs165-thixoflex","status":"publish","type":"product","link":"https:\/\/dirigocoating.pl\/es\/producto\/masilla-percotop-cs165-thixoflex\/","title":{"rendered":"PercoTop CS165 Thixoflex Putty"},"content":{"rendered":"<p><strong>Propiedades<\/strong><\/p>\n<ul class=\"wp-block-list\">\n<li>PercoTop\u00ae CS165 Thixoflex Putty es una masilla universal a base de resinas de poli\u00e9ster insaturado.<\/li>\n<li>Se caracteriza por un excelente aspecto final, baja porosidad y alta resistencia a la flexi\u00f3n.<\/li>\n<li>Es f\u00e1cil de lijar.<\/li>\n<\/ul>\n<p><a class=\"wgl-button btn-size-sm \" role=\"button\" href=\"https:\/\/dirigocoating.pl\/wp-content\/uploads\/2025\/07\/EN-CS165-1.pdf\">TDS<\/a><\/p>\n","protected":false},"excerpt":{"rendered":"<p><span>Masilla 2K con propiedades tixotr\u00f3picas, lo que la hace ideal para aplicaciones de capa gruesa. Su f\u00e1cil aplicaci\u00f3n y lijado dan como resultado una superficie lisa estable de gran resistencia. <\/span><\/p>\n","protected":false},"featured_media":10180,"template":"","meta":[],"product_brand":[],"product_cat":[201],"product_tag":[243,242],"class_list":{"0":"post-11546","1":"product","2":"type-product","3":"status-publish","4":"has-post-thumbnail","6":"product_cat-vehiculos-comerciales","7":"product_tag-masilla-cv","8":"product_tag-masillas","10":"first","11":"instock","12":"shipping-taxable","13":"product-type-simple"},"_links":{"self":[{"href":"https:\/\/dirigocoating.pl\/es\/wp-json\/wp\/v2\/product\/11546"}],"collection":[{"href":"https:\/\/dirigocoating.pl\/es\/wp-json\/wp\/v2\/product"}],"about":[{"href":"https:\/\/dirigocoating.pl\/es\/wp-json\/wp\/v2\/types\/product"}],"wp:featuredmedia":[{"embeddable":true,"href":"https:\/\/dirigocoating.pl\/es\/wp-json\/wp\/v2\/media\/10180"}],"wp:attachment":[{"href":"https:\/\/dirigocoating.pl\/es\/wp-json\/wp\/v2\/media?parent=11546"}],"wp:term":[{"taxonomy":"product_brand","embeddable":true,"href":"https:\/\/dirigocoating.pl\/es\/wp-json\/wp\/v2\/product_brand?post=11546"},{"taxonomy":"product_cat","embeddable":true,"href":"https:\/\/dirigocoating.pl\/es\/wp-json\/wp\/v2\/product_cat?post=11546"},{"taxonomy":"product_tag","embeddable":true,"href":"https:\/\/dirigocoating.pl\/es\/wp-json\/wp\/v2\/product_tag?post=11546"}],"curies":[{"name":"wp","href":"https:\/\/api.w.org\/{rel}","templated":true}]}}