{"id":11556,"date":"2025-06-17T07:17:04","date_gmt":"2025-06-17T07:17:04","guid":{"rendered":"https:\/\/dirigocoating.pl\/produkt\/imprimacion-de-lavado-sin-cromatos-percotop-2k-cs305\/"},"modified":"2025-08-27T07:20:28","modified_gmt":"2025-08-27T07:20:28","slug":"cs305","status":"publish","type":"product","link":"https:\/\/dirigocoating.pl\/es\/producto\/cs305\/","title":{"rendered":"PercoTop 2K Chromate-Free Wash Primer CS305"},"content":{"rendered":"<p><strong>Propiedades:<\/strong><\/p>\n<ul>\n<li>La imprimaci\u00f3n 2K sin cromatos PercoTop\u00ae CS305 es un promotor de adherencia bicomponente que contiene \u00e1cido y est\u00e1 basado en resinas de butiral de polivinilo (butiral de polivinilo).<\/li>\n<li>Proporciona una excelente adherencia y protecci\u00f3n contra la corrosi\u00f3n en sustratos met\u00e1licos, especialmente aluminio y acero inoxidable.<\/li>\n<\/ul>\n<p><a class=\"wgl-button btn-size-sm \" role=\"button\" href=\"https:\/\/dirigocoating.pl\/wp-content\/uploads\/2025\/07\/EN-CS305.pdf\">TDS<\/a><\/p>\n","protected":false},"excerpt":{"rendered":"<p><span>Imprimaci\u00f3n grabadora bicomponente sin cromatos a base de resina polivin\u00edlica de butiral desarrollada para una fuerte protecci\u00f3n contra la corrosi\u00f3n. La composici\u00f3n proporciona una excelente adherencia incluso en sustratos pesados como el acero inoxidable. Dise\u00f1ado para un buen control del proceso as\u00ed como para futuros requisitos legislativos. Proporciona una buena cobertura y una f\u00e1cil aplicaci\u00f3n con un espesor de pel\u00edcula controlado. <\/span><\/p>\n","protected":false},"featured_media":10402,"template":"","meta":[],"product_brand":[],"product_cat":[201],"product_tag":[202,203],"class_list":{"0":"post-11556","1":"product","2":"type-product","3":"status-publish","4":"has-post-thumbnail","6":"product_cat-vehiculos-comerciales","7":"product_tag-cartillas","8":"product_tag-subyacente-cv","10":"first","11":"instock","12":"shipping-taxable","13":"product-type-simple"},"_links":{"self":[{"href":"https:\/\/dirigocoating.pl\/es\/wp-json\/wp\/v2\/product\/11556"}],"collection":[{"href":"https:\/\/dirigocoating.pl\/es\/wp-json\/wp\/v2\/product"}],"about":[{"href":"https:\/\/dirigocoating.pl\/es\/wp-json\/wp\/v2\/types\/product"}],"wp:featuredmedia":[{"embeddable":true,"href":"https:\/\/dirigocoating.pl\/es\/wp-json\/wp\/v2\/media\/10402"}],"wp:attachment":[{"href":"https:\/\/dirigocoating.pl\/es\/wp-json\/wp\/v2\/media?parent=11556"}],"wp:term":[{"taxonomy":"product_brand","embeddable":true,"href":"https:\/\/dirigocoating.pl\/es\/wp-json\/wp\/v2\/product_brand?post=11556"},{"taxonomy":"product_cat","embeddable":true,"href":"https:\/\/dirigocoating.pl\/es\/wp-json\/wp\/v2\/product_cat?post=11556"},{"taxonomy":"product_tag","embeddable":true,"href":"https:\/\/dirigocoating.pl\/es\/wp-json\/wp\/v2\/product_tag?post=11556"}],"curies":[{"name":"wp","href":"https:\/\/api.w.org\/{rel}","templated":true}]}}