{"id":11559,"date":"2025-06-17T07:23:26","date_gmt":"2025-06-17T07:23:26","guid":{"rendered":"https:\/\/dirigocoating.pl\/produkt\/imprimacion-lavable-sin-cromatos-percotop-2k-cs309\/"},"modified":"2025-08-27T09:47:38","modified_gmt":"2025-08-27T09:47:38","slug":"imprimacion-lavable-sin-cromatos-percotop-2k-cs309","status":"publish","type":"product","link":"https:\/\/dirigocoating.pl\/es\/producto\/imprimacion-lavable-sin-cromatos-percotop-2k-cs309\/","title":{"rendered":"PercoTop 2K Chromate-Free Wash Primer CS309"},"content":{"rendered":"<p>Proporciona una excelente adherencia y protecci\u00f3n contra la corrosi\u00f3n en sustratos met\u00e1licos, especialmente aluminio y acero inoxidable.<\/p>\n<p><a class=\"wgl-button btn-size-sm \" role=\"button\" href=\"https:\/\/dirigocoating.pl\/wp-content\/uploads\/2025\/07\/EN-CS309.pdf\">TDS<\/a><\/p>\n","protected":false},"excerpt":{"rendered":"<p>PercoTop\u00ae CS309 imprimaci\u00f3n de dos componentes (Wash Primer) es un promotor de adherencia que contiene \u00e1cido a base de resina de butiral de polivinilo.<\/p>\n","protected":false},"featured_media":10388,"template":"","meta":[],"product_brand":[],"product_cat":[201],"product_tag":[202,203],"class_list":{"0":"post-11559","1":"product","2":"type-product","3":"status-publish","4":"has-post-thumbnail","6":"product_cat-vehiculos-comerciales","7":"product_tag-cartillas","8":"product_tag-subyacente-cv","10":"first","11":"instock","12":"shipping-taxable","13":"product-type-simple"},"_links":{"self":[{"href":"https:\/\/dirigocoating.pl\/es\/wp-json\/wp\/v2\/product\/11559"}],"collection":[{"href":"https:\/\/dirigocoating.pl\/es\/wp-json\/wp\/v2\/product"}],"about":[{"href":"https:\/\/dirigocoating.pl\/es\/wp-json\/wp\/v2\/types\/product"}],"wp:featuredmedia":[{"embeddable":true,"href":"https:\/\/dirigocoating.pl\/es\/wp-json\/wp\/v2\/media\/10388"}],"wp:attachment":[{"href":"https:\/\/dirigocoating.pl\/es\/wp-json\/wp\/v2\/media?parent=11559"}],"wp:term":[{"taxonomy":"product_brand","embeddable":true,"href":"https:\/\/dirigocoating.pl\/es\/wp-json\/wp\/v2\/product_brand?post=11559"},{"taxonomy":"product_cat","embeddable":true,"href":"https:\/\/dirigocoating.pl\/es\/wp-json\/wp\/v2\/product_cat?post=11559"},{"taxonomy":"product_tag","embeddable":true,"href":"https:\/\/dirigocoating.pl\/es\/wp-json\/wp\/v2\/product_tag?post=11559"}],"curies":[{"name":"wp","href":"https:\/\/api.w.org\/{rel}","templated":true}]}}