{"id":11560,"date":"2025-06-17T08:09:01","date_gmt":"2025-06-17T08:09:01","guid":{"rendered":"https:\/\/dirigocoating.pl\/produkt\/imprimacion-percotop-1k-021-cs321\/"},"modified":"2025-08-27T09:45:12","modified_gmt":"2025-08-27T09:45:12","slug":"imprimacion-percotop-1k-021-cs321","status":"publish","type":"product","link":"https:\/\/dirigocoating.pl\/es\/producto\/imprimacion-percotop-1k-021-cs321\/","title":{"rendered":"PercoTop 1K Primer 021: CS321"},"content":{"rendered":"<p>Propiedades:<br \/>\n&#8211; PercoTop\u00ae CS321 1K Filler 021 Gris es una imprimaci\u00f3n de relleno monocomponente a base de resinas alqu\u00eddicas.<br \/>\n&#8211; Seca r\u00e1pidamente y proporciona un aspecto excelente.<\/p>\n<p><a class=\"wgl-button btn-size-sm \" role=\"button\" href=\"https:\/\/dirigocoating.pl\/wp-content\/uploads\/2025\/07\/EN-CS321.pdf\">TDS<\/a><\/p>\n","protected":false},"excerpt":{"rendered":"<p>PercoTop Primer 021 es una imprimaci\u00f3n de relleno monocomponente. La composici\u00f3n del producto se desarrolla sobre la base de una resina alqu\u00eddica especial. <\/p>\n","protected":false},"featured_media":10376,"template":"","meta":[],"product_brand":[],"product_cat":[201],"product_tag":[202,203],"class_list":{"0":"post-11560","1":"product","2":"type-product","3":"status-publish","4":"has-post-thumbnail","6":"product_cat-vehiculos-comerciales","7":"product_tag-cartillas","8":"product_tag-subyacente-cv","10":"first","11":"instock","12":"shipping-taxable","13":"product-type-simple"},"_links":{"self":[{"href":"https:\/\/dirigocoating.pl\/es\/wp-json\/wp\/v2\/product\/11560"}],"collection":[{"href":"https:\/\/dirigocoating.pl\/es\/wp-json\/wp\/v2\/product"}],"about":[{"href":"https:\/\/dirigocoating.pl\/es\/wp-json\/wp\/v2\/types\/product"}],"wp:featuredmedia":[{"embeddable":true,"href":"https:\/\/dirigocoating.pl\/es\/wp-json\/wp\/v2\/media\/10376"}],"wp:attachment":[{"href":"https:\/\/dirigocoating.pl\/es\/wp-json\/wp\/v2\/media?parent=11560"}],"wp:term":[{"taxonomy":"product_brand","embeddable":true,"href":"https:\/\/dirigocoating.pl\/es\/wp-json\/wp\/v2\/product_brand?post=11560"},{"taxonomy":"product_cat","embeddable":true,"href":"https:\/\/dirigocoating.pl\/es\/wp-json\/wp\/v2\/product_cat?post=11560"},{"taxonomy":"product_tag","embeddable":true,"href":"https:\/\/dirigocoating.pl\/es\/wp-json\/wp\/v2\/product_tag?post=11560"}],"curies":[{"name":"wp","href":"https:\/\/api.w.org\/{rel}","templated":true}]}}