{"id":11564,"date":"2025-06-17T07:25:25","date_gmt":"2025-06-17T07:25:25","guid":{"rendered":"https:\/\/dirigocoating.pl\/produkt\/imprimacion-para-soldadura-percotop-1k-cs314\/"},"modified":"2025-08-27T09:47:08","modified_gmt":"2025-08-27T09:47:08","slug":"imprimacion-para-soldadura-percotop-1k-cs314","status":"publish","type":"product","link":"https:\/\/dirigocoating.pl\/es\/producto\/imprimacion-para-soldadura-percotop-1k-cs314\/","title":{"rendered":"PercoTop 1K Welding Primer CS314"},"content":{"rendered":"<p>Imprimaci\u00f3n de soldadura monocomponente de color marr\u00f3n rojizo, sin cromatos, basada en la tecnolog\u00eda del butiral de polivinilo con buenas propiedades de relleno.<\/p>\n<p><a class=\"wgl-button btn-size-sm \" role=\"button\" href=\"https:\/\/dirigocoating.pl\/wp-content\/uploads\/2025\/07\/EN-CS314.pdf\">TDS<\/a><\/p>\n","protected":false},"excerpt":{"rendered":"<p>Ideal para componentes de construcci\u00f3n de acero que requieren protecci\u00f3n contra la corrosi\u00f3n durante el almacenamiento, antes de la construcci\u00f3n y la soldadura. Esta imprimaci\u00f3n est\u00e1 certificada para soldadura. <\/p>\n","protected":false},"featured_media":10382,"template":"","meta":[],"product_brand":[],"product_cat":[201],"product_tag":[202,203],"class_list":{"0":"post-11564","1":"product","2":"type-product","3":"status-publish","4":"has-post-thumbnail","6":"product_cat-vehiculos-comerciales","7":"product_tag-cartillas","8":"product_tag-subyacente-cv","10":"first","11":"instock","12":"shipping-taxable","13":"product-type-simple"},"_links":{"self":[{"href":"https:\/\/dirigocoating.pl\/es\/wp-json\/wp\/v2\/product\/11564"}],"collection":[{"href":"https:\/\/dirigocoating.pl\/es\/wp-json\/wp\/v2\/product"}],"about":[{"href":"https:\/\/dirigocoating.pl\/es\/wp-json\/wp\/v2\/types\/product"}],"wp:featuredmedia":[{"embeddable":true,"href":"https:\/\/dirigocoating.pl\/es\/wp-json\/wp\/v2\/media\/10382"}],"wp:attachment":[{"href":"https:\/\/dirigocoating.pl\/es\/wp-json\/wp\/v2\/media?parent=11564"}],"wp:term":[{"taxonomy":"product_brand","embeddable":true,"href":"https:\/\/dirigocoating.pl\/es\/wp-json\/wp\/v2\/product_brand?post=11564"},{"taxonomy":"product_cat","embeddable":true,"href":"https:\/\/dirigocoating.pl\/es\/wp-json\/wp\/v2\/product_cat?post=11564"},{"taxonomy":"product_tag","embeddable":true,"href":"https:\/\/dirigocoating.pl\/es\/wp-json\/wp\/v2\/product_tag?post=11564"}],"curies":[{"name":"wp","href":"https:\/\/api.w.org\/{rel}","templated":true}]}}