{"id":11578,"date":"2025-06-17T08:22:10","date_gmt":"2025-06-17T08:22:10","guid":{"rendered":"https:\/\/dirigocoating.pl\/produkt\/masilla-de-lijado-percotop-2k-hs-cs352\/"},"modified":"2025-08-27T09:40:50","modified_gmt":"2025-08-27T09:40:50","slug":"masilla-de-lijado-percotop-2k-hs-cs352","status":"publish","type":"product","link":"https:\/\/dirigocoating.pl\/es\/producto\/masilla-de-lijado-percotop-2k-hs-cs352\/","title":{"rendered":"PercoTop 2K HS Sanding Filler CS352"},"content":{"rendered":"<p>Propiedades:<\/p>\n<ul>\n<li>PercoTop\u00ae CS352 2K HS Sanding Filler es una masilla con bajo contenido en disolventes que, al lijarse, proporciona un acabado superficial muy suave.<\/li>\n<li>Formulaci\u00f3n a base de resina de poliacrilato.<\/li>\n<li>Se seca r\u00e1pidamente y puede lijarse tras un breve tiempo de curado.<\/li>\n<li>El producto puede utilizarse como masilla est\u00e1ndar o masilla gruesa, dependiendo de la cantidad de diluyente que se a\u00f1ada.<\/li>\n<\/ul>\n<p><a class=\"wgl-button btn-size-sm \" role=\"button\" href=\"https:\/\/dirigocoating.pl\/wp-content\/uploads\/2025\/07\/EN-CS352.pdf\">TDS<\/a><\/p>\n","protected":false},"excerpt":{"rendered":"<p><span>Masilla de poliuretano de dos componentes con un alto contenido en s\u00f3lidos. Esta imprimaci\u00f3n de bajo contenido en COV proporciona excelentes propiedades de relleno y resistencia a las arrugas y es muy f\u00e1cil de aplicar. Se caracteriza por su f\u00e1cil lijado y el excelente aspecto final de los acabados PercoTop\u00ae.  <\/span><\/p>\n","protected":false},"featured_media":10347,"template":"","meta":[],"product_brand":[],"product_cat":[201],"product_tag":[202,203],"class_list":{"0":"post-11578","1":"product","2":"type-product","3":"status-publish","4":"has-post-thumbnail","6":"product_cat-vehiculos-comerciales","7":"product_tag-cartillas","8":"product_tag-subyacente-cv","10":"first","11":"instock","12":"shipping-taxable","13":"product-type-simple"},"_links":{"self":[{"href":"https:\/\/dirigocoating.pl\/es\/wp-json\/wp\/v2\/product\/11578"}],"collection":[{"href":"https:\/\/dirigocoating.pl\/es\/wp-json\/wp\/v2\/product"}],"about":[{"href":"https:\/\/dirigocoating.pl\/es\/wp-json\/wp\/v2\/types\/product"}],"wp:featuredmedia":[{"embeddable":true,"href":"https:\/\/dirigocoating.pl\/es\/wp-json\/wp\/v2\/media\/10347"}],"wp:attachment":[{"href":"https:\/\/dirigocoating.pl\/es\/wp-json\/wp\/v2\/media?parent=11578"}],"wp:term":[{"taxonomy":"product_brand","embeddable":true,"href":"https:\/\/dirigocoating.pl\/es\/wp-json\/wp\/v2\/product_brand?post=11578"},{"taxonomy":"product_cat","embeddable":true,"href":"https:\/\/dirigocoating.pl\/es\/wp-json\/wp\/v2\/product_cat?post=11578"},{"taxonomy":"product_tag","embeddable":true,"href":"https:\/\/dirigocoating.pl\/es\/wp-json\/wp\/v2\/product_tag?post=11578"}],"curies":[{"name":"wp","href":"https:\/\/api.w.org\/{rel}","templated":true}]}}