{"id":11580,"date":"2025-06-17T07:10:37","date_gmt":"2025-06-17T07:10:37","guid":{"rendered":"https:\/\/dirigocoating.pl\/produkt\/percotop-2k-high-performance-wash-primer-cs304\/"},"modified":"2025-06-17T07:10:37","modified_gmt":"2025-06-17T07:10:37","slug":"percotop-2k-high-performance-wash-primer-cs304","status":"publish","type":"product","link":"https:\/\/dirigocoating.pl\/es\/producto\/percotop-2k-high-performance-wash-primer-cs304\/","title":{"rendered":"PercoTop 2K High Performance Wash Primer CS304"},"content":{"rendered":"<p>PercoTop\u00ae CS304 es una imprimaci\u00f3n bicomponente sin cromatos de alto rendimiento que contiene \u00e1cido, un promotor de adherencia a base de resina de polivinilbutiral.<br \/>\nProporciona una excelente adherencia y protecci\u00f3n anticorrosiva en sustratos met\u00e1licos, especialmente en aluminio y acero inoxidable.<\/p>\n<p><a class=\"wgl-button btn-size-sm \" role=\"button\" href=\"https:\/\/dirigocoating.pl\/wp-content\/uploads\/2025\/07\/EN-CS304-High-Performance-2K-Wash-Primer.pdf\">TDS<\/a><\/p>\n","protected":false},"excerpt":{"rendered":"<p><span>Imprimaci\u00f3n a base de resina vinilobutiral.<\/span><br \/>\n<span>Proporciona una excelente adherencia y protecci\u00f3n contra la corrosi\u00f3n en superficies met\u00e1licas, especialmente en aluminio y acero inoxidable.<\/span><\/p>\n","protected":false},"featured_media":10412,"template":"","meta":[],"product_brand":[],"product_cat":[201],"product_tag":[202,203],"class_list":{"0":"post-11580","1":"product","2":"type-product","3":"status-publish","4":"has-post-thumbnail","6":"product_cat-vehiculos-comerciales","7":"product_tag-cartillas","8":"product_tag-subyacente-cv","10":"first","11":"instock","12":"shipping-taxable","13":"product-type-simple"},"_links":{"self":[{"href":"https:\/\/dirigocoating.pl\/es\/wp-json\/wp\/v2\/product\/11580"}],"collection":[{"href":"https:\/\/dirigocoating.pl\/es\/wp-json\/wp\/v2\/product"}],"about":[{"href":"https:\/\/dirigocoating.pl\/es\/wp-json\/wp\/v2\/types\/product"}],"wp:featuredmedia":[{"embeddable":true,"href":"https:\/\/dirigocoating.pl\/es\/wp-json\/wp\/v2\/media\/10412"}],"wp:attachment":[{"href":"https:\/\/dirigocoating.pl\/es\/wp-json\/wp\/v2\/media?parent=11580"}],"wp:term":[{"taxonomy":"product_brand","embeddable":true,"href":"https:\/\/dirigocoating.pl\/es\/wp-json\/wp\/v2\/product_brand?post=11580"},{"taxonomy":"product_cat","embeddable":true,"href":"https:\/\/dirigocoating.pl\/es\/wp-json\/wp\/v2\/product_cat?post=11580"},{"taxonomy":"product_tag","embeddable":true,"href":"https:\/\/dirigocoating.pl\/es\/wp-json\/wp\/v2\/product_tag?post=11580"}],"curies":[{"name":"wp","href":"https:\/\/api.w.org\/{rel}","templated":true}]}}