{"id":12412,"date":"2025-06-05T09:10:13","date_gmt":"2025-06-05T09:10:13","guid":{"rendered":"https:\/\/dirigocoating.pl\/produkt\/dp8140-universal-primer\/"},"modified":"2026-01-08T08:06:49","modified_gmt":"2026-01-08T08:06:49","slug":"dp8140-universal-primer","status":"publish","type":"product","link":"https:\/\/dirigocoating.pl\/es\/producto\/dp8140-universal-primer\/","title":{"rendered":"DP8140 Universal Primer"},"content":{"rendered":"<ul>\n<li>Muy buena resistencia a la corrosi\u00f3n y a los productos qu\u00edmicos.<\/li>\n<li>Excelente adherencia a sustratos met\u00e1licos debidamente preparados.<\/li>\n<li>Excelente imprimaci\u00f3n que previene la \u00f3smosis del gelcoat y la formaci\u00f3n de burbujas.<\/li>\n<li>Recomendado como primera capa sobre nuevas estructuras de acero.<\/li>\n<li>Muy buenas propiedades de relleno. Adecuado para su uso sobre sustratos rugosos, por ejemplo, metales arenados. <\/li>\n<li>Alta resistencia a la humedad y muy buena elasticidad.<\/li>\n<li>Recomendado como imprimaci\u00f3n para todos los sistemas Imron\u00ae Marine.<\/li>\n<\/ul>\n<div class=\"wp-block-column\">\n<figure class=\"wp-block-table is-style-stripes\">\n<table>\n<tbody>\n<tr>\n<td><strong>VOC<\/strong><\/td>\n<td>476 to 511 g\/l<\/td>\n<\/tr>\n<tr>\n<td><strong>Number of coats<\/strong><\/td>\n<td>2 to 4<\/td>\n<\/tr>\n<tr>\n<td><strong>DFT<\/strong><\/td>\n<td>80 to 225 \u03bc<\/td>\n<\/tr>\n<\/tbody>\n<\/table>\n<\/figure>\n<\/div>\n<p><a class=\"wgl-button btn-size-sm \" role=\"button\" href=\"https:\/\/dirigocoating.pl\/wp-content\/uploads\/2026\/01\/EN-DP8140.4.pdf\">TDS<\/a><\/p>\n","protected":false},"excerpt":{"rendered":"<ul>\n<li>Imprimaci\u00f3n epoxi universal bicomponente sin cromatos Imron\u00ae Marine<\/li>\n<li>Imprimaci\u00f3n ideal para su uso por encima y por debajo de la l\u00ednea de flotaci\u00f3n en yates y embarcaciones de recreo.<\/li>\n<li>Color: gris.<\/li>\n<li>Composici\u00f3n a base de resina epoxi<\/li>\n<\/ul>\n","protected":false},"featured_media":10064,"template":"","meta":[],"product_brand":[],"product_cat":[368],"product_tag":[202],"class_list":{"0":"post-12412","1":"product","2":"type-product","3":"status-publish","4":"has-post-thumbnail","6":"product_cat-marino","7":"product_tag-cartillas","9":"first","10":"instock","11":"shipping-taxable","12":"product-type-simple"},"_links":{"self":[{"href":"https:\/\/dirigocoating.pl\/es\/wp-json\/wp\/v2\/product\/12412"}],"collection":[{"href":"https:\/\/dirigocoating.pl\/es\/wp-json\/wp\/v2\/product"}],"about":[{"href":"https:\/\/dirigocoating.pl\/es\/wp-json\/wp\/v2\/types\/product"}],"wp:featuredmedia":[{"embeddable":true,"href":"https:\/\/dirigocoating.pl\/es\/wp-json\/wp\/v2\/media\/10064"}],"wp:attachment":[{"href":"https:\/\/dirigocoating.pl\/es\/wp-json\/wp\/v2\/media?parent=12412"}],"wp:term":[{"taxonomy":"product_brand","embeddable":true,"href":"https:\/\/dirigocoating.pl\/es\/wp-json\/wp\/v2\/product_brand?post=12412"},{"taxonomy":"product_cat","embeddable":true,"href":"https:\/\/dirigocoating.pl\/es\/wp-json\/wp\/v2\/product_cat?post=12412"},{"taxonomy":"product_tag","embeddable":true,"href":"https:\/\/dirigocoating.pl\/es\/wp-json\/wp\/v2\/product_tag?post=12412"}],"curies":[{"name":"wp","href":"https:\/\/api.w.org\/{rel}","templated":true}]}}